{"id":22804,"date":"2021-07-19T15:55:12","date_gmt":"2021-07-19T18:55:12","guid":{"rendered":"http:\/\/tanisesabino.com.br\/vereadora\/?page_id=22804"},"modified":"2021-07-23T15:55:41","modified_gmt":"2021-07-23T18:55:41","slug":"fale-conosco","status":"publish","type":"page","link":"https:\/\/tanisesabino.com.br\/vereadora\/fale-conosco\/","title":{"rendered":"Fale Conosco"},"content":{"rendered":"<div  class=\"vc_row vc-row-wrapper full_width_content\"  data-parallax_sense=\"30\"><div class=\"wpb_row row\" >\n\t<div class=\"twelve dfd_col-mobile-12 columns vc-column-extra-class-69e65781d5f0c\"  data-parallax_sense=\"30\">\n\t\t<div class=\"wpb_wrapper\">\n\t\t\t<div id=\"dfd-single-image-69e65781d62e8-9573\" class=\"dfd-single-image-module  image-center dfd-image-shadow dfd-img-lazy-load\" ><img loading=\"lazy\" decoding=\"async\" src=\"data:image\/svg+xml;charset=utf-8,%3Csvg xmlns%3D'http%3A%2F%2Fwww.w3.org%2F2000%2Fsvg' viewBox%3D'0 0 2350 783'%2F%3E\" data-src=\"https:\/\/tanisesabino.com.br\/vereadora\/wp-content\/uploads\/2021\/07\/tanse-sab.jpg\" width=\"2350\" height=\"783\"  alt=\"Image module\"  \/><script type=\"text\/javascript\">(function($) {$(\"head\").append(\"<style>#dfd-single-image-69e65781d62e8-9573.dfd-image-shadow img {-webkit-box-shadow: 0px 15px 50px 0px rgba(15,2,2,0.37);-moz-box-shadow: 0px 15px 50px 0px rgba(15,2,2,0.37);-o-box-shadow: 0px 15px 50px 0px rgba(15,2,2,0.37);box-shadow: 0px 15px 50px 0px rgba(15,2,2,0.37);}#dfd-single-image-69e65781d62e8-9573.dfd-image-shadow:hover img {-webkit-box-shadow: 0px 15px 50px 0px rgba(0,0,0,0.35);-moz-box-shadow: 0px 15px 50px 0px rgba(0,0,0,0.35);-o-box-shadow: 0px 15px 50px 0px rgba(0,0,0,0.35);box-shadow: 0px 15px 50px 0px rgba(0,0,0,0.35);}<\/style>\");})(jQuery);<\/script><\/div>\n\t\t<\/div> <script type=\"text\/javascript\">(function($) {$(\"head\").append(\"<style>.columns.vc-column-extra-class-69e65781d5f0c {background-position: center center !important;}<\/style>\");})(jQuery);<\/script>\n\t<\/div> \n<\/div><\/div><div  class=\"vc_row vc-row-wrapper \"  data-parallax_sense=\"30\"><div class=\"wpb_row row\" >\n\t<div class=\"twelve columns vc-column-extra-class-69e65781d7028\"  data-parallax_sense=\"30\">\n\t\t<div class=\"wpb_wrapper\">\n\t\t\t<div class=\"dfd-spacer-module\"  data-units=\"px\" data-wide_size=\"60\" data-normal_resolution=\"1280\" data-normal_size=\"100\" data-tablet_resolution=\"1024\" data-tablet_size=\"80\" data-mobile_resolution=\"800\" data-mobile_size=\"70\" style=\"height: 60px;\"><\/div><div class=\"dfd-heading-shortcode\"><div class=\"dfd-heading-module-wrap  text-center style_02 cr-animate-gen \" id=\"dfd-heading-69e65781d76cc\" data-animate-type = \"transition.expandIn\" ><div class=\"inline-block\"><div class=\"dfd-heading-module\"><h2 class=\"dfd-title \" style=\"font-size: 37px; line-height: 44px; letter-spacing: -1.5px; \">Fale Conosco<\/h2><\/div><\/div><\/div><script type=\"text\/javascript\">(function($) {$(\"head\").append(\"<style>#dfd-heading-69e65781d76cc .dfd-heading-delimiter {margin-top: 10px;margin-bottom: 10px;}@media (max-width: 1023px) and (min-width: 800px){#dfd-heading-69e65781d76cc .dfd-title{font-size: 32px !important;line-height: 38px !important;}}@media (max-width: 799px){#dfd-heading-69e65781d76cc .dfd-title{font-size: 22px !important;line-height: 30px !important;}}@media (max-width: 799px){#dfd-heading-69e65781d76cc .dfd-sub-title{font-size: 10px !important;}}<\/style>\");})(jQuery);<\/script><\/div><div class=\"dfd-spacer-module\"  data-units=\"px\" data-wide_size=\"10\" data-normal_resolution=\"1024\" data-normal_size=\"10\" data-tablet_resolution=\"800\" data-tablet_size=\"10\" data-mobile_resolution=\"480\" data-mobile_size=\"10\" style=\"height: 10px;\"><\/div><div class=\"dfd-heading-shortcode\"><div class=\"dfd-heading-module-wrap  text-center style_01 cr-animate-gen \" id=\"dfd-heading-69e65781d7d46\" data-animate-type = \"transition.expandIn\" ><div class=\"inline-block\"><div class=\"dfd-heading-module\"><h5 class=\"dfd-title \" style=\"font-family:Open Sans; font-weight:400; font-style:italic; font-size: 16px; letter-spacing: 0px; \">Tem uma pergunta, d\u00favida ou sugest\u00e3o? Adorar\u00edamos ouvir sua opini\u00e3o. Por favor, use o formul\u00e1rio nesta p\u00e1gina, ou o WhatsApp, e iremos responder a voc\u00ea o mais r\u00e1pido poss\u00edvel.<\/h5><\/div><\/div><\/div><script type=\"text\/javascript\">(function($) {$(\"head\").append(\"<style>#dfd-heading-69e65781d7d46 .dfd-heading-delimiter {margin-top: 10px;margin-bottom: 10px;}<\/style>\");})(jQuery);<\/script><\/div>\n\t\t<\/div> <script type=\"text\/javascript\">(function($) {$(\"head\").append(\"<style>@media (max-width: 1280px) and (min-width: 1024px){.columns.vc-column-extra-class-69e65781d7028{padding-left: 20px !important;padding-right: 20px !important;}}@media (max-width: 1023px) and (min-width: 800px){.columns.vc-column-extra-class-69e65781d7028{padding-left: 20px !important;padding-right: 20px !important;}}@media (max-width: 799px){.columns.vc-column-extra-class-69e65781d7028{padding-left: 20px !important;padding-right: 20px !important;}}<\/style>\");})(jQuery);<\/script>\n\t<\/div> \n<\/div><\/div><div  class=\"vc_row vc-row-wrapper \"  data-parallax_sense=\"30\"><div class=\"dfd-row-bg-wrapper-cover\"><div class=\"dfd-row-bg-wrap dfd-row-bg-image dfd_simple_image\" id=\"dfd-image-bg-69e65781d8832\"  data-mobile_enable=\"1\"><\/div><\/div><div class=\"wpb_row row\" >\n\t<div class=\"twelve columns vc-column-extra-class-69e65781d8c93\"  data-parallax_sense=\"30\">\n\t\t<div class=\"wpb_wrapper\">\n\t\t\t<div class=\"dfd-spacer-module\"  data-units=\"px\" data-wide_size=\"75\" data-normal_resolution=\"1280\" data-normal_size=\"\" data-tablet_resolution=\"1024\" data-tablet_size=\"\" data-mobile_resolution=\"800\" data-mobile_size=\"65\" style=\"height: 75px;\"><\/div><div class=\"vc-row-wrapper vc_inner vc_row-fluid\"><div class=\"row wpb_row\"><div class=\"vc-column-hover-69e65781d9929 columns six\"><div class=\"wpb_wrapper\">\n\t<div class=\"wpb_text_column wpb_content_element \" >\n\t\t<div class=\"wpb_wrapper\">\n\t\t\t<div class=\"nta_wa_button\" data-id=\"21279\" data-info=\"{&quot;name&quot;:&quot;Tanise Sabino&quot;,&quot;info&quot;:{&quot;number&quot;:&quot;+5551999342144&quot;,&quot;title&quot;:&quot;&quot;,&quot;predefinedText&quot;:&quot;&quot;,&quot;willBeBackText&quot;:&quot;I will be back in [njwa_time_work]&quot;,&quot;dayOffsText&quot;:&quot;I will be back soon&quot;,&quot;isAlwaysAvailable&quot;:&quot;ON&quot;,&quot;daysOfWeekWorking&quot;:{&quot;sunday&quot;:{&quot;isWorkingOnDay&quot;:&quot;OFF&quot;,&quot;workHours&quot;:[{&quot;startTime&quot;:&quot;08:00&quot;,&quot;endTime&quot;:&quot;17:30&quot;}]},&quot;monday&quot;:{&quot;isWorkingOnDay&quot;:&quot;OFF&quot;,&quot;workHours&quot;:[{&quot;startTime&quot;:&quot;08:00&quot;,&quot;endTime&quot;:&quot;17:30&quot;}]},&quot;tuesday&quot;:{&quot;isWorkingOnDay&quot;:&quot;OFF&quot;,&quot;workHours&quot;:[{&quot;startTime&quot;:&quot;08:00&quot;,&quot;endTime&quot;:&quot;17:30&quot;}]},&quot;wednesday&quot;:{&quot;isWorkingOnDay&quot;:&quot;OFF&quot;,&quot;workHours&quot;:[{&quot;startTime&quot;:&quot;08:00&quot;,&quot;endTime&quot;:&quot;17:30&quot;}]},&quot;thursday&quot;:{&quot;isWorkingOnDay&quot;:&quot;OFF&quot;,&quot;workHours&quot;:[{&quot;startTime&quot;:&quot;08:00&quot;,&quot;endTime&quot;:&quot;17:30&quot;}]},&quot;friday&quot;:{&quot;isWorkingOnDay&quot;:&quot;OFF&quot;,&quot;workHours&quot;:[{&quot;startTime&quot;:&quot;08:00&quot;,&quot;endTime&quot;:&quot;17:30&quot;}]},&quot;saturday&quot;:{&quot;isWorkingOnDay&quot;:&quot;OFF&quot;,&quot;workHours&quot;:[{&quot;startTime&quot;:&quot;08:00&quot;,&quot;endTime&quot;:&quot;17:30&quot;}]}}},&quot;styles&quot;:{&quot;type&quot;:&quot;round&quot;,&quot;backgroundColor&quot;:&quot;#2DB742&quot;,&quot;textColor&quot;:&quot;#fff&quot;,&quot;label&quot;:&quot;Fale com a Vereadora!&quot;,&quot;width&quot;:300,&quot;height&quot;:64},&quot;avatar&quot;:&quot;https:\\\/\\\/tanisesabino.com.br\\\/vereadora\\\/wp-content\\\/uploads\\\/2021\\\/06\\\/463332aa-048f-4b74-bdbe-9aa2ef60f602.jpg&quot;,&quot;options&quot;:{&quot;display&quot;:{&quot;displayCondition&quot;:&quot;excludePages&quot;,&quot;includePages&quot;:[],&quot;excludePages&quot;:[],&quot;showOnDesktop&quot;:&quot;ON&quot;,&quot;showOnMobile&quot;:&quot;ON&quot;,&quot;time_symbols&quot;:&quot;h:m&quot;},&quot;styles&quot;:{&quot;title&quot;:&quot;Seja bem-vindo!&quot;,&quot;responseText&quot;:&quot;&quot;,&quot;description&quot;:&quot;Canal do WhatsApp da &lt;strong&gt;Vereadora Psic\\u00f3loga Tanise Sabino&lt;\\\/strong&gt;&quot;,&quot;backgroundColor&quot;:&quot;#2db742&quot;,&quot;textColor&quot;:&quot;#fff&quot;,&quot;scrollHeight&quot;:&quot;500&quot;,&quot;isShowScroll&quot;:&quot;OFF&quot;,&quot;isShowResponseText&quot;:&quot;OFF&quot;,&quot;btnLabel&quot;:&quot;Canal oficial do&lt;strong&gt; WhatsApp!&lt;\\\/strong&gt;&quot;,&quot;btnLabelWidth&quot;:&quot;156&quot;,&quot;btnPosition&quot;:&quot;right&quot;,&quot;btnLeftDistance&quot;:&quot;30&quot;,&quot;btnRightDistance&quot;:&quot;30&quot;,&quot;btnBottomDistance&quot;:&quot;30&quot;,&quot;isShowBtnLabel&quot;:&quot;OFF&quot;,&quot;isShowGDPR&quot;:&quot;OFF&quot;,&quot;gdprContent&quot;:&quot;Please accept our &lt;a href=\\&quot;https:\\\/\\\/ninjateam.org\\\/privacy-policy\\\/\\&quot;&gt;privacy policy&lt;\\\/a&gt; first to start a conversation.&quot;},&quot;analytics&quot;:{&quot;enabledGoogle&quot;:&quot;OFF&quot;,&quot;enabledFacebook&quot;:&quot;OFF&quot;}},&quot;gdprStatus&quot;:false,&quot;defaultAvatar&quot;:&quot;https:\\\/\\\/tanisesabino.com.br\\\/vereadora\\\/wp-content\\\/plugins\\\/whatsapp-for-wordpress\\\/assets\\\/img\\\/whatsapp_logo.svg&quot;}\"><\/div>\n\n\t\t<\/div> \n\t<\/div> <div class=\"dfd-spacer-module\"  data-units=\"px\" data-wide_size=\"25\" data-normal_resolution=\"1280\" data-normal_size=\"\" data-tablet_resolution=\"1024\" data-tablet_size=\"\" data-mobile_resolution=\"800\" data-mobile_size=\"\" style=\"height: 25px;\"><\/div><div class=\"dfd-heading-shortcode\"><div class=\"dfd-heading-module-wrap  text-center style_01 cr-animate-gen \" id=\"dfd-heading-69e65781dc363\" data-animate-type = \"transition.slideRightBigIn\" ><div class=\"inline-block\"><div class=\"dfd-heading-module\"><h3 class=\"dfd-title \" style=\"font-size: 14px; color: #2c2b2a !important; line-height: 28px; \"><span style=\"color: #ffffff;\">Nosso n\u00famero<\/span><\/h3><\/div><\/div><\/div><script type=\"text\/javascript\">(function($) {$(\"head\").append(\"<style>#dfd-heading-69e65781dc363 .dfd-heading-delimiter {margin-top: 10px;margin-bottom: 10px;}<\/style>\");})(jQuery);<\/script><\/div><div class=\"dfd-heading-shortcode\"><div class=\"dfd-heading-module-wrap  text-center style_01 cr-animate-gen \" id=\"dfd-heading-69e65781dc883\" data-animate-type = \"transition.slideRightBigIn\" ><div class=\"inline-block\"><div class=\"dfd-heading-module\"><h3 class=\"dfd-title \" style=\"\">(51) 3220-4236<\/h3><div class=\"dfd-heading-delimiter\"><\/div><\/div><\/div><\/div><script type=\"text\/javascript\">(function($) {$(\"head\").append(\"<style>#dfd-heading-69e65781dc883 .dfd-heading-module {}#dfd-heading-69e65781dc883 .dfd-heading-delimiter {border-bottom-style: dotted;width: 409px;border-bottom-width: 1px;border-bottom-color: #aeaeae;}#dfd-heading-69e65781dc883 .dfd-heading-delimiter {margin-top: 20px;}@media (max-width: 1023px) and (min-width: 800px){#dfd-heading-69e65781dc883 .dfd-title{font-size: 28px !important;line-height: 30px !important;}}@media (max-width: 799px){#dfd-heading-69e65781dc883 .dfd-title{font-size: 24px !important;line-height: 26px !important;}}<\/style>\");})(jQuery);<\/script><\/div><div class=\"dfd-spacer-module\"  data-units=\"px\" data-wide_size=\"20\" data-normal_resolution=\"1280\" data-normal_size=\"\" data-tablet_resolution=\"1024\" data-tablet_size=\"\" data-mobile_resolution=\"800\" data-mobile_size=\"\" style=\"height: 20px;\"><\/div>\n\t<div class=\"wpb_text_column wpb_content_element  cr-animate-gen\" data-animate-type = \"transition.slideRightBigIn\" >\n\t\t<div class=\"wpb_wrapper\">\n\t\t\t<p style=\"text-align: center;\">C\u00e2mara de Vereadores &#8211; Av. Loureiro da Silva, 255 &#8211; Sala 239 &#8211; Porto Alegre\/RS<br \/>\n<span style=\"text-decoration: underline; color: #3498db;\"><a style=\"color: #3498db; text-decoration: underline;\" href=\"mailto:contato@tanisesabino.com.br\">contato@t<\/a>anisesabino.com.br<\/span><\/p>\n\n\t\t<\/div> \n\t<\/div> <\/div><\/div><div class=\"vc-column-hover-69e65781dd302 columns six\"><div class=\"wpb_wrapper\"><div class=\"dfd-spacer-module\"  data-units=\"px\" data-wide_size=\"\" data-normal_resolution=\"1280\" data-normal_size=\"\" data-tablet_resolution=\"1024\" data-tablet_size=\"60\" data-mobile_resolution=\"800\" data-mobile_size=\"60\" style=\"height: px;\"><\/div><div class=\"dfd-heading-shortcode\"><div class=\"dfd-heading-module-wrap  text-center style_01 cr-animate-gen \" id=\"dfd-heading-69e65781dd98f\" data-animate-type = \"transition.slideLeftBigIn\" ><div class=\"inline-block\"><div class=\"dfd-heading-module\"><h4 class=\"dfd-title \" style=\"\">Preencha o formul\u00e1rio<\/h4><\/div><\/div><\/div><script type=\"text\/javascript\">(function($) {$(\"head\").append(\"<style>#dfd-heading-69e65781dd98f .dfd-heading-delimiter {margin-top: 10px;margin-bottom: 10px;}@media (max-width: 799px){#dfd-heading-69e65781dd98f .dfd-title{font-size: 26px !important;}}<\/style>\");})(jQuery);<\/script><\/div><script type=\"text\/javascript\">\r\n\t(function($){\r\n\t\ttry {\r\n\t\t\tglobal_dfd.init($)\r\n\t\t\tdfdreCaptcha.el = [\r\n\t\t\t];\r\n\t\t\tdfdreCaptcha.widgets = [\r\n\t\t\t];\r\n\t\t\tdfdreCaptcha.show();\r\n\r\n\t\t\t$('form.wpcf7-form select').dropkick();\r\n\t\t} catch(e) {\r\n\t\t}\r\n\t\t$('head').append('<style type=\"text\/css\">#cf_69e65781deb99 .dfd-contact-form-style-1 textarea{border:transparent;padding-left: 0px;}#cf_69e65781deb99 .dfd-contact-form-style-compact p.last{margin-bottom: 0px;border-bottom-color: transparent;border-bottom-width: 0;} #cf_69e65781deb99 .dfd-half-size{width:50%;}#cf_69e65781deb99 .padding-left{padding-right: 10px;}#cf_69e65781deb99 .padding-right{padding-left: 10px;}#cf_69e65781deb99 .padding-center{padding:0 10px;} #cf_69e65781deb99 .dfd-contact-form-style-1 .right-border{border-style: solid;border-color: #e7e7e7 !important;z-index: 34;}#cf_69e65781deb99 .dfd-contact-form-style-1 .top-border{border-style: solid;border-color: #e7e7e7 !important;z-index: 34;}#cf_69e65781deb99 .dfd-contact-form-style-1 .left-border{border-style: solid;border-color: #e7e7e7 !important;z-index: 34;}#cf_69e65781deb99 span.wpcf7-form-control-wrap span:not(&quot;.req_text&quot;){color:#808080 !important;min-height:47px;height:47px;display: table;vertical-align: middle;width: 100%;}#cf_69e65781deb99 .dfd-contact-form-style-compact .margin-left-1 .checkboxgroup{}#cf_69e65781deb99 .dfd-contact-form-style-1 .border-bottom{border: none;}#cf_69e65781deb99 .dfd-contact-form-style-1 .wpcf7-form-control-wrap{border-bottom-color: #e7e7e7;border-style : solid;}#cf_69e65781deb99.preset3 .dfd-contact-form-style-1 .wpcf7-form-control-wrap{border-bottom-width : 1px;}#cf_69e65781deb99.preset3 .dfd-contact-form-style-1 .right-border{border-right-width : 1px;}#cf_69e65781deb99.preset3 .dfd-contact-form-style-1 .top-border{border-top-width : 1px;}#cf_69e65781deb99.preset3 .dfd-contact-form-style-1 .left-border{border-left-width : 1px;}#cf_69e65781deb99 .box{;}#cf_69e65781deb99.dfd_contact_form.preset3.hover_style_input2_underline_hover span.wpcf7-form-control-wrap:before{border-bottom-width : 1px;}#cf_69e65781deb99.dfd_contact_form.preset3.hover_style_input2_underline_hover span.wpcf7-form-control-wrap:before{bottom : -1px;}#cf_69e65781deb99 p:not(.form_button) input, #cf_69e65781deb99 p:not(.form_button) textarea{}#cf_69e65781deb99 .dfd-contact-form-style-compact .checkboxgroup{padding-left: 15px;}#cf_69e65781deb99 .checkboxgroup{display: table-cell;&lt;!--vertical-align: middle;--&gt;height: 42px;position: relative;}#cf_69e65781deb99 .checkbox input[type=\\'checkbox\\']{min-height: 42px;width: inherit;}#cf_69e65781deb99 .checkbox input[type=\\'checkbox\\']:before{}#cf_69e65781deb99 .checkbox input[type=\\'radio\\']{margin-right: 15px;min-height: 37px;width:inherit;}#cf_69e65781deb99 .checkbox input{border-color:transparent;background: none !important;}#cf_69e65781deb99 .checkbox{display: inline-table;vertical-align: middle;padding-right: 12px;} .checkbox input{top:0px;}#cf_69e65781deb99 .checkbox .c_value{display: table-cell;height:42px;vertical-align: middle;}#cf_69e65781deb99 .checkbox .c_value label{height:42px;display: table-cell;vertical-align: middle;font-weight: inherit;}#cf_69e65781deb99 .border-bottom{border-bottom: none !important;border-bottom-style: solid;border-bottom-color: #e7e7e7 !important;}#cf_69e65781deb99 .border-right{border-right: none !important;border-right-style: solid;border-right-color: #e7e7e7 !important;}#cf_69e65781deb99 .border-left{ border-left-style: solid;border-left-color: #e7e7e7 !important;}#cf_69e65781deb99 .border-top{border-top-style: solid;border-top-color: #e7e7e7 !important;}#cf_69e65781deb99 p:not(.form_button) input, #cf_69e65781deb99 p:not(.form_button) textarea{ border-style:solid !important;border-width: 1px;background-color: #ffffff !important;color:#808080 !important;border-color: #e7e7e7;margin-bottom: 0px;z-index:0;position :relative;}#cf_69e65781deb99 .checkbox span{font-weight: 400;}#cf_69e65781deb99 ::-webkit-input-placeholder {color: #808080;}#cf_69e65781deb99 :-moz-placeholder {color: #808080;}#cf_69e65781deb99 input[type=&quot;checkbox&quot;]{float: none;top: inherit;}#cf_69e65781deb99 .radio_el{text-align: center;width: 100%;display: block;}#cf_69e65781deb99 .radio_el label{margin-right: 8px;}#cf_69e65781deb99iframe{margin: 0 auto;display: block;}#cf_69e65781deb99.captcha div{width: 100% !important;}#cf_69e65781deb99 p span.reloadCap:hover{color: rgb(39, 40, 42);cursor: pointer;}#cf_69e65781deb99 .form_button{margin-bottom: 0px;}.checkbox input{float: left;}#cf_69e65781deb99 .wpcf7-submit{margin:0 auto;text-align: center;background-color: #3498db !important;color: #ffffff !important;}#cf_69e65781deb99 .cssload-spin-box2:after{ background: #3498db !important;}#cf_69e65781deb99 .wpcf7-submit:hover+.cssload-spin-box2:after{ background: #307ecc !important;}#cf_69e65781deb99 input:hover.wpcf7-submit{background-color: #307ecc !important;color: #ffffff !important;}#cf_69e65781deb99 .dk-selected{ border-style:solid !important;color : #808080;border-width: 1px;border-color: #e7e7e7;position: relative;background-color: #ffffff !important;}#cf_69e65781deb99 .dk_container{ border-style:solid !important;position: relative;z-index: 1;background-color: #ffffff !important;margin-bottom: 0px;vertical-align: middle;display: table-cell !important;margin-top: 0px;width: 100%;}#cf_69e65781deb99 .dk_container a,#cf_69e65781deb99 .dk-select a{}#cf_69e65781deb99 .dk_container .dk_toggle{height: 47px;line-height: 21px;color:#808080 !important;}#cf_69e65781deb99 .dk_open .dk_options,#cf_69e65781deb99 .dk-select-open-down .dk-select-options,#cf_69e65781deb99 .dk-select-open-up .dk-select-options{}#cf_69e65781deb99 img.ajax-loader{float: right;top: 19px;right: 5px;position: absolute;z-index: 59;border: none !important;} #cf_69e65781deb99 .wpcf7-response-output{margin: 0;}#cf_69e65781deb99 .recaptcha{margin-top: 6px;}<\/style>');\r\n\t})(jQuery);\r\n<\/script>\r\n\r\n\t\t<div class=\"wpb_wrapper cr-animate-gen \" data-animate-type = \"transition.slideLeftBigIn\" >\r\n\t\t\t<div class=\"wpcf7\">\r\n\t\t\t\t<div class=\"\">\r\n\t\t\t\t\t<form action=\"\" method=\"post\" id=\"cf_69e65781deb99\" class=\"wpcf7-form dfd_contact_form preset1  hover_style_input_shadow_appear hover_style_input2_simple  cf_69e65781deb99\" >\r\n\t\t\t\t\t\t<div class=\"container\">\r\n\t\t\t\t\t\t\t\t\t\t\t\t\t\t<div class=\"\">\r\n\t\t\t\t\t\t\t\t\r\n<input type='hidden' name='template' value='forms_00'><input type='hidden' name='formid' value='69e65781deb99'><input type=\"hidden\" id=\"dfd_nonce_69e65781deb99\" name=\"dfd_nonce_69e65781deb99\" value=\"86afcd1cd3\" \/><input type=\"hidden\" name=\"_wp_http_referer\" value=\"\/vereadora\/wp-json\/wp\/v2\/pages\/22804\" \/>\r\n<div class=\"box\">\r\n    <p class=\"dfd-half-size border-right border-bottom padding-left\">\r\n        <span class=\"wpcf7-form-control-wrap \">\r\n            <span class=\"label_text\"><label>NOME<\/label><span class='req_text'>*<\/span><\/span><input type=\"text\" name=\"text_name-1\" value=\"\" >\r\n        <\/span> \r\n    <\/p>\r\n    <p class=\"dfd-half-size margin-left-1 border-bottom padding-right\">\r\n        <span class=\"wpcf7-form-control-wrap \">\r\n            <span class=\"label_text\"><label>FONE<\/label><\/span><input type=\"text\" name=\"telephone-2\" value=\"\" >\r\n        <\/span>\r\n    <\/p>\r\n    <div class=\"clear\"><\/div>\r\n    <p class=\"dfd-half-size border-right  border-bottom padding-left\">\r\n        <span class=\"wpcf7-form-control-wrap \">\r\n            <span class=\"label_text\"><label>EMAIL<\/label><\/span><input type=\"text\" name=\"email-3\" value=\"\" >\r\n        <\/span>\r\n    <\/p>\r\n    <p class=\"dfd-half-size border-bottom margin-left-1 padding-right\">\r\n        <span class=\"wpcf7-form-control-wrap\">\r\n            <span class=\"select_elem label_text\"><label>SELECIONE SUA OP\u00c7\u00c3O<\/label><\/span><select  name=\"drop_down-4-69e65781dec46\"><option value=\"Sugest\u00e3o\">Sugest\u00e3o<\/option><option value=\"D\u00favida\">D\u00favida<\/option><option value=\"Pedido\">Pedido<\/option><option value=\"Entrevista\">Entrevista<\/option><option value=\"Palestra\">Palestra<\/option><\/select>\r\n        <\/span>\r\n    <\/p>\r\n    <div class=\"clear\"><\/div>\r\n\r\n    <p class=\"border-bottom last\">\r\n        <span class=\"wpcf7-form-control-wrap\">\r\n            <span class=\"label_text\"><label>ESCREVA SUA MENSAGEM<\/label><\/span><textarea  rows=\"6\"  name=\"textarea_name-5\" ><\/textarea>\r\n        <\/span>\r\n    <\/p>   \r\n    <div class=\"clear\"><\/div>\r\n\r\n\r\n<\/div>\r\n\r\n\r\n\r\n\r\n\t\t<p class=\" form_button\" style=\"margin:0 auto; float: inherit;\">\r\n\t\t\t<input type=\"submit\" value=\"ENVIAR MENSAGEM\" class=\"wpcf7-submit\">\r\n\t\t<\/p>\r\n\t\t<div class=\"clear\"><\/div>\r\n\t\t\t\t\t\t\t\t\t<\/div>\r\n\t\t\t\t\t\t<\/div>\r\n\t\t\t\t\t\t\t\t\t\t\t\t\t\t\t\t<div class=\"wpcf7-response-output wpcf7-display-none wpcf7-validation-errors\"><span><\/span><i class=\"dfd-socicon-cross-24\"><\/i><\/div>\r\n\t\t\t\t\t<\/form>\r\n\t\t\t\t<\/div>\r\n\t\t\t<\/div>\r\n\t\t<\/div>\r\n\t\t\r\n<\/div><\/div><\/div><\/div><div class=\"dfd-spacer-module\"  data-units=\"px\" data-wide_size=\"75\" data-normal_resolution=\"1280\" data-normal_size=\"\" data-tablet_resolution=\"1024\" data-tablet_size=\"\" data-mobile_resolution=\"800\" data-mobile_size=\"65\" style=\"height: 75px;\"><\/div>\n\t\t<\/div> \n\t<\/div> \n<\/div><script type=\"text\/javascript\">(function($) {$(\"head\").append(\"<style>#dfd-image-bg-69e65781d8832 {background-repeat: repeat;background-size: cover;background-attachment: scroll;}<\/style>\");})(jQuery);<\/script><\/div><!-- Row Backgrounds --><\/p>\n","protected":false},"excerpt":{"rendered":"Fale ConoscoTem uma pergunta, d\u00favida ou sugest\u00e3o? Adorar\u00edamos ouvir sua opini\u00e3o. Por favor, use o formul\u00e1rio nesta p\u00e1gina, ou o WhatsApp, e iremos responder a voc\u00ea o mais r\u00e1pido poss\u00edvel.","protected":false},"author":1,"featured_media":0,"parent":0,"menu_order":0,"comment_status":"closed","ping_status":"closed","template":"tmp-page.php","meta":{"footnotes":""},"class_list":["post-22804","page","type-page","status-publish","hentry"],"_links":{"self":[{"href":"https:\/\/tanisesabino.com.br\/vereadora\/wp-json\/wp\/v2\/pages\/22804","targetHints":{"allow":["GET"]}}],"collection":[{"href":"https:\/\/tanisesabino.com.br\/vereadora\/wp-json\/wp\/v2\/pages"}],"about":[{"href":"https:\/\/tanisesabino.com.br\/vereadora\/wp-json\/wp\/v2\/types\/page"}],"author":[{"embeddable":true,"href":"https:\/\/tanisesabino.com.br\/vereadora\/wp-json\/wp\/v2\/users\/1"}],"replies":[{"embeddable":true,"href":"https:\/\/tanisesabino.com.br\/vereadora\/wp-json\/wp\/v2\/comments?post=22804"}],"version-history":[{"count":17,"href":"https:\/\/tanisesabino.com.br\/vereadora\/wp-json\/wp\/v2\/pages\/22804\/revisions"}],"predecessor-version":[{"id":22849,"href":"https:\/\/tanisesabino.com.br\/vereadora\/wp-json\/wp\/v2\/pages\/22804\/revisions\/22849"}],"wp:attachment":[{"href":"https:\/\/tanisesabino.com.br\/vereadora\/wp-json\/wp\/v2\/media?parent=22804"}],"curies":[{"name":"wp","href":"https:\/\/api.w.org\/{rel}","templated":true}]}}