{"id":23330,"date":"2022-01-25T19:56:40","date_gmt":"2022-01-25T22:56:40","guid":{"rendered":"https:\/\/tanisesabino.com.br\/vereadora\/?page_id=23330"},"modified":"2022-01-31T10:51:17","modified_gmt":"2022-01-31T13:51:17","slug":"acerte-na-entrevista-e-no-curriculo","status":"publish","type":"page","link":"https:\/\/tanisesabino.com.br\/vereadora\/projetos-sociais\/acerte-na-entrevista-e-no-curriculo\/","title":{"rendered":"Acerte na Entrevista e no Curr\u00edculo"},"content":{"rendered":"<div  class=\"vc_row vc-row-wrapper full_width_content\"  data-parallax_sense=\"30\"><div class=\"wpb_row row\" >\n\t<div class=\"twelve dfd_col-mobile-12 columns vc-column-extra-class-69e65771cf4a2\"  data-parallax_sense=\"30\">\n\t\t<div class=\"wpb_wrapper\">\n\t\t\t<div id=\"dfd-single-image-69e65771cfcc6-5928\" class=\"dfd-single-image-module  image-center dfd-image-shadow dfd-img-lazy-load\" ><img loading=\"lazy\" decoding=\"async\" src=\"data:image\/svg+xml;charset=utf-8,%3Csvg xmlns%3D'http%3A%2F%2Fwww.w3.org%2F2000%2Fsvg' viewBox%3D'0 0 2350 783'%2F%3E\" data-src=\"https:\/\/tanisesabino.com.br\/vereadora\/wp-content\/uploads\/2021\/07\/tanse-sab.jpg\" width=\"2350\" height=\"783\"  alt=\"Image module\"  \/><script type=\"text\/javascript\">(function($) {$(\"head\").append(\"<style>#dfd-single-image-69e65771cfcc6-5928.dfd-image-shadow img {-webkit-box-shadow: 0px 15px 50px 0px rgba(15,2,2,0.37);-moz-box-shadow: 0px 15px 50px 0px rgba(15,2,2,0.37);-o-box-shadow: 0px 15px 50px 0px rgba(15,2,2,0.37);box-shadow: 0px 15px 50px 0px rgba(15,2,2,0.37);}#dfd-single-image-69e65771cfcc6-5928.dfd-image-shadow:hover img {-webkit-box-shadow: 0px 15px 50px 0px rgba(0,0,0,0.35);-moz-box-shadow: 0px 15px 50px 0px rgba(0,0,0,0.35);-o-box-shadow: 0px 15px 50px 0px rgba(0,0,0,0.35);box-shadow: 0px 15px 50px 0px rgba(0,0,0,0.35);}<\/style>\");})(jQuery);<\/script><\/div>\n\t\t<\/div> <script type=\"text\/javascript\">(function($) {$(\"head\").append(\"<style>.columns.vc-column-extra-class-69e65771cf4a2 {background-position: center center !important;}<\/style>\");})(jQuery);<\/script>\n\t<\/div> \n<\/div><\/div><div  class=\"vc_row vc-row-wrapper \"  data-parallax_sense=\"30\"><div class=\"wpb_row row\" >\n\t<div class=\"twelve columns vc-column-extra-class-69e65771d0f03\"  data-parallax_sense=\"30\">\n\t\t<div class=\"wpb_wrapper\">\n\t\t\t<div class=\"dfd-spacer-module\"  data-units=\"px\" data-wide_size=\"60\" data-normal_resolution=\"1280\" data-normal_size=\"100\" data-tablet_resolution=\"1024\" data-tablet_size=\"80\" data-mobile_resolution=\"800\" data-mobile_size=\"70\" style=\"height: 60px;\"><\/div><div class=\"dfd-heading-shortcode\"><div class=\"dfd-heading-module-wrap  text-center style_02 \" id=\"dfd-heading-69e65771d143d\" ><div class=\"inline-block\"><div class=\"dfd-heading-module\"><h2 class=\"dfd-title \" style=\"font-size: 37px; line-height: 44px; letter-spacing: -1.5px; \">Curso <strong>Acerte na Entrevista e no Curr\u00edculo<\/strong><\/h2><\/div><\/div><\/div><script type=\"text\/javascript\">(function($) {$(\"head\").append(\"<style>#dfd-heading-69e65771d143d .dfd-heading-delimiter {margin-top: 10px;margin-bottom: 10px;}@media (max-width: 1023px) and (min-width: 800px){#dfd-heading-69e65771d143d .dfd-title{font-size: 32px !important;line-height: 38px !important;}}@media (max-width: 799px){#dfd-heading-69e65771d143d .dfd-title{font-size: 22px !important;line-height: 30px !important;}}@media (max-width: 799px){#dfd-heading-69e65771d143d .dfd-sub-title{font-size: 10px !important;}}<\/style>\");})(jQuery);<\/script><\/div><div class=\"dfd-spacer-module\"  data-units=\"px\" data-wide_size=\"30\" data-normal_resolution=\"1280\" data-normal_size=\"30\" data-tablet_resolution=\"1024\" data-tablet_size=\"30\" data-mobile_resolution=\"800\" data-mobile_size=\"30\" style=\"height: 30px;\"><\/div>\n\t<div class=\"wpb_text_column wpb_content_element \" >\n\t\t<div class=\"wpb_wrapper\">\n\t\t\t<p>O curso \u201cAcerte na entrevista e no curr\u00edculo\u201d \u00e9 uma iniciativa do Gabinete da Vereadora Tanise e do Deputado Estadual Elizandro Sabino e tem como objetivo compartilhar orienta\u00e7\u00f5es para auxiliar jovens e adultos a ingressarem no mercado de trabalho.<\/p>\n<p>A capacita\u00e7\u00e3o, que tem carga hor\u00e1ria de 3 horas\/aula, apresenta em seu conte\u00fado program\u00e1tico instru\u00e7\u00f5es para a elabora\u00e7\u00e3o do curr\u00edculo e dicas para a prepara\u00e7\u00e3o para uma entrevista de emprego. Durante o curso s\u00e3o realizadas atividades pr\u00e1ticas, como aux\u00edlio na reda\u00e7\u00e3o do pr\u00f3prio curr\u00edculo do participante e simula\u00e7\u00e3o de uma entrevista de emprego. Ao longo de todo o curso s\u00e3o exibidos filmes e incentivo dos participantes para a discuss\u00e3o da tem\u00e1tica. Outro tema abordado s\u00e3o orienta\u00e7\u00f5es ap\u00f3s a contrata\u00e7\u00e3o, ou seja, como passar o per\u00edodo de experi\u00eancia e construir uma carreira bem sucedida. Ao final do curso, todos recebem um certificado de participa\u00e7\u00e3o que serve como horas complementares, caso ainda estejam estudando.<\/p>\n\n\t\t<\/div> \n\t<\/div> <div class=\"dfd-spacer-module\"  data-units=\"px\" data-wide_size=\"30\" data-normal_resolution=\"1280\" data-normal_size=\"30\" data-tablet_resolution=\"1024\" data-tablet_size=\"30\" data-mobile_resolution=\"800\" data-mobile_size=\"30\" style=\"height: 30px;\"><\/div><div class=\"vc-row-wrapper vc_inner vc_row-fluid\"><div class=\"row wpb_row\"><div class=\"vc-column-hover-69e65771d2a69 columns six\"><div class=\"wpb_wrapper\"><div class=\"vc-hoverbox-wrapper  vc-hoverbox-shape--rounded vc-hoverbox-align--center vc-hoverbox-direction--default vc-hoverbox-width--100\"  ontouchstart=\"\">\n  <div class=\"vc-hoverbox\">\n    <div class=\"vc-hoverbox-inner\">\n      <div class=\"vc-hoverbox-block vc-hoverbox-front\" style=\"background-image: url(https:\/\/tanisesabino.com.br\/vereadora\/wp-content\/uploads\/2022\/01\/restinga.jpg);\">\n        <div class=\"vc-hoverbox-block-inner vc-hoverbox-front-inner\">\n            \n        <\/div>\n      <\/div>\n      <div class=\"vc-hoverbox-block vc-hoverbox-back\" style=\"background-color: #2a2a2a;\">\n        <div class=\"vc-hoverbox-block-inner vc-hoverbox-back-inner\">\n            \n            <p>Curso no Bairro Restinga &#8211; Porto Alegre<\/p>\n\n            \n        <\/div>\n      <\/div>\n    <\/div>\n  <\/div>\n<\/div><\/div><\/div><div class=\"vc-column-hover-69e65771d4403 columns six\"><div class=\"wpb_wrapper\"><div class=\"vc-hoverbox-wrapper  vc-hoverbox-shape--rounded vc-hoverbox-align--center vc-hoverbox-direction--default vc-hoverbox-width--100\"  ontouchstart=\"\">\n  <div class=\"vc-hoverbox\">\n    <div class=\"vc-hoverbox-inner\">\n      <div class=\"vc-hoverbox-block vc-hoverbox-front\" style=\"background-image: url(https:\/\/tanisesabino.com.br\/vereadora\/wp-content\/uploads\/2022\/01\/farrapos.jpg);\">\n        <div class=\"vc-hoverbox-block-inner vc-hoverbox-front-inner\">\n            \n        <\/div>\n      <\/div>\n      <div class=\"vc-hoverbox-block vc-hoverbox-back\" style=\"background-color: #2a2a2a;\">\n        <div class=\"vc-hoverbox-block-inner vc-hoverbox-back-inner\">\n            \n            <p>Bairro Farrapos<\/p>\n\n            \n        <\/div>\n      <\/div>\n    <\/div>\n  <\/div>\n<\/div><\/div><\/div><\/div><\/div><div class=\"dfd-spacer-module\"  data-units=\"px\" data-wide_size=\"60\" data-normal_resolution=\"1280\" data-normal_size=\"100\" data-tablet_resolution=\"1024\" data-tablet_size=\"80\" data-mobile_resolution=\"800\" data-mobile_size=\"70\" style=\"height: 60px;\"><\/div>\n\t\t<\/div> <script type=\"text\/javascript\">(function($) {$(\"head\").append(\"<style>@media (max-width: 1280px) and (min-width: 1024px){.columns.vc-column-extra-class-69e65771d0f03{padding-left: 20px !important;padding-right: 20px !important;}}@media (max-width: 1023px) and (min-width: 800px){.columns.vc-column-extra-class-69e65771d0f03{padding-left: 20px !important;padding-right: 20px !important;}}@media (max-width: 799px){.columns.vc-column-extra-class-69e65771d0f03{padding-left: 20px !important;padding-right: 20px !important;}}<\/style>\");})(jQuery);<\/script>\n\t<\/div> \n<\/div><\/div>\n","protected":false},"excerpt":{"rendered":"Curso Acerte na Entrevista e no Curr\u00edculo O curso \u201cAcerte na entrevista e no curr\u00edculo\u201d \u00e9 uma iniciativa do Gabinete da Vereadora Tanise e do Deputado Estadual Elizandro Sabino e","protected":false},"author":1,"featured_media":0,"parent":23328,"menu_order":0,"comment_status":"closed","ping_status":"closed","template":"tmp-page.php","meta":{"footnotes":""},"class_list":["post-23330","page","type-page","status-publish","hentry"],"_links":{"self":[{"href":"https:\/\/tanisesabino.com.br\/vereadora\/wp-json\/wp\/v2\/pages\/23330","targetHints":{"allow":["GET"]}}],"collection":[{"href":"https:\/\/tanisesabino.com.br\/vereadora\/wp-json\/wp\/v2\/pages"}],"about":[{"href":"https:\/\/tanisesabino.com.br\/vereadora\/wp-json\/wp\/v2\/types\/page"}],"author":[{"embeddable":true,"href":"https:\/\/tanisesabino.com.br\/vereadora\/wp-json\/wp\/v2\/users\/1"}],"replies":[{"embeddable":true,"href":"https:\/\/tanisesabino.com.br\/vereadora\/wp-json\/wp\/v2\/comments?post=23330"}],"version-history":[{"count":6,"href":"https:\/\/tanisesabino.com.br\/vereadora\/wp-json\/wp\/v2\/pages\/23330\/revisions"}],"predecessor-version":[{"id":23360,"href":"https:\/\/tanisesabino.com.br\/vereadora\/wp-json\/wp\/v2\/pages\/23330\/revisions\/23360"}],"up":[{"embeddable":true,"href":"https:\/\/tanisesabino.com.br\/vereadora\/wp-json\/wp\/v2\/pages\/23328"}],"wp:attachment":[{"href":"https:\/\/tanisesabino.com.br\/vereadora\/wp-json\/wp\/v2\/media?parent=23330"}],"curies":[{"name":"wp","href":"https:\/\/api.w.org\/{rel}","templated":true}]}}