{"id":23336,"date":"2022-01-25T19:59:07","date_gmt":"2022-01-25T22:59:07","guid":{"rendered":"https:\/\/tanisesabino.com.br\/vereadora\/?page_id=23336"},"modified":"2026-04-24T13:04:24","modified_gmt":"2026-04-24T16:04:24","slug":"voluntariado-na-educacao-infantil","status":"publish","type":"page","link":"https:\/\/tanisesabino.com.br\/vereadora\/projetos-sociais\/voluntariado-na-educacao-infantil\/","title":{"rendered":"Voluntariado na Educa\u00e7\u00e3o Infantil"},"content":{"rendered":"<div  class=\"vc_row vc-row-wrapper full_width_content\"  data-parallax_sense=\"30\"><div class=\"wpb_row row\" >\n\t<div class=\"twelve dfd_col-mobile-12 columns vc-column-extra-class-69f9dbf87ad9d\"  data-parallax_sense=\"30\">\n\t\t<div class=\"wpb_wrapper\">\n\t\t\t<div id=\"dfd-single-image-69f9dbf87b27f-5380\" class=\"dfd-single-image-module  image-center dfd-image-shadow dfd-img-lazy-load\" ><img loading=\"lazy\" decoding=\"async\" src=\"data:image\/svg+xml;charset=utf-8,%3Csvg xmlns%3D'http%3A%2F%2Fwww.w3.org%2F2000%2Fsvg' viewBox%3D'0 0 2350 783'%2F%3E\" data-src=\"https:\/\/tanisesabino.com.br\/vereadora\/wp-content\/uploads\/2021\/07\/tanse-sab.jpg\" width=\"2350\" height=\"783\"  alt=\"Image module\"  \/><script type=\"text\/javascript\">(function($) {$(\"head\").append(\"<style>#dfd-single-image-69f9dbf87b27f-5380.dfd-image-shadow img {-webkit-box-shadow: 0px 15px 50px 0px rgba(15,2,2,0.37);-moz-box-shadow: 0px 15px 50px 0px rgba(15,2,2,0.37);-o-box-shadow: 0px 15px 50px 0px rgba(15,2,2,0.37);box-shadow: 0px 15px 50px 0px rgba(15,2,2,0.37);}#dfd-single-image-69f9dbf87b27f-5380.dfd-image-shadow:hover img {-webkit-box-shadow: 0px 15px 50px 0px rgba(0,0,0,0.35);-moz-box-shadow: 0px 15px 50px 0px rgba(0,0,0,0.35);-o-box-shadow: 0px 15px 50px 0px rgba(0,0,0,0.35);box-shadow: 0px 15px 50px 0px rgba(0,0,0,0.35);}<\/style>\");})(jQuery);<\/script><\/div>\n\t\t<\/div> <script type=\"text\/javascript\">(function($) {$(\"head\").append(\"<style>.columns.vc-column-extra-class-69f9dbf87ad9d {background-position: center center !important;}<\/style>\");})(jQuery);<\/script>\n\t<\/div> \n<\/div><\/div><div  class=\"vc_row vc-row-wrapper \"  data-parallax_sense=\"30\"><div class=\"wpb_row row\" >\n\t<div class=\"twelve columns vc-column-extra-class-69f9dbf87c2d0\"  data-parallax_sense=\"30\">\n\t\t<div class=\"wpb_wrapper\">\n\t\t\t<div class=\"dfd-spacer-module\"  data-units=\"px\" data-wide_size=\"60\" data-normal_resolution=\"1280\" data-normal_size=\"100\" data-tablet_resolution=\"1024\" data-tablet_size=\"80\" data-mobile_resolution=\"800\" data-mobile_size=\"70\" style=\"height: 60px;\"><\/div><div class=\"dfd-heading-shortcode\"><div class=\"dfd-heading-module-wrap  text-center style_02 \" id=\"dfd-heading-69f9dbf87c9b6\" ><div class=\"inline-block\"><div class=\"dfd-heading-module\"><h2 class=\"dfd-title \" style=\"font-size: 37px; line-height: 44px; letter-spacing: -1.5px; \"><strong>Educa\u00e7\u00e3o Infantil<\/strong> &#8211; Capacitando as Educadoras de Educa\u00e7\u00e3o Infantil<\/h2><\/div><\/div><\/div><script type=\"text\/javascript\">(function($) {$(\"head\").append(\"<style>#dfd-heading-69f9dbf87c9b6 .dfd-heading-delimiter {margin-top: 10px;margin-bottom: 10px;}@media (max-width: 1023px) and (min-width: 800px){#dfd-heading-69f9dbf87c9b6 .dfd-title{font-size: 32px !important;line-height: 38px !important;}}@media (max-width: 799px){#dfd-heading-69f9dbf87c9b6 .dfd-title{font-size: 22px !important;line-height: 30px !important;}}@media (max-width: 799px){#dfd-heading-69f9dbf87c9b6 .dfd-sub-title{font-size: 10px !important;}}<\/style>\");})(jQuery);<\/script><\/div><div class=\"dfd-spacer-module\"  data-units=\"px\" data-wide_size=\"30\" data-normal_resolution=\"1280\" data-normal_size=\"30\" data-tablet_resolution=\"1024\" data-tablet_size=\"30\" data-mobile_resolution=\"800\" data-mobile_size=\"30\" style=\"height: 30px;\"><\/div>\n\t<div class=\"wpb_text_column wpb_content_element \" >\n\t\t<div class=\"wpb_wrapper\">\n\t\t\t<p>Tanise Sabino realiza um trabalho social em diversas escolas de educa\u00e7\u00e3o infantil na cidade de Porto Alegre. O trabalho realizado \u00e9 referente \u00e0 capacita\u00e7\u00e3o de educadores no qual Tanise ministra palestras sobre temas relativos ao mundo infantil, tais como desenvolvimento da crian\u00e7a, transtornos mentais na inf\u00e2ncia, etapas do desenvolvimento, papel do educador, relacionamento entre pais e escola, autoestima da crian\u00e7a, gest\u00e3o da emo\u00e7\u00e3o, sa\u00fade mental, etc.<\/p>\n<p>Outro trabalho social \u00e9 tamb\u00e9m a realiza\u00e7\u00e3o de palestras com orienta\u00e7\u00f5es sobre o desenvolvimento infantil para os pais dos alunos das diversas escolas em que Tanise realiza o trabalho social.<\/p>\n\n\t\t<\/div> \n\t<\/div> <div class=\"dfd-spacer-module\"  data-units=\"px\" data-wide_size=\"30\" data-normal_resolution=\"1280\" data-normal_size=\"30\" data-tablet_resolution=\"1024\" data-tablet_size=\"30\" data-mobile_resolution=\"800\" data-mobile_size=\"30\" style=\"height: 30px;\"><\/div><div class=\"vc-row-wrapper vc_inner vc_row-fluid\"><div class=\"row wpb_row\"><div class=\"vc-column-hover-69f9dbf87db27 columns three\"><div class=\"wpb_wrapper\"><div class=\"vc-hoverbox-wrapper  vc-hoverbox-shape--rounded vc-hoverbox-align--center vc-hoverbox-direction--default vc-hoverbox-width--100\"  ontouchstart=\"\">\n  <div class=\"vc-hoverbox\">\n    <div class=\"vc-hoverbox-inner\">\n      <div class=\"vc-hoverbox-block vc-hoverbox-front\" style=\"background-image: url(https:\/\/tanisesabino.com.br\/vereadora\/wp-content\/uploads\/2026\/04\/Escola-a-caminho-do-sol-1024x768.jpg);\">\n        <div class=\"vc-hoverbox-block-inner vc-hoverbox-front-inner\">\n            \n        <\/div>\n      <\/div>\n      <div class=\"vc-hoverbox-block vc-hoverbox-back\" style=\"background-color: #ebebeb;\">\n        <div class=\"vc-hoverbox-block-inner vc-hoverbox-back-inner\">\n            \n            <p>Escola A Caminho do Sol<\/p>\n\n            \n        <\/div>\n      <\/div>\n    <\/div>\n  <\/div>\n<\/div><div class=\"dfd-spacer-module\"  data-units=\"px\" data-wide_size=\"25\" data-normal_resolution=\"1280\" data-normal_size=\"25\" data-tablet_resolution=\"1024\" data-tablet_size=\"25\" data-mobile_resolution=\"800\" data-mobile_size=\"30\" style=\"height: 25px;\"><\/div><\/div><\/div><div class=\"vc-column-hover-69f9dbf87f0ae columns three\"><div class=\"wpb_wrapper\"><div class=\"vc-hoverbox-wrapper  vc-hoverbox-shape--rounded vc-hoverbox-align--center vc-hoverbox-direction--default vc-hoverbox-width--100\"  ontouchstart=\"\">\n  <div class=\"vc-hoverbox\">\n    <div class=\"vc-hoverbox-inner\">\n      <div class=\"vc-hoverbox-block vc-hoverbox-front\" style=\"background-image: url(https:\/\/tanisesabino.com.br\/vereadora\/wp-content\/uploads\/2026\/04\/2-Escola-Isabel-Vieira-1024x768.jpg);\">\n        <div class=\"vc-hoverbox-block-inner vc-hoverbox-front-inner\">\n            \n        <\/div>\n      <\/div>\n      <div class=\"vc-hoverbox-block vc-hoverbox-back\" style=\"background-color: #ebebeb;\">\n        <div class=\"vc-hoverbox-block-inner vc-hoverbox-back-inner\">\n            \n            <p>Escola Isabel Vieira<\/p>\n\n            \n        <\/div>\n      <\/div>\n    <\/div>\n  <\/div>\n<\/div><div class=\"dfd-spacer-module\"  data-units=\"px\" data-wide_size=\"25\" data-normal_resolution=\"1280\" data-normal_size=\"25\" data-tablet_resolution=\"1024\" data-tablet_size=\"25\" data-mobile_resolution=\"800\" data-mobile_size=\"30\" style=\"height: 25px;\"><\/div><\/div><\/div><div class=\"vc-column-hover-69f9dbf87f862 columns three\"><div class=\"wpb_wrapper\"><div class=\"vc-hoverbox-wrapper  vc-hoverbox-shape--rounded vc-hoverbox-align--center vc-hoverbox-direction--default vc-hoverbox-width--100\"  ontouchstart=\"\">\n  <div class=\"vc-hoverbox\">\n    <div class=\"vc-hoverbox-inner\">\n      <div class=\"vc-hoverbox-block vc-hoverbox-front\" style=\"background-image: url(https:\/\/tanisesabino.com.br\/vereadora\/wp-content\/uploads\/2026\/04\/3-escola-colorindo-meu-dia-1024x768.jpg);\">\n        <div class=\"vc-hoverbox-block-inner vc-hoverbox-front-inner\">\n            \n        <\/div>\n      <\/div>\n      <div class=\"vc-hoverbox-block vc-hoverbox-back\" style=\"background-color: #ebebeb;\">\n        <div class=\"vc-hoverbox-block-inner vc-hoverbox-back-inner\">\n            \n            <p>Escola Colorindo o Meu Dia<\/p>\n\n            \n        <\/div>\n      <\/div>\n    <\/div>\n  <\/div>\n<\/div><div class=\"dfd-spacer-module\"  data-units=\"px\" data-wide_size=\"25\" data-normal_resolution=\"1280\" data-normal_size=\"25\" data-tablet_resolution=\"1024\" data-tablet_size=\"25\" data-mobile_resolution=\"800\" data-mobile_size=\"30\" style=\"height: 25px;\"><\/div><\/div><\/div><div class=\"vc-column-hover-69f9dbf87ff9a columns three\"><div class=\"wpb_wrapper\"><div class=\"vc-hoverbox-wrapper  vc-hoverbox-shape--rounded vc-hoverbox-align--center vc-hoverbox-direction--default vc-hoverbox-width--100\"  ontouchstart=\"\">\n  <div class=\"vc-hoverbox\">\n    <div class=\"vc-hoverbox-inner\">\n      <div class=\"vc-hoverbox-block vc-hoverbox-front\" style=\"background-image: url(https:\/\/tanisesabino.com.br\/vereadora\/wp-content\/uploads\/2026\/04\/4-escola-pedaco-de-gente-1024x768.jpg);\">\n        <div class=\"vc-hoverbox-block-inner vc-hoverbox-front-inner\">\n            \n        <\/div>\n      <\/div>\n      <div class=\"vc-hoverbox-block vc-hoverbox-back\" style=\"background-color: #ebebeb;\">\n        <div class=\"vc-hoverbox-block-inner vc-hoverbox-back-inner\">\n            \n            <p>Escola Peda\u00e7o de Gente<\/p>\n\n            \n        <\/div>\n      <\/div>\n    <\/div>\n  <\/div>\n<\/div><div class=\"dfd-spacer-module\"  data-units=\"px\" data-wide_size=\"25\" data-normal_resolution=\"1280\" data-normal_size=\"25\" data-tablet_resolution=\"1024\" data-tablet_size=\"25\" data-mobile_resolution=\"800\" data-mobile_size=\"30\" style=\"height: 25px;\"><\/div><\/div><\/div><\/div><\/div><div class=\"vc-row-wrapper vc_inner vc_row-fluid\"><div class=\"row wpb_row\"><div class=\"vc-column-hover-69f9dbf880ba5 columns three\"><div class=\"wpb_wrapper\"><div class=\"vc-hoverbox-wrapper  vc-hoverbox-shape--rounded vc-hoverbox-align--center vc-hoverbox-direction--default vc-hoverbox-width--100\"  ontouchstart=\"\">\n  <div class=\"vc-hoverbox\">\n    <div class=\"vc-hoverbox-inner\">\n      <div class=\"vc-hoverbox-block vc-hoverbox-front\" style=\"background-image: url(https:\/\/tanisesabino.com.br\/vereadora\/wp-content\/uploads\/2026\/04\/5-cantinho-dos-pias-1024x810.jpg);\">\n        <div class=\"vc-hoverbox-block-inner vc-hoverbox-front-inner\">\n            \n        <\/div>\n      <\/div>\n      <div class=\"vc-hoverbox-block vc-hoverbox-back\" style=\"background-color: #ebebeb;\">\n        <div class=\"vc-hoverbox-block-inner vc-hoverbox-back-inner\">\n            \n            <p>Escola Cantinho dos Pi\u00e1s<\/p>\n\n            \n        <\/div>\n      <\/div>\n    <\/div>\n  <\/div>\n<\/div><div class=\"dfd-spacer-module\"  data-units=\"px\" data-wide_size=\"25\" data-normal_resolution=\"1280\" data-normal_size=\"25\" data-tablet_resolution=\"1024\" data-tablet_size=\"25\" data-mobile_resolution=\"800\" data-mobile_size=\"30\" style=\"height: 25px;\"><\/div><\/div><\/div><div class=\"vc-column-hover-69f9dbf881608 columns three\"><div class=\"wpb_wrapper\"><div class=\"vc-hoverbox-wrapper  vc-hoverbox-shape--rounded vc-hoverbox-align--center vc-hoverbox-direction--default vc-hoverbox-width--100\"  ontouchstart=\"\">\n  <div class=\"vc-hoverbox\">\n    <div class=\"vc-hoverbox-inner\">\n      <div class=\"vc-hoverbox-block vc-hoverbox-front\" style=\"background-image: url(https:\/\/tanisesabino.com.br\/vereadora\/wp-content\/uploads\/2026\/04\/6-Escola-Vo-Ida-1024x768.jpg);\">\n        <div class=\"vc-hoverbox-block-inner vc-hoverbox-front-inner\">\n            \n        <\/div>\n      <\/div>\n      <div class=\"vc-hoverbox-block vc-hoverbox-back\" style=\"background-color: #ebebeb;\">\n        <div class=\"vc-hoverbox-block-inner vc-hoverbox-back-inner\">\n            \n            <p>Escola V\u00f3 Ida<\/p>\n\n            \n        <\/div>\n      <\/div>\n    <\/div>\n  <\/div>\n<\/div><div class=\"dfd-spacer-module\"  data-units=\"px\" data-wide_size=\"25\" data-normal_resolution=\"1280\" data-normal_size=\"25\" data-tablet_resolution=\"1024\" data-tablet_size=\"25\" data-mobile_resolution=\"800\" data-mobile_size=\"30\" style=\"height: 25px;\"><\/div><\/div><\/div><div class=\"vc-column-hover-69f9dbf881ef9 columns three\"><div class=\"wpb_wrapper\"><div class=\"vc-hoverbox-wrapper  vc-hoverbox-shape--rounded vc-hoverbox-align--center vc-hoverbox-direction--default vc-hoverbox-width--100\"  ontouchstart=\"\">\n  <div class=\"vc-hoverbox\">\n    <div class=\"vc-hoverbox-inner\">\n      <div class=\"vc-hoverbox-block vc-hoverbox-front\" style=\"background-image: url(https:\/\/tanisesabino.com.br\/vereadora\/wp-content\/uploads\/2026\/04\/7-Escola-Algodao-DoceFASDFASSD-1024x770.png);\">\n        <div class=\"vc-hoverbox-block-inner vc-hoverbox-front-inner\">\n            \n        <\/div>\n      <\/div>\n      <div class=\"vc-hoverbox-block vc-hoverbox-back\" style=\"background-color: #ebebeb;\">\n        <div class=\"vc-hoverbox-block-inner vc-hoverbox-back-inner\">\n            \n            <p>Escola Algod\u00e3o Doce<\/p>\n\n            \n        <\/div>\n      <\/div>\n    <\/div>\n  <\/div>\n<\/div><div class=\"dfd-spacer-module\"  data-units=\"px\" data-wide_size=\"25\" data-normal_resolution=\"1280\" data-normal_size=\"25\" data-tablet_resolution=\"1024\" data-tablet_size=\"25\" data-mobile_resolution=\"800\" data-mobile_size=\"30\" style=\"height: 25px;\"><\/div><\/div><\/div><div class=\"vc-column-hover-69f9dbf88271f columns three\"><div class=\"wpb_wrapper\"><div class=\"vc-hoverbox-wrapper  vc-hoverbox-shape--rounded vc-hoverbox-align--center vc-hoverbox-direction--default vc-hoverbox-width--100\"  ontouchstart=\"\">\n  <div class=\"vc-hoverbox\">\n    <div class=\"vc-hoverbox-inner\">\n      <div class=\"vc-hoverbox-block vc-hoverbox-front\" style=\"background-image: url(https:\/\/tanisesabino.com.br\/vereadora\/wp-content\/uploads\/2026\/04\/8-Escola-Renascer-1024x807.jpg);\">\n        <div class=\"vc-hoverbox-block-inner vc-hoverbox-front-inner\">\n            \n        <\/div>\n      <\/div>\n      <div class=\"vc-hoverbox-block vc-hoverbox-back\" style=\"background-color: #ebebeb;\">\n        <div class=\"vc-hoverbox-block-inner vc-hoverbox-back-inner\">\n            \n            <p>Escola Renascer<\/p>\n\n            \n        <\/div>\n      <\/div>\n    <\/div>\n  <\/div>\n<\/div><div class=\"dfd-spacer-module\"  data-units=\"px\" data-wide_size=\"25\" data-normal_resolution=\"1280\" data-normal_size=\"25\" data-tablet_resolution=\"1024\" data-tablet_size=\"25\" data-mobile_resolution=\"800\" data-mobile_size=\"30\" style=\"height: 25px;\"><\/div><\/div><\/div><\/div><\/div><div class=\"vc-row-wrapper vc_inner vc_row-fluid\"><div class=\"row wpb_row\"><div class=\"vc-column-hover-69f9dbf883416 columns three\"><div class=\"wpb_wrapper\"><div class=\"vc-hoverbox-wrapper  vc-hoverbox-shape--rounded vc-hoverbox-align--center vc-hoverbox-direction--default vc-hoverbox-width--100\"  ontouchstart=\"\">\n  <div class=\"vc-hoverbox\">\n    <div class=\"vc-hoverbox-inner\">\n      <div class=\"vc-hoverbox-block vc-hoverbox-front\" style=\"background-image: url(https:\/\/tanisesabino.com.br\/vereadora\/wp-content\/uploads\/2026\/04\/9-Rede-Calabria-1024x828.jpg);\">\n        <div class=\"vc-hoverbox-block-inner vc-hoverbox-front-inner\">\n            \n        <\/div>\n      <\/div>\n      <div class=\"vc-hoverbox-block vc-hoverbox-back\" style=\"background-color: #ebebeb;\">\n        <div class=\"vc-hoverbox-block-inner vc-hoverbox-back-inner\">\n            \n            <p>Rede Cal\u00e1bria<\/p>\n\n            \n        <\/div>\n      <\/div>\n    <\/div>\n  <\/div>\n<\/div><div class=\"dfd-spacer-module\"  data-units=\"px\" data-wide_size=\"25\" data-normal_resolution=\"1280\" data-normal_size=\"25\" data-tablet_resolution=\"1024\" data-tablet_size=\"25\" data-mobile_resolution=\"800\" data-mobile_size=\"30\" style=\"height: 25px;\"><\/div><\/div><\/div><div class=\"vc-column-hover-69f9dbf883db5 columns three\"><div class=\"wpb_wrapper\"><div class=\"vc-hoverbox-wrapper  vc-hoverbox-shape--rounded vc-hoverbox-align--center vc-hoverbox-direction--default vc-hoverbox-width--100\"  ontouchstart=\"\">\n  <div class=\"vc-hoverbox\">\n    <div class=\"vc-hoverbox-inner\">\n      <div class=\"vc-hoverbox-block vc-hoverbox-front\" style=\"background-image: url(https:\/\/tanisesabino.com.br\/vereadora\/wp-content\/uploads\/2026\/04\/10-escola-balao-magico-1-1024x690.jpg);\">\n        <div class=\"vc-hoverbox-block-inner vc-hoverbox-front-inner\">\n            \n        <\/div>\n      <\/div>\n      <div class=\"vc-hoverbox-block vc-hoverbox-back\" style=\"background-color: #ebebeb;\">\n        <div class=\"vc-hoverbox-block-inner vc-hoverbox-back-inner\">\n            \n            <p>Escola Bal\u00e3o M\u00e1gico<\/p>\n\n            \n        <\/div>\n      <\/div>\n    <\/div>\n  <\/div>\n<\/div><div class=\"dfd-spacer-module\"  data-units=\"px\" data-wide_size=\"25\" data-normal_resolution=\"1280\" data-normal_size=\"25\" data-tablet_resolution=\"1024\" data-tablet_size=\"25\" data-mobile_resolution=\"800\" data-mobile_size=\"30\" style=\"height: 25px;\"><\/div><\/div><\/div><div class=\"vc-column-hover-69f9dbf88454d columns three\"><div class=\"wpb_wrapper\"><div class=\"vc-hoverbox-wrapper  vc-hoverbox-shape--rounded vc-hoverbox-align--center vc-hoverbox-direction--default vc-hoverbox-width--100\"  ontouchstart=\"\">\n  <div class=\"vc-hoverbox\">\n    <div class=\"vc-hoverbox-inner\">\n      <div class=\"vc-hoverbox-block vc-hoverbox-front\" style=\"background-image: url(https:\/\/tanisesabino.com.br\/vereadora\/wp-content\/uploads\/2026\/04\/11-abrasce-1024x768.jpg);\">\n        <div class=\"vc-hoverbox-block-inner vc-hoverbox-front-inner\">\n            \n        <\/div>\n      <\/div>\n      <div class=\"vc-hoverbox-block vc-hoverbox-back\" style=\"background-color: #ebebeb;\">\n        <div class=\"vc-hoverbox-block-inner vc-hoverbox-back-inner\">\n            \n            <p>ABRASCE<\/p>\n\n            \n        <\/div>\n      <\/div>\n    <\/div>\n  <\/div>\n<\/div><div class=\"dfd-spacer-module\"  data-units=\"px\" data-wide_size=\"25\" data-normal_resolution=\"1280\" data-normal_size=\"25\" data-tablet_resolution=\"1024\" data-tablet_size=\"25\" data-mobile_resolution=\"800\" data-mobile_size=\"30\" style=\"height: 25px;\"><\/div><\/div><\/div><div class=\"vc-column-hover-69f9dbf884c7b columns three\"><div class=\"wpb_wrapper\"><div class=\"vc-hoverbox-wrapper  vc-hoverbox-shape--rounded vc-hoverbox-align--center vc-hoverbox-direction--default vc-hoverbox-width--100\"  ontouchstart=\"\">\n  <div class=\"vc-hoverbox\">\n    <div class=\"vc-hoverbox-inner\">\n      <div class=\"vc-hoverbox-block vc-hoverbox-front\" style=\"background-image: url(https:\/\/tanisesabino.com.br\/vereadora\/wp-content\/uploads\/2022\/01\/Escola-Jerusalem-Beith-Shalom-1024x655.jpg);\">\n        <div class=\"vc-hoverbox-block-inner vc-hoverbox-front-inner\">\n            \n        <\/div>\n      <\/div>\n      <div class=\"vc-hoverbox-block vc-hoverbox-back\" style=\"background-color: #ebebeb;\">\n        <div class=\"vc-hoverbox-block-inner vc-hoverbox-back-inner\">\n            \n            <p>Escola Jerusal\u00e9m Beith Shalom<\/p>\n\n            \n        <\/div>\n      <\/div>\n    <\/div>\n  <\/div>\n<\/div><div class=\"dfd-spacer-module\"  data-units=\"px\" data-wide_size=\"25\" data-normal_resolution=\"1280\" data-normal_size=\"25\" data-tablet_resolution=\"1024\" data-tablet_size=\"25\" data-mobile_resolution=\"800\" data-mobile_size=\"30\" style=\"height: 25px;\"><\/div><\/div><\/div><\/div><\/div><div class=\"vc-row-wrapper vc_inner vc_row-fluid\"><div class=\"row wpb_row\"><div class=\"vc-column-hover-69f9dbf8855b0 columns three\"><div class=\"wpb_wrapper\"><div class=\"vc-hoverbox-wrapper  vc-hoverbox-shape--rounded vc-hoverbox-align--center vc-hoverbox-direction--default vc-hoverbox-width--100\"  ontouchstart=\"\">\n  <div class=\"vc-hoverbox\">\n    <div class=\"vc-hoverbox-inner\">\n      <div class=\"vc-hoverbox-block vc-hoverbox-front\" style=\"background-image: url(https:\/\/tanisesabino.com.br\/vereadora\/wp-content\/uploads\/2022\/10\/313358902_5979748432037978_9104641401325511937_n-1.jpg);\">\n        <div class=\"vc-hoverbox-block-inner vc-hoverbox-front-inner\">\n            \n        <\/div>\n      <\/div>\n      <div class=\"vc-hoverbox-block vc-hoverbox-back\" style=\"background-color: #ebebeb;\">\n        <div class=\"vc-hoverbox-block-inner vc-hoverbox-back-inner\">\n            \n            <p>Escola de Educa\u00e7\u00e3o Infantil Eduarda Pujol Zanate<\/p>\n\n            \n        <\/div>\n      <\/div>\n    <\/div>\n  <\/div>\n<\/div><div class=\"dfd-spacer-module\"  data-units=\"px\" data-wide_size=\"25\" data-normal_resolution=\"1280\" data-normal_size=\"25\" data-tablet_resolution=\"1024\" data-tablet_size=\"25\" data-mobile_resolution=\"800\" data-mobile_size=\"30\" style=\"height: 25px;\"><\/div><\/div><\/div><div class=\"vc-column-hover-69f9dbf885d49 columns three\"><div class=\"wpb_wrapper\"><div class=\"vc-hoverbox-wrapper  vc-hoverbox-shape--rounded vc-hoverbox-align--center vc-hoverbox-direction--default vc-hoverbox-width--100\"  ontouchstart=\"\">\n  <div class=\"vc-hoverbox\">\n    <div class=\"vc-hoverbox-inner\">\n      <div class=\"vc-hoverbox-block vc-hoverbox-front\" style=\"background-image: url(https:\/\/tanisesabino.com.br\/vereadora\/wp-content\/uploads\/2022\/10\/282060722_5548835545129271_4048353038435899825_n-1-1024x768.jpg);\">\n        <div class=\"vc-hoverbox-block-inner vc-hoverbox-front-inner\">\n            \n        <\/div>\n      <\/div>\n      <div class=\"vc-hoverbox-block vc-hoverbox-back\" style=\"background-color: #ebebeb;\">\n        <div class=\"vc-hoverbox-block-inner vc-hoverbox-back-inner\">\n            \n            <p>Escola de Educa\u00e7\u00e3o Infantil Construindo o Amanh\u00e3<\/p>\n\n            \n        <\/div>\n      <\/div>\n    <\/div>\n  <\/div>\n<\/div><div class=\"dfd-spacer-module\"  data-units=\"px\" data-wide_size=\"25\" data-normal_resolution=\"1280\" data-normal_size=\"25\" data-tablet_resolution=\"1024\" data-tablet_size=\"25\" data-mobile_resolution=\"800\" data-mobile_size=\"30\" style=\"height: 25px;\"><\/div><\/div><\/div><div class=\"vc-column-hover-69f9dbf8864e6 columns three\"><div class=\"wpb_wrapper\"><\/div><\/div><div class=\"vc-column-hover-69f9dbf8866bb columns three\"><div class=\"wpb_wrapper\"><div class=\"dfd-spacer-module\"  data-units=\"px\" data-wide_size=\"25\" data-normal_resolution=\"1280\" data-normal_size=\"25\" data-tablet_resolution=\"1024\" data-tablet_size=\"25\" data-mobile_resolution=\"800\" data-mobile_size=\"30\" style=\"height: 25px;\"><\/div><\/div><\/div><\/div><\/div><div class=\"dfd-spacer-module\"  data-units=\"px\" data-wide_size=\"60\" data-normal_resolution=\"1280\" data-normal_size=\"100\" data-tablet_resolution=\"1024\" data-tablet_size=\"80\" data-mobile_resolution=\"800\" data-mobile_size=\"70\" style=\"height: 60px;\"><\/div>\n\t\t<\/div> <script type=\"text\/javascript\">(function($) {$(\"head\").append(\"<style>@media (max-width: 1280px) and (min-width: 1024px){.columns.vc-column-extra-class-69f9dbf87c2d0{padding-left: 20px !important;padding-right: 20px !important;}}@media (max-width: 1023px) and (min-width: 800px){.columns.vc-column-extra-class-69f9dbf87c2d0{padding-left: 20px !important;padding-right: 20px !important;}}@media (max-width: 799px){.columns.vc-column-extra-class-69f9dbf87c2d0{padding-left: 20px !important;padding-right: 20px !important;}}<\/style>\");})(jQuery);<\/script>\n\t<\/div> \n<\/div><\/div>\n","protected":false},"excerpt":{"rendered":"Educa\u00e7\u00e3o Infantil - Capacitando as Educadoras de Educa\u00e7\u00e3o Infantil Tanise Sabino realiza um trabalho social em diversas escolas de educa\u00e7\u00e3o infantil na cidade de Porto Alegre. O trabalho realizado \u00e9","protected":false},"author":1,"featured_media":0,"parent":23328,"menu_order":0,"comment_status":"closed","ping_status":"closed","template":"tmp-page.php","meta":{"footnotes":""},"class_list":["post-23336","page","type-page","status-publish","hentry"],"_links":{"self":[{"href":"https:\/\/tanisesabino.com.br\/vereadora\/wp-json\/wp\/v2\/pages\/23336","targetHints":{"allow":["GET"]}}],"collection":[{"href":"https:\/\/tanisesabino.com.br\/vereadora\/wp-json\/wp\/v2\/pages"}],"about":[{"href":"https:\/\/tanisesabino.com.br\/vereadora\/wp-json\/wp\/v2\/types\/page"}],"author":[{"embeddable":true,"href":"https:\/\/tanisesabino.com.br\/vereadora\/wp-json\/wp\/v2\/users\/1"}],"replies":[{"embeddable":true,"href":"https:\/\/tanisesabino.com.br\/vereadora\/wp-json\/wp\/v2\/comments?post=23336"}],"version-history":[{"count":10,"href":"https:\/\/tanisesabino.com.br\/vereadora\/wp-json\/wp\/v2\/pages\/23336\/revisions"}],"predecessor-version":[{"id":27740,"href":"https:\/\/tanisesabino.com.br\/vereadora\/wp-json\/wp\/v2\/pages\/23336\/revisions\/27740"}],"up":[{"embeddable":true,"href":"https:\/\/tanisesabino.com.br\/vereadora\/wp-json\/wp\/v2\/pages\/23328"}],"wp:attachment":[{"href":"https:\/\/tanisesabino.com.br\/vereadora\/wp-json\/wp\/v2\/media?parent=23336"}],"curies":[{"name":"wp","href":"https:\/\/api.w.org\/{rel}","templated":true}]}}