{"id":23931,"date":"2022-11-07T12:42:19","date_gmt":"2022-11-07T15:42:19","guid":{"rendered":"https:\/\/tanisesabino.com.br\/vereadora\/?page_id=23931"},"modified":"2022-11-13T15:03:39","modified_gmt":"2022-11-13T18:03:39","slug":"voluntariado-no-ensino-medio","status":"publish","type":"page","link":"https:\/\/tanisesabino.com.br\/vereadora\/voluntariado-no-ensino-medio\/","title":{"rendered":"Voluntariado no Ensino M\u00e9dio"},"content":{"rendered":"<div  class=\"vc_row vc-row-wrapper full_width_content\"  data-parallax_sense=\"30\"><div class=\"wpb_row row\" >\n\t<div class=\"twelve dfd_col-mobile-12 columns vc-column-extra-class-69e6576fe3ceb\"  data-parallax_sense=\"30\">\n\t\t<div class=\"wpb_wrapper\">\n\t\t\t<div id=\"dfd-single-image-69e6576fe4080-6232\" class=\"dfd-single-image-module  image-center dfd-image-shadow dfd-img-lazy-load\" ><img loading=\"lazy\" decoding=\"async\" src=\"data:image\/svg+xml;charset=utf-8,%3Csvg xmlns%3D'http%3A%2F%2Fwww.w3.org%2F2000%2Fsvg' viewBox%3D'0 0 2350 783'%2F%3E\" data-src=\"https:\/\/tanisesabino.com.br\/vereadora\/wp-content\/uploads\/2021\/07\/tanse-sab.jpg\" width=\"2350\" height=\"783\"  alt=\"Image module\"  \/><script type=\"text\/javascript\">(function($) {$(\"head\").append(\"<style>#dfd-single-image-69e6576fe4080-6232.dfd-image-shadow img {-webkit-box-shadow: 0px 15px 50px 0px rgba(15,2,2,0.37);-moz-box-shadow: 0px 15px 50px 0px rgba(15,2,2,0.37);-o-box-shadow: 0px 15px 50px 0px rgba(15,2,2,0.37);box-shadow: 0px 15px 50px 0px rgba(15,2,2,0.37);}#dfd-single-image-69e6576fe4080-6232.dfd-image-shadow:hover img {-webkit-box-shadow: 0px 15px 50px 0px rgba(0,0,0,0.35);-moz-box-shadow: 0px 15px 50px 0px rgba(0,0,0,0.35);-o-box-shadow: 0px 15px 50px 0px rgba(0,0,0,0.35);box-shadow: 0px 15px 50px 0px rgba(0,0,0,0.35);}<\/style>\");})(jQuery);<\/script><\/div>\n\t\t<\/div> <script type=\"text\/javascript\">(function($) {$(\"head\").append(\"<style>.columns.vc-column-extra-class-69e6576fe3ceb {background-position: center center !important;}<\/style>\");})(jQuery);<\/script>\n\t<\/div> \n<\/div><\/div><div  class=\"vc_row vc-row-wrapper \"  data-parallax_sense=\"30\"><div class=\"wpb_row row\" >\n\t<div class=\"twelve columns vc-column-extra-class-69e6576fe5427\"  data-parallax_sense=\"30\">\n\t\t<div class=\"wpb_wrapper\">\n\t\t\t<div class=\"dfd-spacer-module\"  data-units=\"px\" data-wide_size=\"60\" data-normal_resolution=\"1280\" data-normal_size=\"100\" data-tablet_resolution=\"1024\" data-tablet_size=\"80\" data-mobile_resolution=\"800\" data-mobile_size=\"70\" style=\"height: 60px;\"><\/div><div class=\"dfd-heading-shortcode\"><div class=\"dfd-heading-module-wrap  text-center style_02 \" id=\"dfd-heading-69e6576fe59fe\" ><div class=\"inline-block\"><div class=\"dfd-heading-module\"><h2 class=\"dfd-title \" style=\"font-size: 37px; line-height: 44px; letter-spacing: -1.5px; \"><strong>Ensino Fundamental e M\u00e9dio<\/strong> &#8211; Capacita\u00e7\u00e3o<\/h2><\/div><\/div><\/div><script type=\"text\/javascript\">(function($) {$(\"head\").append(\"<style>#dfd-heading-69e6576fe59fe .dfd-heading-delimiter {margin-top: 10px;margin-bottom: 10px;}@media (max-width: 1023px) and (min-width: 800px){#dfd-heading-69e6576fe59fe .dfd-title{font-size: 32px !important;line-height: 38px !important;}}@media (max-width: 799px){#dfd-heading-69e6576fe59fe .dfd-title{font-size: 22px !important;line-height: 30px !important;}}@media (max-width: 799px){#dfd-heading-69e6576fe59fe .dfd-sub-title{font-size: 10px !important;}}<\/style>\");})(jQuery);<\/script><\/div><div class=\"dfd-spacer-module\"  data-units=\"px\" data-wide_size=\"30\" data-normal_resolution=\"1280\" data-normal_size=\"30\" data-tablet_resolution=\"1024\" data-tablet_size=\"30\" data-mobile_resolution=\"800\" data-mobile_size=\"30\" style=\"height: 30px;\"><\/div>\n\t<div class=\"wpb_text_column wpb_content_element \" >\n\t\t<div class=\"wpb_wrapper\">\n\t\t\t<p>Tanise Sabino tem sido convidada para a realiza\u00e7\u00e3o de palestras para diversas escolas de educa\u00e7\u00e3o de ensino fundamental e m\u00e9dio na cidade de Porto Alegre e em in\u00fameras cidades no interior do estado do Rio Grande do Sul. As palestras s\u00e3o dirigidas aos alunos, educadores e aos pais. Os temas, geralmente abordados, s\u00e3o o papel do educador, relacionamento entre pais e escola, autoestima dos adolescentes, gest\u00e3o da emo\u00e7\u00e3o, sa\u00fade mental, depress\u00e3o, ansiedade, preven\u00e7\u00e3o ao suic\u00eddio e automutila\u00e7\u00e3o, empreendedorismo, bullying, outubro rosa, janeiro branco, setembro amarelo, resili\u00eancia, supera\u00e7\u00e3o, valoriza\u00e7\u00e3o da vida, preven\u00e7\u00e3o da depend\u00eancia qu\u00edmica, planejamento pessoal e profissional, saindo da zona de conforto, bem-estar e qualidade de vida, etc.<\/p>\n\n\t\t<\/div> \n\t<\/div> <div class=\"dfd-spacer-module\"  data-units=\"px\" data-wide_size=\"30\" data-normal_resolution=\"1280\" data-normal_size=\"30\" data-tablet_resolution=\"1024\" data-tablet_size=\"30\" data-mobile_resolution=\"800\" data-mobile_size=\"30\" style=\"height: 30px;\"><\/div><div class=\"vc-row-wrapper vc_inner vc_row-fluid\"><div class=\"row wpb_row\"><div class=\"vc-column-hover-69e6576fe6d95 columns three\"><div class=\"wpb_wrapper\"><div class=\"vc-hoverbox-wrapper  vc-hoverbox-shape--rounded vc-hoverbox-align--center vc-hoverbox-direction--default vc-hoverbox-width--100\"  ontouchstart=\"\">\n  <div class=\"vc-hoverbox\">\n    <div class=\"vc-hoverbox-inner\">\n      <div class=\"vc-hoverbox-block vc-hoverbox-front\" style=\"background-image: url(https:\/\/tanisesabino.com.br\/vereadora\/wp-content\/uploads\/2022\/11\/Alvorada-Escola-Municipal-de-Ensino-Fundamental-Rui-Barbosa-Tema-Autoestima-da-Mulher-1024x683.jpg);\">\n        <div class=\"vc-hoverbox-block-inner vc-hoverbox-front-inner\">\n            \n        <\/div>\n      <\/div>\n      <div class=\"vc-hoverbox-block vc-hoverbox-back\" style=\"background-color: #ebebeb;\">\n        <div class=\"vc-hoverbox-block-inner vc-hoverbox-back-inner\">\n            \n            <p>Alvorada &#8211; Tema: Autoestima da Mulher &#8211; Escola Municipal de Ensino Fundamental Rui Barbosa<\/p>\n\n            \n        <\/div>\n      <\/div>\n    <\/div>\n  <\/div>\n<\/div><div class=\"dfd-spacer-module\"  data-units=\"px\" data-wide_size=\"25\" data-normal_resolution=\"1280\" data-normal_size=\"25\" data-tablet_resolution=\"1024\" data-tablet_size=\"25\" data-mobile_resolution=\"800\" data-mobile_size=\"30\" style=\"height: 25px;\"><\/div><\/div><\/div><div class=\"vc-column-hover-69e6576fe894d columns three\"><div class=\"wpb_wrapper\"><div class=\"vc-hoverbox-wrapper  vc-hoverbox-shape--rounded vc-hoverbox-align--center vc-hoverbox-direction--default vc-hoverbox-width--100\"  ontouchstart=\"\">\n  <div class=\"vc-hoverbox\">\n    <div class=\"vc-hoverbox-inner\">\n      <div class=\"vc-hoverbox-block vc-hoverbox-front\" style=\"background-image: url(https:\/\/tanisesabino.com.br\/vereadora\/wp-content\/uploads\/2022\/11\/Alvorada-Escola-de-Ensino-Medio-Nossa-Senhora-da-Aparecida-Tema-Gestao-das-emocoes-1024x768.jpeg);\">\n        <div class=\"vc-hoverbox-block-inner vc-hoverbox-front-inner\">\n            \n        <\/div>\n      <\/div>\n      <div class=\"vc-hoverbox-block vc-hoverbox-back\" style=\"background-color: #ebebeb;\">\n        <div class=\"vc-hoverbox-block-inner vc-hoverbox-back-inner\">\n            \n            <p>Alvorada &#8211; Tema: Gest\u00e3o das emo\u00e7\u00f5es &#8211; Escola de Ensino M\u00e9dio Nossa Senhora da Aparecida<\/p>\n\n            \n        <\/div>\n      <\/div>\n    <\/div>\n  <\/div>\n<\/div><div class=\"dfd-spacer-module\"  data-units=\"px\" data-wide_size=\"25\" data-normal_resolution=\"1280\" data-normal_size=\"25\" data-tablet_resolution=\"1024\" data-tablet_size=\"25\" data-mobile_resolution=\"800\" data-mobile_size=\"30\" style=\"height: 25px;\"><\/div><\/div><\/div><div class=\"vc-column-hover-69e6576fe928f columns three\"><div class=\"wpb_wrapper\"><div class=\"vc-hoverbox-wrapper  vc-hoverbox-shape--rounded vc-hoverbox-align--center vc-hoverbox-direction--default vc-hoverbox-width--100\"  ontouchstart=\"\">\n  <div class=\"vc-hoverbox\">\n    <div class=\"vc-hoverbox-inner\">\n      <div class=\"vc-hoverbox-block vc-hoverbox-front\" style=\"background-image: url(https:\/\/tanisesabino.com.br\/vereadora\/wp-content\/uploads\/2022\/11\/Porto-Alegre-Colegio-Estadual-Protasio-Alves-Tema-Planejamento-e-Empreendedorismo-1024x683.jpg);\">\n        <div class=\"vc-hoverbox-block-inner vc-hoverbox-front-inner\">\n            \n        <\/div>\n      <\/div>\n      <div class=\"vc-hoverbox-block vc-hoverbox-back\" style=\"background-color: #ebebeb;\">\n        <div class=\"vc-hoverbox-block-inner vc-hoverbox-back-inner\">\n            \n            <p>Porto Alegre &#8211; Tema: Planejamento e Empreendedorismo &#8211; Col\u00e9gio Estadual Prot\u00e1sio Alves<\/p>\n\n            \n        <\/div>\n      <\/div>\n    <\/div>\n  <\/div>\n<\/div><div class=\"dfd-spacer-module\"  data-units=\"px\" data-wide_size=\"25\" data-normal_resolution=\"1280\" data-normal_size=\"25\" data-tablet_resolution=\"1024\" data-tablet_size=\"25\" data-mobile_resolution=\"800\" data-mobile_size=\"30\" style=\"height: 25px;\"><\/div><\/div><\/div><div class=\"vc-column-hover-69e6576fe9b63 columns three\"><div class=\"wpb_wrapper\"><div class=\"vc-hoverbox-wrapper  vc-hoverbox-shape--rounded vc-hoverbox-align--center vc-hoverbox-direction--default vc-hoverbox-width--100\"  ontouchstart=\"\">\n  <div class=\"vc-hoverbox\">\n    <div class=\"vc-hoverbox-inner\">\n      <div class=\"vc-hoverbox-block vc-hoverbox-front\" style=\"background-image: url(https:\/\/tanisesabino.com.br\/vereadora\/wp-content\/uploads\/2022\/11\/Porto-Alegre-Escola-Ensino-Fundamental-Brigadeiro-Silva-Paes-Tema-Prevencao-do-suicidio-1024x682-1.jpeg);\">\n        <div class=\"vc-hoverbox-block-inner vc-hoverbox-front-inner\">\n            \n        <\/div>\n      <\/div>\n      <div class=\"vc-hoverbox-block vc-hoverbox-back\" style=\"background-color: #ebebeb;\">\n        <div class=\"vc-hoverbox-block-inner vc-hoverbox-back-inner\">\n            \n            <p>Porto Alegre &#8211; Tema: Preven\u00e7\u00e3o do suic\u00eddio &#8211; Escola Ensino Fundamental Brigadeiro Silva Paes<\/p>\n\n            \n        <\/div>\n      <\/div>\n    <\/div>\n  <\/div>\n<\/div><div class=\"dfd-spacer-module\"  data-units=\"px\" data-wide_size=\"25\" data-normal_resolution=\"1280\" data-normal_size=\"25\" data-tablet_resolution=\"1024\" data-tablet_size=\"25\" data-mobile_resolution=\"800\" data-mobile_size=\"30\" style=\"height: 25px;\"><\/div><\/div><\/div><\/div><\/div><div class=\"dfd-spacer-module\"  data-units=\"px\" data-wide_size=\"60\" data-normal_resolution=\"1280\" data-normal_size=\"100\" data-tablet_resolution=\"1024\" data-tablet_size=\"80\" data-mobile_resolution=\"800\" data-mobile_size=\"70\" style=\"height: 60px;\"><\/div>\n\t\t<\/div> <script type=\"text\/javascript\">(function($) {$(\"head\").append(\"<style>@media (max-width: 1280px) and (min-width: 1024px){.columns.vc-column-extra-class-69e6576fe5427{padding-left: 20px !important;padding-right: 20px !important;}}@media (max-width: 1023px) and (min-width: 800px){.columns.vc-column-extra-class-69e6576fe5427{padding-left: 20px !important;padding-right: 20px !important;}}@media (max-width: 799px){.columns.vc-column-extra-class-69e6576fe5427{padding-left: 20px !important;padding-right: 20px !important;}}<\/style>\");})(jQuery);<\/script>\n\t<\/div> \n<\/div><\/div>\n","protected":false},"excerpt":{"rendered":"Ensino Fundamental e M\u00e9dio - Capacita\u00e7\u00e3o Tanise Sabino tem sido convidada para a realiza\u00e7\u00e3o de palestras para diversas escolas de educa\u00e7\u00e3o de ensino fundamental e m\u00e9dio na cidade de Porto","protected":false},"author":1,"featured_media":0,"parent":0,"menu_order":0,"comment_status":"closed","ping_status":"closed","template":"tmp-page.php","meta":{"footnotes":""},"class_list":["post-23931","page","type-page","status-publish","hentry"],"_links":{"self":[{"href":"https:\/\/tanisesabino.com.br\/vereadora\/wp-json\/wp\/v2\/pages\/23931","targetHints":{"allow":["GET"]}}],"collection":[{"href":"https:\/\/tanisesabino.com.br\/vereadora\/wp-json\/wp\/v2\/pages"}],"about":[{"href":"https:\/\/tanisesabino.com.br\/vereadora\/wp-json\/wp\/v2\/types\/page"}],"author":[{"embeddable":true,"href":"https:\/\/tanisesabino.com.br\/vereadora\/wp-json\/wp\/v2\/users\/1"}],"replies":[{"embeddable":true,"href":"https:\/\/tanisesabino.com.br\/vereadora\/wp-json\/wp\/v2\/comments?post=23931"}],"version-history":[{"count":6,"href":"https:\/\/tanisesabino.com.br\/vereadora\/wp-json\/wp\/v2\/pages\/23931\/revisions"}],"predecessor-version":[{"id":23949,"href":"https:\/\/tanisesabino.com.br\/vereadora\/wp-json\/wp\/v2\/pages\/23931\/revisions\/23949"}],"wp:attachment":[{"href":"https:\/\/tanisesabino.com.br\/vereadora\/wp-json\/wp\/v2\/media?parent=23931"}],"curies":[{"name":"wp","href":"https:\/\/api.w.org\/{rel}","templated":true}]}}