{"id":26993,"date":"2025-09-12T14:51:35","date_gmt":"2025-09-12T17:51:35","guid":{"rendered":"https:\/\/tanisesabino.com.br\/vereadora\/?page_id=26993"},"modified":"2025-09-30T09:48:19","modified_gmt":"2025-09-30T12:48:19","slug":"nossa-gestao","status":"publish","type":"page","link":"https:\/\/tanisesabino.com.br\/vereadora\/conheca-a-vereadora\/nossa-gestao\/","title":{"rendered":"Nossa Gest\u00e3o"},"content":{"rendered":"<div  class=\"vc_row vc-row-wrapper full_width_content\"  data-parallax_sense=\"30\"><div class=\"wpb_row row\" >\n\t<div class=\"twelve dfd_col-mobile-12 columns vc-column-extra-class-69e65532f2fdc\"  data-parallax_sense=\"30\">\n\t\t<div class=\"wpb_wrapper\">\n\t\t\t<div id=\"dfd-single-image-69e65532f35b8-9153\" class=\"dfd-single-image-module  image-center dfd-image-shadow dfd-img-lazy-load\" ><img loading=\"lazy\" decoding=\"async\" src=\"data:image\/svg+xml;charset=utf-8,%3Csvg xmlns%3D'http%3A%2F%2Fwww.w3.org%2F2000%2Fsvg' viewBox%3D'0 0 2350 783'%2F%3E\" data-src=\"https:\/\/tanisesabino.com.br\/vereadora\/wp-content\/uploads\/2021\/07\/tanse-sab.jpg\" width=\"2350\" height=\"783\"  alt=\"Image module\"  \/><script type=\"text\/javascript\">(function($) {$(\"head\").append(\"<style>#dfd-single-image-69e65532f35b8-9153.dfd-image-shadow img {-webkit-box-shadow: 0px 15px 50px 0px rgba(15,2,2,0.37);-moz-box-shadow: 0px 15px 50px 0px rgba(15,2,2,0.37);-o-box-shadow: 0px 15px 50px 0px rgba(15,2,2,0.37);box-shadow: 0px 15px 50px 0px rgba(15,2,2,0.37);}#dfd-single-image-69e65532f35b8-9153.dfd-image-shadow:hover img {-webkit-box-shadow: 0px 15px 50px 0px rgba(0,0,0,0.35);-moz-box-shadow: 0px 15px 50px 0px rgba(0,0,0,0.35);-o-box-shadow: 0px 15px 50px 0px rgba(0,0,0,0.35);box-shadow: 0px 15px 50px 0px rgba(0,0,0,0.35);}<\/style>\");})(jQuery);<\/script><\/div>\n\t\t<\/div> <script type=\"text\/javascript\">(function($) {$(\"head\").append(\"<style>.columns.vc-column-extra-class-69e65532f2fdc {background-position: center center !important;}<\/style>\");})(jQuery);<\/script>\n\t<\/div> \n<\/div><\/div><div  class=\"vc_row vc-row-wrapper \"  data-parallax_sense=\"30\"><div class=\"wpb_row row\" >\n\t<div class=\"twelve columns vc-column-extra-class-69e6553300d19\"  data-parallax_sense=\"30\">\n\t\t<div class=\"wpb_wrapper\">\n\t\t\t<div class=\"dfd-spacer-module\"  data-units=\"px\" data-wide_size=\"60\" data-normal_resolution=\"1280\" data-normal_size=\"100\" data-tablet_resolution=\"1024\" data-tablet_size=\"80\" data-mobile_resolution=\"800\" data-mobile_size=\"70\" style=\"height: 60px;\"><\/div><div class=\"dfd-heading-shortcode\"><div class=\"dfd-heading-module-wrap  text-center style_02 \" id=\"dfd-heading-69e65533016a4\" ><div class=\"inline-block\"><div class=\"dfd-heading-module\"><h2 class=\"dfd-title \" style=\"font-size: 37px; line-height: 44px; letter-spacing: -1.5px; \">Nossa <strong>Gest\u00e3o<\/strong><\/h2><\/div><\/div><\/div><script type=\"text\/javascript\">(function($) {$(\"head\").append(\"<style>#dfd-heading-69e65533016a4 .dfd-heading-delimiter {margin-top: 10px;margin-bottom: 10px;}@media (max-width: 1023px) and (min-width: 800px){#dfd-heading-69e65533016a4 .dfd-title{font-size: 32px !important;line-height: 38px !important;}}@media (max-width: 799px){#dfd-heading-69e65533016a4 .dfd-title{font-size: 22px !important;line-height: 30px !important;}}@media (max-width: 799px){#dfd-heading-69e65533016a4 .dfd-sub-title{font-size: 10px !important;}}<\/style>\");})(jQuery);<\/script><\/div><div class=\"dfd-spacer-module\"  data-units=\"px\" data-wide_size=\"30\" data-normal_resolution=\"1280\" data-normal_size=\"30\" data-tablet_resolution=\"1024\" data-tablet_size=\"30\" data-mobile_resolution=\"800\" data-mobile_size=\"30\" style=\"height: 30px;\"><\/div>\n\t\t<\/div> <script type=\"text\/javascript\">(function($) {$(\"head\").append(\"<style>@media (max-width: 1280px) and (min-width: 1024px){.columns.vc-column-extra-class-69e6553300d19{padding-left: 20px !important;padding-right: 20px !important;}}@media (max-width: 1023px) and (min-width: 800px){.columns.vc-column-extra-class-69e6553300d19{padding-left: 20px !important;padding-right: 20px !important;}}@media (max-width: 799px){.columns.vc-column-extra-class-69e6553300d19{padding-left: 20px !important;padding-right: 20px !important;}}<\/style>\");})(jQuery);<\/script>\n\t<\/div> \n<\/div><\/div><div  class=\"vc_row vc-row-wrapper \"  data-parallax_sense=\"30\"><div class=\"wpb_row row\" >\n\t<div class=\"twelve columns vc-column-extra-class-69e65533023eb\"  data-parallax_sense=\"30\">\n\t\t<div class=\"wpb_wrapper\">\n\t\t\t<div class=\"vc-row-wrapper vc_inner vc_row-fluid\"><div class=\"row wpb_row\"><div class=\"vc-column-hover-69e6553303448 columns four\"><div class=\"wpb_wrapper\"><div id=\"dfd-info-banner-69e6553303a5d-6437\" class=\"dfd-info-banner style-22  dfd-img-lazy-load  no_content text-center\" ><div class=\"image-cover\"><span class=\"img_wrapper \" ><span class=\"shadow_ov_wrapper\"><span class=\"shadow_ov\"><\/span><\/span><span class=\"img_overflow\"><img decoding=\"async\" src=\"data:image\/svg+xml;charset=utf-8,%3Csvg xmlns%3D'http%3A%2F%2Fwww.w3.org%2F2000%2Fsvg' viewBox%3D'0 0 0 0'%2F%3E\" data-src=\"https:\/\/tanisesabino.com.br\/vereadora\/wp-content\/uploads\/2025\/09\/istockphoto-1412148116-612x612asfd.jpg\" alt=\"Banner image\"  class=\"info-banner-image  \" \/><\/span><\/span><\/div><div class=\"content-wrap\"><\/div><\/div><div class=\"dfd-spacer-module\"  data-units=\"px\" data-wide_size=\"30\" data-normal_resolution=\"1280\" data-normal_size=\"30\" data-tablet_resolution=\"1024\" data-tablet_size=\"30\" data-mobile_resolution=\"800\" data-mobile_size=\"30\" style=\"height: 30px;\"><\/div><\/div><\/div><div class=\"vc-column-hover-69e6553304585 columns eight\"><div class=\"wpb_wrapper\"><div class=\"dfd-spacer-module\"  data-units=\"px\" data-wide_size=\"30\" data-normal_resolution=\"1280\" data-normal_size=\"30\" data-tablet_resolution=\"1024\" data-tablet_size=\"30\" data-mobile_resolution=\"800\" data-mobile_size=\"30\" style=\"height: 30px;\"><\/div>\n\t<div class=\"wpb_text_column wpb_content_element \" >\n\t\t<div class=\"wpb_wrapper\">\n\t\t\t<p>A se\u00e7\u00e3o Nossa Gest\u00e3o apresenta o compromisso da vereadora Tanise Sabino em investir em gest\u00e3o como parte essencial do mandato. Isso inclui a participa\u00e7\u00e3o em capacita\u00e7\u00f5es e treinamentos, mas tamb\u00e9m a implementa\u00e7\u00e3o de pr\u00e1ticas de avalia\u00e7\u00e3o de desempenho, acompanhamento de demandas, reuni\u00f5es de benchmarking e incentivo permanente ao aprimoramento da equipe. Neste espa\u00e7o, reunimos not\u00edcias sobre as iniciativas voltadas \u00e0 qualifica\u00e7\u00e3o, planejamento e organiza\u00e7\u00e3o do trabalho, destacando como a busca por resultados eficientes se alia ao desenvolvimento humano e \u00e0 transpar\u00eancia na condu\u00e7\u00e3o das atividades do gabinete.<\/p>\n\n\t\t<\/div> \n\t<\/div> <div class=\"dfd-spacer-module\"  data-units=\"px\" data-wide_size=\"30\" data-normal_resolution=\"1280\" data-normal_size=\"100\" data-tablet_resolution=\"1024\" data-tablet_size=\"80\" data-mobile_resolution=\"800\" data-mobile_size=\"70\" style=\"height: 30px;\"><\/div>\n\t<div class=\"wpb_text_column wpb_content_element \" >\n\t\t<div class=\"wpb_wrapper\">\n\t\t\t<h4 style=\"text-align: center\">Not\u00edcias<\/h4>\n\n\t\t<\/div> \n\t<\/div> <div class=\"dfd-spacer-module\"  data-units=\"px\" data-wide_size=\"30\" data-normal_resolution=\"1280\" data-normal_size=\"30\" data-tablet_resolution=\"1024\" data-tablet_size=\"30\" data-mobile_resolution=\"800\" data-mobile_size=\"30\" style=\"height: 30px;\"><\/div><div id=\"dfd-blog-posts-69e6553305729\" class=\"dfd-posts-module-wrap\"><div class=\"dfd-posts-module  content-tiny\" ><article class=\"post-27550 post type-post status-publish format-standard has-post-thumbnail hentry category-gestao category-noticias post text-left dfd-standard \" data-category=\" gestao  noticias \"  data-author=\"admin\"><div class=\"cover\"  ><div class=\"entry-thumb dfd-img-lazy-load\">\t\t<span class=\"byline category\" >\r\n\t\t\t<a href=\"https:\/\/tanisesabino.com.br\/vereadora\/category\/gestao\/\" class=\"fn\">\r\n\t\t\t\t<span class=\"cat-name\">Gest\u00e3o<\/span>\r\n\t\t\t<\/a>\r\n\t\t<\/span>\r\n\t\t<a href=\"https:\/\/tanisesabino.com.br\/vereadora\/vereadora-psicologa-tanise-sabino-divulga-prestacao-de-contas-2025\/\" title=\"Vereadora Psic\u00f3loga Tanise Sabino divulga Presta\u00e7\u00e3o de Contas 2025\"><img loading=\"lazy\" decoding=\"async\" src=\"data:image\/svg+xml;charset=utf-8,%3Csvg xmlns%3D'http%3A%2F%2Fwww.w3.org%2F2000%2Fsvg' viewBox%3D'0 0 120 120'%2F%3E\" data-src=\"https:\/\/tanisesabino.com.br\/vereadora\/wp-content\/uploads\/2025\/12\/fnd3-144x144.jpg\" width=\"120\" height=\"120\" alt=\"Vereadora Psic\u00f3loga Tanise Sabino divulga Presta\u00e7\u00e3o de Contas 2025\"  \/><\/a><\/div><div class=\"content-wrap\"><h3 class=\"entry-title\"><a href=\"https:\/\/tanisesabino.com.br\/vereadora\/vereadora-psicologa-tanise-sabino-divulga-prestacao-de-contas-2025\/\">Vereadora Psic\u00f3loga Tanise Sabino divulga Presta\u00e7\u00e3o de Contas 2025<\/a><\/h3><div class=\"entry-meta\"><div class=\"inline-block\"><span class=\"entry-date updated\"><i class=\"dfd-socicon-clock\"><\/i>23 de dezembro de 2025<\/span><\/div><\/div><\/div><\/div><div class=\"dfd-shadow-box hide\"><\/div><\/article><article class=\"post-27532 post type-post status-publish format-standard has-post-thumbnail hentry category-gestao category-noticias post text-left dfd-standard \" data-category=\" gestao  noticias \"  data-author=\"admin\"><div class=\"cover\"  ><div class=\"entry-thumb dfd-img-lazy-load\">\t\t<span class=\"byline category\" >\r\n\t\t\t<a href=\"https:\/\/tanisesabino.com.br\/vereadora\/category\/gestao\/\" class=\"fn\">\r\n\t\t\t\t<span class=\"cat-name\">Gest\u00e3o<\/span>\r\n\t\t\t<\/a>\r\n\t\t<\/span>\r\n\t\t<a href=\"https:\/\/tanisesabino.com.br\/vereadora\/reuniao-reune-equipes-do-casal-sabino-para-apresentacao-da-prestacao-de-contas-dos-mandatos\/\" title=\"Encontro re\u00fane Equipe Sabino para apresenta\u00e7\u00e3o da presta\u00e7\u00e3o de contas dos mandatos\"><img loading=\"lazy\" decoding=\"async\" src=\"data:image\/svg+xml;charset=utf-8,%3Csvg xmlns%3D'http%3A%2F%2Fwww.w3.org%2F2000%2Fsvg' viewBox%3D'0 0 120 120'%2F%3E\" data-src=\"https:\/\/tanisesabino.com.br\/vereadora\/wp-content\/uploads\/2025\/12\/WhatsApp-Image-2025-12-16-at-13.07.58-144x144.jpeg\" width=\"120\" height=\"120\" alt=\"Encontro re\u00fane Equipe Sabino para apresenta\u00e7\u00e3o da presta\u00e7\u00e3o de contas dos mandatos\"  \/><\/a><\/div><div class=\"content-wrap\"><h3 class=\"entry-title\"><a href=\"https:\/\/tanisesabino.com.br\/vereadora\/reuniao-reune-equipes-do-casal-sabino-para-apresentacao-da-prestacao-de-contas-dos-mandatos\/\">Encontro re\u00fane Equipe Sabino para apresenta\u00e7\u00e3o da presta\u00e7\u00e3o de contas dos mandatos<\/a><\/h3><div class=\"entry-meta\"><div class=\"inline-block\"><span class=\"entry-date updated\"><i class=\"dfd-socicon-clock\"><\/i>8 de dezembro de 2025<\/span><\/div><\/div><\/div><\/div><div class=\"dfd-shadow-box hide\"><\/div><\/article><article class=\"post-27260 post type-post status-publish format-standard has-post-thumbnail hentry category-gestao category-noticias post text-left dfd-standard \" data-category=\" gestao  noticias \"  data-author=\"admin\"><div class=\"cover\"  ><div class=\"entry-thumb dfd-img-lazy-load\">\t\t<span class=\"byline category\" >\r\n\t\t\t<a href=\"https:\/\/tanisesabino.com.br\/vereadora\/category\/gestao\/\" class=\"fn\">\r\n\t\t\t\t<span class=\"cat-name\">Gest\u00e3o<\/span>\r\n\t\t\t<\/a>\r\n\t\t<\/span>\r\n\t\t<a href=\"https:\/\/tanisesabino.com.br\/vereadora\/equipe-sabino-participa-do-evento-358\/\" title=\"Equipe Sabino participa do \u201cEvento 358\u201d\"><img loading=\"lazy\" decoding=\"async\" src=\"data:image\/svg+xml;charset=utf-8,%3Csvg xmlns%3D'http%3A%2F%2Fwww.w3.org%2F2000%2Fsvg' viewBox%3D'0 0 120 120'%2F%3E\" data-src=\"https:\/\/tanisesabino.com.br\/vereadora\/wp-content\/uploads\/2025\/10\/fasfafa-144x144.jpg\" width=\"120\" height=\"120\" alt=\"Equipe Sabino participa do \u201cEvento 358\u201d\"  \/><\/a><\/div><div class=\"content-wrap\"><h3 class=\"entry-title\"><a href=\"https:\/\/tanisesabino.com.br\/vereadora\/equipe-sabino-participa-do-evento-358\/\">Equipe Sabino participa do \u201cEvento 358\u201d<\/a><\/h3><div class=\"entry-meta\"><div class=\"inline-block\"><span class=\"entry-date updated\"><i class=\"dfd-socicon-clock\"><\/i>11 de outubro de 2025<\/span><\/div><\/div><\/div><\/div><div class=\"dfd-shadow-box hide\"><\/div><\/article><article class=\"post-27275 post type-post status-publish format-standard has-post-thumbnail hentry category-fp-promocao-a-saude-mental category-gestao category-noticias post text-left dfd-standard \" data-category=\" fp-promocao-a-saude-mental  gestao  noticias \"  data-author=\"admin\"><div class=\"cover\"  ><div class=\"entry-thumb dfd-img-lazy-load\">\t\t<span class=\"byline category\" >\r\n\t\t\t<a href=\"https:\/\/tanisesabino.com.br\/vereadora\/category\/fp-promocao-a-saude-mental\/\" class=\"fn\">\r\n\t\t\t\t<span class=\"cat-name\">FP - Promo\u00e7\u00e3o \u00e0 Sa\u00fade Mental<\/span>\r\n\t\t\t<\/a>\r\n\t\t<\/span>\r\n\t\t<a href=\"https:\/\/tanisesabino.com.br\/vereadora\/tanise-sabino-realiza-reuniao-especial-com-a-equipe-do-gabinete-no-dia-mundial-da-saude-mental-entre-o-erro-e-o-acerto-existe-o-aprendizado\/\" title=\"Tanise Sabino realiza reuni\u00e3o especial com a equipe do gabinete no Dia Mundial da Sa\u00fade Mental: \u201cEntre o erro e o acerto, existe o aprendizado\u201d\"><img loading=\"lazy\" decoding=\"async\" src=\"data:image\/svg+xml;charset=utf-8,%3Csvg xmlns%3D'http%3A%2F%2Fwww.w3.org%2F2000%2Fsvg' viewBox%3D'0 0 120 120'%2F%3E\" data-src=\"https:\/\/tanisesabino.com.br\/vereadora\/wp-content\/uploads\/2025\/10\/WhatsApp-Image-2025-10-12-at-17.14.01-144x144.jpeg\" width=\"120\" height=\"120\" alt=\"Tanise Sabino realiza reuni\u00e3o especial com a equipe do gabinete no Dia Mundial da Sa\u00fade Mental: \u201cEntre o erro e o acerto, existe o aprendizado\u201d\"  \/><\/a><\/div><div class=\"content-wrap\"><h3 class=\"entry-title\"><a href=\"https:\/\/tanisesabino.com.br\/vereadora\/tanise-sabino-realiza-reuniao-especial-com-a-equipe-do-gabinete-no-dia-mundial-da-saude-mental-entre-o-erro-e-o-acerto-existe-o-aprendizado\/\">Tanise Sabino realiza reuni\u00e3o especial com a equipe do gabinete no Dia Mundial da Sa\u00fade Mental: \u201cEntre o erro e o acerto, existe o aprendizado\u201d<\/a><\/h3><div class=\"entry-meta\"><div class=\"inline-block\"><span class=\"entry-date updated\"><i class=\"dfd-socicon-clock\"><\/i>10 de outubro de 2025<\/span><\/div><\/div><\/div><\/div><div class=\"dfd-shadow-box hide\"><\/div><\/article><article class=\"post-27109 post type-post status-publish format-standard has-post-thumbnail hentry category-gestao category-noticias post text-left dfd-standard \" data-category=\" gestao  noticias \"  data-author=\"admin\"><div class=\"cover\"  ><div class=\"entry-thumb dfd-img-lazy-load\">\t\t<span class=\"byline category\" >\r\n\t\t\t<a href=\"https:\/\/tanisesabino.com.br\/vereadora\/category\/gestao\/\" class=\"fn\">\r\n\t\t\t\t<span class=\"cat-name\">Gest\u00e3o<\/span>\r\n\t\t\t<\/a>\r\n\t\t<\/span>\r\n\t\t<a href=\"https:\/\/tanisesabino.com.br\/vereadora\/vereadora-tanise-sabino-participa-do-congregarh-2025-da-abrh-rs\/\" title=\"Vereadora Tanise Sabino participa do CONGREGARH 2025 da ABRH-RS\"><img loading=\"lazy\" decoding=\"async\" src=\"data:image\/svg+xml;charset=utf-8,%3Csvg xmlns%3D'http%3A%2F%2Fwww.w3.org%2F2000%2Fsvg' viewBox%3D'0 0 120 120'%2F%3E\" data-src=\"https:\/\/tanisesabino.com.br\/vereadora\/wp-content\/uploads\/2025\/09\/WhatsApp-Image-2025-09-22-at-18.41.37-144x144.jpeg\" width=\"120\" height=\"120\" alt=\"Vereadora Tanise Sabino participa do CONGREGARH 2025 da ABRH-RS\"  \/><\/a><\/div><div class=\"content-wrap\"><h3 class=\"entry-title\"><a href=\"https:\/\/tanisesabino.com.br\/vereadora\/vereadora-tanise-sabino-participa-do-congregarh-2025-da-abrh-rs\/\">Vereadora Tanise Sabino participa do CONGREGARH 2025 da ABRH-RS<\/a><\/h3><div class=\"entry-meta\"><div class=\"inline-block\"><span class=\"entry-date updated\"><i class=\"dfd-socicon-clock\"><\/i>19 de setembro de 2025<\/span><\/div><\/div><\/div><\/div><div class=\"dfd-shadow-box hide\"><\/div><\/article><\/div><script type=\"text\/javascript\">(function($) {$(\"head\").append(\"<style>#dfd-blog-posts-69e6553305729 > .dfd-posts-module.content-tiny article.post > .cover .entry-thumb img, #dfd-blog-posts-69e6553305729 > .dfd-posts-module.content-tiny article.post > .cover > .entry-thumb {border-radius: 6px;}<\/style>\");})(jQuery);<\/script><\/div><div class=\"dfd-spacer-module\"  data-units=\"px\" data-wide_size=\"30\" data-normal_resolution=\"1280\" data-normal_size=\"30\" data-tablet_resolution=\"1024\" data-tablet_size=\"30\" data-mobile_resolution=\"800\" data-mobile_size=\"30\" style=\"height: 30px;\"><\/div><div id=\"dfd-button-69e655330c5df-5553\" class=\"dfd-button-module-wrap\"><div class=\"dfd-button-module  dfd-button-click-animated style-2 normal text-center\" ><script type=\"text\/javascript\">(function($) {$(\"head\").append(\"<style>#dfd-button-69e655330c5df-5553 .dfd-button-link:not(:hover) .dfd-button-inner-cover .dfd-button-border {}#dfd-button-69e655330c5df-5553 .dfd-button-link:hover .dfd-button-inner-cover .dfd-button-border {}<\/style>\");})(jQuery);<\/script><a href=\"https:\/\/tanisesabino.com.br\/vereadora\/category\/gestao\/\"  class=\"dfd-button-link  dfd-fade\" style=\"\"><span class=\"dfd-button-inner-cover\"><span class=\"dfd-button-text-main\">Acesse mais not\u00edcias<\/span><span class=\"dfd-button-border\"><\/span><\/span><\/a><\/div><\/div><div class=\"dfd-spacer-module\"  data-units=\"px\" data-wide_size=\"30\" data-normal_resolution=\"1280\" data-normal_size=\"30\" data-tablet_resolution=\"1024\" data-tablet_size=\"30\" data-mobile_resolution=\"800\" data-mobile_size=\"30\" style=\"height: 30px;\"><\/div><\/div><\/div><\/div><\/div>\n\t\t<\/div> \n\t<\/div> \n<\/div><\/div>\n","protected":false},"excerpt":{"rendered":"A vereadora psic\u00f3loga Tanise Sabino (MDB) participou do Congregarh 2025, promovido pela Associa\u00e7\u00e3o Brasileira de Recursos Humanos \u2013 seccional Rio Grande do Sul (ABRH-RS), considerado o maior congresso de gest\u00e3o","protected":false},"author":1,"featured_media":0,"parent":2852,"menu_order":0,"comment_status":"closed","ping_status":"closed","template":"tmp-page.php","meta":{"footnotes":""},"class_list":["post-26993","page","type-page","status-publish","hentry"],"_links":{"self":[{"href":"https:\/\/tanisesabino.com.br\/vereadora\/wp-json\/wp\/v2\/pages\/26993","targetHints":{"allow":["GET"]}}],"collection":[{"href":"https:\/\/tanisesabino.com.br\/vereadora\/wp-json\/wp\/v2\/pages"}],"about":[{"href":"https:\/\/tanisesabino.com.br\/vereadora\/wp-json\/wp\/v2\/types\/page"}],"author":[{"embeddable":true,"href":"https:\/\/tanisesabino.com.br\/vereadora\/wp-json\/wp\/v2\/users\/1"}],"replies":[{"embeddable":true,"href":"https:\/\/tanisesabino.com.br\/vereadora\/wp-json\/wp\/v2\/comments?post=26993"}],"version-history":[{"count":13,"href":"https:\/\/tanisesabino.com.br\/vereadora\/wp-json\/wp\/v2\/pages\/26993\/revisions"}],"predecessor-version":[{"id":27206,"href":"https:\/\/tanisesabino.com.br\/vereadora\/wp-json\/wp\/v2\/pages\/26993\/revisions\/27206"}],"up":[{"embeddable":true,"href":"https:\/\/tanisesabino.com.br\/vereadora\/wp-json\/wp\/v2\/pages\/2852"}],"wp:attachment":[{"href":"https:\/\/tanisesabino.com.br\/vereadora\/wp-json\/wp\/v2\/media?parent=26993"}],"curies":[{"name":"wp","href":"https:\/\/api.w.org\/{rel}","templated":true}]}}