{"id":27009,"date":"2025-09-12T15:58:36","date_gmt":"2025-09-12T18:58:36","guid":{"rendered":"https:\/\/tanisesabino.com.br\/vereadora\/?page_id=27009"},"modified":"2025-12-09T12:34:48","modified_gmt":"2025-12-09T15:34:48","slug":"janeiro-branco-promocao-da-saude-mental","status":"publish","type":"page","link":"https:\/\/tanisesabino.com.br\/vereadora\/janeiro-branco-promocao-da-saude-mental\/","title":{"rendered":"Janeiro Branco &#8211; Promo\u00e7\u00e3o da Sa\u00fade Mental"},"content":{"rendered":"<div  class=\"vc_row vc-row-wrapper full_width_content\"  data-parallax_sense=\"30\"><div class=\"wpb_row row\" >\n\t<div class=\"twelve dfd_col-mobile-12 columns vc-column-extra-class-69e6573b7ab91\"  data-parallax_sense=\"30\">\n\t\t<div class=\"wpb_wrapper\">\n\t\t\t<div id=\"dfd-single-image-69e6573b7aed8-3193\" class=\"dfd-single-image-module  image-center dfd-image-shadow dfd-img-lazy-load\" ><img loading=\"lazy\" decoding=\"async\" src=\"data:image\/svg+xml;charset=utf-8,%3Csvg xmlns%3D'http%3A%2F%2Fwww.w3.org%2F2000%2Fsvg' viewBox%3D'0 0 2350 783'%2F%3E\" data-src=\"https:\/\/tanisesabino.com.br\/vereadora\/wp-content\/uploads\/2021\/07\/tanse-sab.jpg\" width=\"2350\" height=\"783\"  alt=\"Image module\"  \/><script type=\"text\/javascript\">(function($) {$(\"head\").append(\"<style>#dfd-single-image-69e6573b7aed8-3193.dfd-image-shadow img {-webkit-box-shadow: 0px 15px 50px 0px rgba(15,2,2,0.37);-moz-box-shadow: 0px 15px 50px 0px rgba(15,2,2,0.37);-o-box-shadow: 0px 15px 50px 0px rgba(15,2,2,0.37);box-shadow: 0px 15px 50px 0px rgba(15,2,2,0.37);}#dfd-single-image-69e6573b7aed8-3193.dfd-image-shadow:hover img {-webkit-box-shadow: 0px 15px 50px 0px rgba(0,0,0,0.35);-moz-box-shadow: 0px 15px 50px 0px rgba(0,0,0,0.35);-o-box-shadow: 0px 15px 50px 0px rgba(0,0,0,0.35);box-shadow: 0px 15px 50px 0px rgba(0,0,0,0.35);}<\/style>\");})(jQuery);<\/script><\/div>\n\t\t<\/div> <script type=\"text\/javascript\">(function($) {$(\"head\").append(\"<style>.columns.vc-column-extra-class-69e6573b7ab91 {background-position: center center !important;}<\/style>\");})(jQuery);<\/script>\n\t<\/div> \n<\/div><\/div><div  class=\"vc_row vc-row-wrapper \"  data-parallax_sense=\"30\"><div class=\"wpb_row row\" >\n\t<div class=\"twelve columns vc-column-extra-class-69e6573b7b92b\"  data-parallax_sense=\"30\">\n\t\t<div class=\"wpb_wrapper\">\n\t\t\t<div class=\"dfd-spacer-module\"  data-units=\"px\" data-wide_size=\"60\" data-normal_resolution=\"1280\" data-normal_size=\"100\" data-tablet_resolution=\"1024\" data-tablet_size=\"80\" data-mobile_resolution=\"800\" data-mobile_size=\"70\" style=\"height: 60px;\"><\/div><div class=\"dfd-heading-shortcode\"><div class=\"dfd-heading-module-wrap  text-center style_02 \" id=\"dfd-heading-69e6573b7bddf\" ><div class=\"inline-block\"><div class=\"dfd-heading-module\"><h2 class=\"dfd-title \" style=\"font-size: 37px; line-height: 44px; letter-spacing: -1.5px; \">Janeiro <strong>Branco\u00a0<\/strong>&#8211; Promo\u00e7\u00e3o da sa\u00fade mental<\/h2><\/div><\/div><\/div><script type=\"text\/javascript\">(function($) {$(\"head\").append(\"<style>#dfd-heading-69e6573b7bddf .dfd-heading-delimiter {margin-top: 10px;margin-bottom: 10px;}@media (max-width: 1023px) and (min-width: 800px){#dfd-heading-69e6573b7bddf .dfd-title{font-size: 32px !important;line-height: 38px !important;}}@media (max-width: 799px){#dfd-heading-69e6573b7bddf .dfd-title{font-size: 22px !important;line-height: 30px !important;}}@media (max-width: 799px){#dfd-heading-69e6573b7bddf .dfd-sub-title{font-size: 10px !important;}}<\/style>\");})(jQuery);<\/script><\/div><div class=\"dfd-spacer-module\"  data-units=\"px\" data-wide_size=\"30\" data-normal_resolution=\"1280\" data-normal_size=\"30\" data-tablet_resolution=\"1024\" data-tablet_size=\"30\" data-mobile_resolution=\"800\" data-mobile_size=\"30\" style=\"height: 30px;\"><\/div>\n\t\t<\/div> <script type=\"text\/javascript\">(function($) {$(\"head\").append(\"<style>@media (max-width: 1280px) and (min-width: 1024px){.columns.vc-column-extra-class-69e6573b7b92b{padding-left: 20px !important;padding-right: 20px !important;}}@media (max-width: 1023px) and (min-width: 800px){.columns.vc-column-extra-class-69e6573b7b92b{padding-left: 20px !important;padding-right: 20px !important;}}@media (max-width: 799px){.columns.vc-column-extra-class-69e6573b7b92b{padding-left: 20px !important;padding-right: 20px !important;}}<\/style>\");})(jQuery);<\/script>\n\t<\/div> \n<\/div><\/div><div  class=\"vc_row vc-row-wrapper \"  data-parallax_sense=\"30\"><div class=\"wpb_row row\" >\n\t<div class=\"twelve columns vc-column-extra-class-69e6573b7c79b\"  data-parallax_sense=\"30\">\n\t\t<div class=\"wpb_wrapper\">\n\t\t\t<div class=\"vc-row-wrapper vc_inner vc_row-fluid\"><div class=\"row wpb_row\"><div class=\"vc-column-hover-69e6573b7d398 columns four\"><div class=\"wpb_wrapper\"><div id=\"dfd-single-image-69e6573b7d655-4256\" class=\"dfd-single-image-module  image-center dfd-image-shadow dfd-img-lazy-load\" ><img loading=\"lazy\" decoding=\"async\" src=\"data:image\/svg+xml;charset=utf-8,%3Csvg xmlns%3D'http%3A%2F%2Fwww.w3.org%2F2000%2Fsvg' viewBox%3D'0 0 1280 960'%2F%3E\" data-src=\"https:\/\/tanisesabino.com.br\/vereadora\/wp-content\/uploads\/2025\/12\/WhatsApp-Image-2025-12-09-at-09.02.28.jpeg\" width=\"1280\" height=\"960\"  alt=\"Image module\"  \/><script type=\"text\/javascript\">(function($) {$(\"head\").append(\"<style>#dfd-single-image-69e6573b7d655-4256.dfd-image-shadow img {-webkit-box-shadow: 0px 15px 50px 0px rgba(255,255,255,0);-moz-box-shadow: 0px 15px 50px 0px rgba(255,255,255,0);-o-box-shadow: 0px 15px 50px 0px rgba(255,255,255,0);box-shadow: 0px 15px 50px 0px rgba(255,255,255,0);}#dfd-single-image-69e6573b7d655-4256.dfd-image-shadow:hover img {-webkit-box-shadow: 0px 15px 50px 0px rgba(0,0,0,0.35);-moz-box-shadow: 0px 15px 50px 0px rgba(0,0,0,0.35);-o-box-shadow: 0px 15px 50px 0px rgba(0,0,0,0.35);box-shadow: 0px 15px 50px 0px rgba(0,0,0,0.35);}<\/style>\");})(jQuery);<\/script><\/div><div class=\"dfd-spacer-module\"  data-units=\"px\" data-wide_size=\"30\" data-normal_resolution=\"1280\" data-normal_size=\"30\" data-tablet_resolution=\"1024\" data-tablet_size=\"30\" data-mobile_resolution=\"800\" data-mobile_size=\"30\" style=\"height: 30px;\"><\/div><\/div><\/div><div class=\"vc-column-hover-69e6573b7dd58 columns eight\"><div class=\"wpb_wrapper\"><div class=\"dfd-spacer-module\"  data-units=\"px\" data-wide_size=\"30\" data-normal_resolution=\"1280\" data-normal_size=\"30\" data-tablet_resolution=\"1024\" data-tablet_size=\"30\" data-mobile_resolution=\"800\" data-mobile_size=\"30\" style=\"height: 30px;\"><\/div>\n\t<div class=\"wpb_text_column wpb_content_element \" >\n\t\t<div class=\"wpb_wrapper\">\n\t\t\t<p data-start=\"248\" data-end=\"806\">O m\u00eas de janeiro \u00e9 dedicado \u00e0 <strong>conscientiza\u00e7\u00e3o sobre a import\u00e2ncia da sa\u00fade mental<\/strong>, um tema essencial para a qualidade de vida e para o bem-estar coletivo. Criada em <strong>2014 no Brasil<\/strong>, a campanha \u201cJaneiro Branco\u201d busca incentivar reflex\u00f5es, di\u00e1logos e a\u00e7\u00f5es voltadas \u00e0 preven\u00e7\u00e3o de transtornos mentais e \u00e0 promo\u00e7\u00e3o de uma vida mais equilibrada. Segundo a Organiza\u00e7\u00e3o Mundial da Sa\u00fade (OMS), uma em cada quatro pessoas no mundo ser\u00e1 afetada por algum transtorno mental ao longo da vida, o que torna urgente quebrar tabus e ampliar pol\u00edticas p\u00fablicas nesta \u00e1rea.<\/p>\n<p>A cor <strong data-start=\"6\" data-end=\"16\">branca<\/strong> foi escolhida para o <strong data-start=\"38\" data-end=\"56\">Janeiro Branco<\/strong> porque simboliza <strong data-start=\"74\" data-end=\"89\">um recome\u00e7o<\/strong>, um <strong data-start=\"94\" data-end=\"114\">quadro em branco<\/strong> onde cada pessoa pode escrever uma nova hist\u00f3ria para sua vida. O m\u00eas de janeiro, por ser o primeiro do ano, j\u00e1 traz naturalmente essa ideia de renova\u00e7\u00e3o, de metas e de planejamentos. A cor branca refor\u00e7a esse simbolismo: \u00e9 neutra, pura e receptiva, representando paz, equil\u00edbrio e a possibilidade de criar novas narrativas para o cuidado da mente e das emo\u00e7\u00f5es. Al\u00e9m disso, o branco transmite a ideia de <strong data-start=\"526\" data-end=\"563\">clareza, transpar\u00eancia e reflex\u00e3o<\/strong>, elementos fundamentais quando se fala em sa\u00fade mental e na constru\u00e7\u00e3o de uma vida com mais sentido e bem-estar.<\/p>\n<p data-start=\"808\" data-end=\"1255\">No Rio Grande do Sul, o deputado <strong data-start=\"841\" data-end=\"900\">Elizandro Sabino \u00e9 autor da Lei Estadual n\u00ba 15.412\/2019<\/strong>, que institui oficialmente o Janeiro Branco como Campanha de Est\u00edmulo ao Cuidado da Sa\u00fade Mental em todo o Estado. Em Porto Alegre, a vereadora psic\u00f3loga <strong data-start=\"1055\" data-end=\"1113\">Tanise Sabino \u00e9 autora da Lei Municipal n\u00ba 13.506\/2023<\/strong>, que criou a Caminhada do Janeiro Branco, refor\u00e7ando a mobiliza\u00e7\u00e3o da sociedade e do poder p\u00fablico em torno da valoriza\u00e7\u00e3o da sa\u00fade mental.<\/p>\n\n\t\t<\/div> \n\t<\/div> <div class=\"dfd-spacer-module\"  data-units=\"px\" data-wide_size=\"30\" data-normal_resolution=\"1280\" data-normal_size=\"100\" data-tablet_resolution=\"1024\" data-tablet_size=\"80\" data-mobile_resolution=\"800\" data-mobile_size=\"70\" style=\"height: 30px;\"><\/div><\/div><\/div><\/div><\/div>\n\t\t<\/div> \n\t<\/div> \n<\/div><\/div>\n","protected":false},"excerpt":{"rendered":"Janeiro Branco\u00a0- Promo\u00e7\u00e3o da sa\u00fade mental O m\u00eas de janeiro \u00e9 dedicado \u00e0 conscientiza\u00e7\u00e3o sobre a import\u00e2ncia da sa\u00fade mental, um tema essencial para a qualidade de vida e para","protected":false},"author":1,"featured_media":27492,"parent":0,"menu_order":0,"comment_status":"closed","ping_status":"closed","template":"tmp-page.php","meta":{"footnotes":""},"class_list":["post-27009","page","type-page","status-publish","has-post-thumbnail","hentry"],"_links":{"self":[{"href":"https:\/\/tanisesabino.com.br\/vereadora\/wp-json\/wp\/v2\/pages\/27009","targetHints":{"allow":["GET"]}}],"collection":[{"href":"https:\/\/tanisesabino.com.br\/vereadora\/wp-json\/wp\/v2\/pages"}],"about":[{"href":"https:\/\/tanisesabino.com.br\/vereadora\/wp-json\/wp\/v2\/types\/page"}],"author":[{"embeddable":true,"href":"https:\/\/tanisesabino.com.br\/vereadora\/wp-json\/wp\/v2\/users\/1"}],"replies":[{"embeddable":true,"href":"https:\/\/tanisesabino.com.br\/vereadora\/wp-json\/wp\/v2\/comments?post=27009"}],"version-history":[{"count":10,"href":"https:\/\/tanisesabino.com.br\/vereadora\/wp-json\/wp\/v2\/pages\/27009\/revisions"}],"predecessor-version":[{"id":27483,"href":"https:\/\/tanisesabino.com.br\/vereadora\/wp-json\/wp\/v2\/pages\/27009\/revisions\/27483"}],"wp:featuredmedia":[{"embeddable":true,"href":"https:\/\/tanisesabino.com.br\/vereadora\/wp-json\/wp\/v2\/media\/27492"}],"wp:attachment":[{"href":"https:\/\/tanisesabino.com.br\/vereadora\/wp-json\/wp\/v2\/media?parent=27009"}],"curies":[{"name":"wp","href":"https:\/\/api.w.org\/{rel}","templated":true}]}}