{"id":27016,"date":"2025-09-12T16:08:50","date_gmt":"2025-09-12T19:08:50","guid":{"rendered":"https:\/\/tanisesabino.com.br\/vereadora\/?page_id=27016"},"modified":"2025-12-09T15:58:34","modified_gmt":"2025-12-09T18:58:34","slug":"maio-verde-conscientizacao-sobre-a-esquizofrenia","status":"publish","type":"page","link":"https:\/\/tanisesabino.com.br\/vereadora\/maio-verde-conscientizacao-sobre-a-esquizofrenia\/","title":{"rendered":"Maio Verde &#8211;  Conscientiza\u00e7\u00e3o sobre a esquizofrenia"},"content":{"rendered":"<div  class=\"vc_row vc-row-wrapper full_width_content\"  data-parallax_sense=\"30\"><div class=\"wpb_row row\" >\n\t<div class=\"twelve dfd_col-mobile-12 columns vc-column-extra-class-69e666b9bc365\"  data-parallax_sense=\"30\">\n\t\t<div class=\"wpb_wrapper\">\n\t\t\t<div id=\"dfd-single-image-69e666b9bc753-4874\" class=\"dfd-single-image-module  image-center dfd-image-shadow dfd-img-lazy-load\" ><img loading=\"lazy\" decoding=\"async\" src=\"data:image\/svg+xml;charset=utf-8,%3Csvg xmlns%3D'http%3A%2F%2Fwww.w3.org%2F2000%2Fsvg' viewBox%3D'0 0 2350 783'%2F%3E\" data-src=\"https:\/\/tanisesabino.com.br\/vereadora\/wp-content\/uploads\/2021\/07\/tanse-sab.jpg\" width=\"2350\" height=\"783\"  alt=\"Image module\"  \/><script type=\"text\/javascript\">(function($) {$(\"head\").append(\"<style>#dfd-single-image-69e666b9bc753-4874.dfd-image-shadow img {-webkit-box-shadow: 0px 15px 50px 0px rgba(15,2,2,0.37);-moz-box-shadow: 0px 15px 50px 0px rgba(15,2,2,0.37);-o-box-shadow: 0px 15px 50px 0px rgba(15,2,2,0.37);box-shadow: 0px 15px 50px 0px rgba(15,2,2,0.37);}#dfd-single-image-69e666b9bc753-4874.dfd-image-shadow:hover img {-webkit-box-shadow: 0px 15px 50px 0px rgba(0,0,0,0.35);-moz-box-shadow: 0px 15px 50px 0px rgba(0,0,0,0.35);-o-box-shadow: 0px 15px 50px 0px rgba(0,0,0,0.35);box-shadow: 0px 15px 50px 0px rgba(0,0,0,0.35);}<\/style>\");})(jQuery);<\/script><\/div>\n\t\t<\/div> <script type=\"text\/javascript\">(function($) {$(\"head\").append(\"<style>.columns.vc-column-extra-class-69e666b9bc365 {background-position: center center !important;}<\/style>\");})(jQuery);<\/script>\n\t<\/div> \n<\/div><\/div><div  class=\"vc_row vc-row-wrapper \"  data-parallax_sense=\"30\"><div class=\"wpb_row row\" >\n\t<div class=\"twelve columns vc-column-extra-class-69e666b9be26c\"  data-parallax_sense=\"30\">\n\t\t<div class=\"wpb_wrapper\">\n\t\t\t<div class=\"dfd-spacer-module\"  data-units=\"px\" data-wide_size=\"60\" data-normal_resolution=\"1280\" data-normal_size=\"100\" data-tablet_resolution=\"1024\" data-tablet_size=\"80\" data-mobile_resolution=\"800\" data-mobile_size=\"70\" style=\"height: 60px;\"><\/div><div class=\"dfd-heading-shortcode\"><div class=\"dfd-heading-module-wrap  text-center style_02 \" id=\"dfd-heading-69e666b9be955\" ><div class=\"inline-block\"><div class=\"dfd-heading-module\"><h2 class=\"dfd-title \" style=\"font-size: 37px; line-height: 44px; letter-spacing: -1.5px; \">Maio <strong>Verde<\/strong> &#8211; Conscientiza\u00e7\u00e3o sobre a esquizofrenia<\/h2><\/div><\/div><\/div><script type=\"text\/javascript\">(function($) {$(\"head\").append(\"<style>#dfd-heading-69e666b9be955 .dfd-heading-delimiter {margin-top: 10px;margin-bottom: 10px;}@media (max-width: 1023px) and (min-width: 800px){#dfd-heading-69e666b9be955 .dfd-title{font-size: 32px !important;line-height: 38px !important;}}@media (max-width: 799px){#dfd-heading-69e666b9be955 .dfd-title{font-size: 22px !important;line-height: 30px !important;}}@media (max-width: 799px){#dfd-heading-69e666b9be955 .dfd-sub-title{font-size: 10px !important;}}<\/style>\");})(jQuery);<\/script><\/div><div class=\"dfd-spacer-module\"  data-units=\"px\" data-wide_size=\"30\" data-normal_resolution=\"1280\" data-normal_size=\"30\" data-tablet_resolution=\"1024\" data-tablet_size=\"30\" data-mobile_resolution=\"800\" data-mobile_size=\"30\" style=\"height: 30px;\"><\/div>\n\t\t<\/div> <script type=\"text\/javascript\">(function($) {$(\"head\").append(\"<style>@media (max-width: 1280px) and (min-width: 1024px){.columns.vc-column-extra-class-69e666b9be26c{padding-left: 20px !important;padding-right: 20px !important;}}@media (max-width: 1023px) and (min-width: 800px){.columns.vc-column-extra-class-69e666b9be26c{padding-left: 20px !important;padding-right: 20px !important;}}@media (max-width: 799px){.columns.vc-column-extra-class-69e666b9be26c{padding-left: 20px !important;padding-right: 20px !important;}}<\/style>\");})(jQuery);<\/script>\n\t<\/div> \n<\/div><\/div><div  class=\"vc_row vc-row-wrapper \"  data-parallax_sense=\"30\"><div class=\"wpb_row row\" >\n\t<div class=\"twelve columns vc-column-extra-class-69e666b9bf63c\"  data-parallax_sense=\"30\">\n\t\t<div class=\"wpb_wrapper\">\n\t\t\t<div class=\"vc-row-wrapper vc_inner vc_row-fluid\"><div class=\"row wpb_row\"><div class=\"vc-column-hover-69e666b9c0607 columns four\"><div class=\"wpb_wrapper\"><div id=\"dfd-single-image-69e666b9c098e-3398\" class=\"dfd-single-image-module  image-center dfd-image-shadow dfd-img-lazy-load\" ><img loading=\"lazy\" decoding=\"async\" src=\"data:image\/svg+xml;charset=utf-8,%3Csvg xmlns%3D'http%3A%2F%2Fwww.w3.org%2F2000%2Fsvg' viewBox%3D'0 0 1024 681'%2F%3E\" data-src=\"https:\/\/tanisesabino.com.br\/vereadora\/wp-content\/uploads\/2025\/12\/WhatsApp-Image-2025-12-09-at-09.04.51.jpeg\" width=\"1024\" height=\"681\"  alt=\"Image module\"  \/><script type=\"text\/javascript\">(function($) {$(\"head\").append(\"<style>#dfd-single-image-69e666b9c098e-3398.dfd-image-shadow img {-webkit-box-shadow: 0px 15px 50px 0px rgba(255,255,255,0);-moz-box-shadow: 0px 15px 50px 0px rgba(255,255,255,0);-o-box-shadow: 0px 15px 50px 0px rgba(255,255,255,0);box-shadow: 0px 15px 50px 0px rgba(255,255,255,0);}#dfd-single-image-69e666b9c098e-3398.dfd-image-shadow:hover img {-webkit-box-shadow: 0px 15px 50px 0px rgba(0,0,0,0.35);-moz-box-shadow: 0px 15px 50px 0px rgba(0,0,0,0.35);-o-box-shadow: 0px 15px 50px 0px rgba(0,0,0,0.35);box-shadow: 0px 15px 50px 0px rgba(0,0,0,0.35);}<\/style>\");})(jQuery);<\/script><\/div><div class=\"dfd-spacer-module\"  data-units=\"px\" data-wide_size=\"30\" data-normal_resolution=\"1280\" data-normal_size=\"30\" data-tablet_resolution=\"1024\" data-tablet_size=\"30\" data-mobile_resolution=\"800\" data-mobile_size=\"30\" style=\"height: 30px;\"><\/div><\/div><\/div><div class=\"vc-column-hover-69e666b9c1230 columns eight\"><div class=\"wpb_wrapper\"><div class=\"dfd-spacer-module\"  data-units=\"px\" data-wide_size=\"30\" data-normal_resolution=\"1280\" data-normal_size=\"30\" data-tablet_resolution=\"1024\" data-tablet_size=\"30\" data-mobile_resolution=\"800\" data-mobile_size=\"30\" style=\"height: 30px;\"><\/div>\n\t<div class=\"wpb_text_column wpb_content_element \" >\n\t\t<div class=\"wpb_wrapper\">\n\t\t\t<p data-start=\"190\" data-end=\"588\">O \u201cMaio Verde\u201d chama aten\u00e7\u00e3o para a esquizofrenia, transtorno mental grave que afeta cerca de 1% da popula\u00e7\u00e3o mundial, de acordo com a OMS. Caracteriza-se por altera\u00e7\u00f5es no pensamento, nas emo\u00e7\u00f5es e no comportamento, exigindo acompanhamento cont\u00ednuo e tratamento especializado. A campanha busca reduzir o estigma, informar a popula\u00e7\u00e3o e apoiar fam\u00edlias e pacientes que convivem com o diagn\u00f3stico.<\/p>\n<p data-start=\"590\" data-end=\"955\">A cor <strong data-start=\"596\" data-end=\"605\">verde<\/strong> foi escolhida por simbolizar esperan\u00e7a, equil\u00edbrio e sa\u00fade. Ela transmite a ideia de renova\u00e7\u00e3o da vida, acolhimento e tranquilidade \u2014 valores essenciais quando se fala em sa\u00fade mental e inclus\u00e3o social. Tamb\u00e9m remete ao crescimento e ao recome\u00e7o, refor\u00e7ando a mensagem de que, com tratamento e apoio adequados, a pessoa pode ter qualidade de vida.<\/p>\n<p data-start=\"957\" data-end=\"1385\">Em Porto Alegre, a vereadora <strong data-start=\"986\" data-end=\"1078\">Tanise Sabino \u00e9 autora da lei que instituiu o Maio Verde no calend\u00e1rio oficial da cidade<\/strong>, legisla\u00e7\u00e3o criada a partir de uma solicita\u00e7\u00e3o da <strong data-start=\"1129\" data-end=\"1203\">AGAFAPE \u2013 Associa\u00e7\u00e3o Ga\u00facha de Familiares de Pacientes Esquizofr\u00eanicos<\/strong>. Essa conquista reflete o di\u00e1logo entre sociedade civil e poder p\u00fablico e amplia a visibilidade para uma das condi\u00e7\u00f5es de sa\u00fade mental mais desafiadoras e cercadas de preconceito.<\/p>\n\n\t\t<\/div> \n\t<\/div> <div class=\"dfd-spacer-module\"  data-units=\"px\" data-wide_size=\"30\" data-normal_resolution=\"1280\" data-normal_size=\"100\" data-tablet_resolution=\"1024\" data-tablet_size=\"80\" data-mobile_resolution=\"800\" data-mobile_size=\"70\" style=\"height: 30px;\"><\/div><\/div><\/div><\/div><\/div>\n\t\t<\/div> \n\t<\/div> \n<\/div><\/div>\n","protected":false},"excerpt":{"rendered":"Maio Verde - Conscientiza\u00e7\u00e3o sobre a esquizofrenia O \u201cMaio Verde\u201d chama aten\u00e7\u00e3o para a esquizofrenia, transtorno mental grave que afeta cerca de 1% da popula\u00e7\u00e3o mundial, de acordo com a","protected":false},"author":1,"featured_media":0,"parent":0,"menu_order":0,"comment_status":"closed","ping_status":"closed","template":"tmp-page.php","meta":{"footnotes":""},"class_list":["post-27016","page","type-page","status-publish","hentry"],"_links":{"self":[{"href":"https:\/\/tanisesabino.com.br\/vereadora\/wp-json\/wp\/v2\/pages\/27016","targetHints":{"allow":["GET"]}}],"collection":[{"href":"https:\/\/tanisesabino.com.br\/vereadora\/wp-json\/wp\/v2\/pages"}],"about":[{"href":"https:\/\/tanisesabino.com.br\/vereadora\/wp-json\/wp\/v2\/types\/page"}],"author":[{"embeddable":true,"href":"https:\/\/tanisesabino.com.br\/vereadora\/wp-json\/wp\/v2\/users\/1"}],"replies":[{"embeddable":true,"href":"https:\/\/tanisesabino.com.br\/vereadora\/wp-json\/wp\/v2\/comments?post=27016"}],"version-history":[{"count":3,"href":"https:\/\/tanisesabino.com.br\/vereadora\/wp-json\/wp\/v2\/pages\/27016\/revisions"}],"predecessor-version":[{"id":27495,"href":"https:\/\/tanisesabino.com.br\/vereadora\/wp-json\/wp\/v2\/pages\/27016\/revisions\/27495"}],"wp:attachment":[{"href":"https:\/\/tanisesabino.com.br\/vereadora\/wp-json\/wp\/v2\/media?parent=27016"}],"curies":[{"name":"wp","href":"https:\/\/api.w.org\/{rel}","templated":true}]}}