{"id":27018,"date":"2025-09-12T16:12:26","date_gmt":"2025-09-12T19:12:26","guid":{"rendered":"https:\/\/tanisesabino.com.br\/vereadora\/?page_id=27018"},"modified":"2025-12-09T12:29:14","modified_gmt":"2025-12-09T15:29:14","slug":"junho-laranja-prevencao-de-queimaduras","status":"publish","type":"page","link":"https:\/\/tanisesabino.com.br\/vereadora\/junho-laranja-prevencao-de-queimaduras\/","title":{"rendered":"Junho Laranja \u2013 Preven\u00e7\u00e3o de queimaduras"},"content":{"rendered":"<div  class=\"vc_row vc-row-wrapper full_width_content\"  data-parallax_sense=\"30\"><div class=\"wpb_row row\" >\n\t<div class=\"twelve dfd_col-mobile-12 columns vc-column-extra-class-69e6668421f19\"  data-parallax_sense=\"30\">\n\t\t<div class=\"wpb_wrapper\">\n\t\t\t<div id=\"dfd-single-image-69e66684222ec-2043\" class=\"dfd-single-image-module  image-center dfd-image-shadow dfd-img-lazy-load\" ><img loading=\"lazy\" decoding=\"async\" src=\"data:image\/svg+xml;charset=utf-8,%3Csvg xmlns%3D'http%3A%2F%2Fwww.w3.org%2F2000%2Fsvg' viewBox%3D'0 0 2350 783'%2F%3E\" data-src=\"https:\/\/tanisesabino.com.br\/vereadora\/wp-content\/uploads\/2021\/07\/tanse-sab.jpg\" width=\"2350\" height=\"783\"  alt=\"Image module\"  \/><script type=\"text\/javascript\">(function($) {$(\"head\").append(\"<style>#dfd-single-image-69e66684222ec-2043.dfd-image-shadow img {-webkit-box-shadow: 0px 15px 50px 0px rgba(15,2,2,0.37);-moz-box-shadow: 0px 15px 50px 0px rgba(15,2,2,0.37);-o-box-shadow: 0px 15px 50px 0px rgba(15,2,2,0.37);box-shadow: 0px 15px 50px 0px rgba(15,2,2,0.37);}#dfd-single-image-69e66684222ec-2043.dfd-image-shadow:hover img {-webkit-box-shadow: 0px 15px 50px 0px rgba(0,0,0,0.35);-moz-box-shadow: 0px 15px 50px 0px rgba(0,0,0,0.35);-o-box-shadow: 0px 15px 50px 0px rgba(0,0,0,0.35);box-shadow: 0px 15px 50px 0px rgba(0,0,0,0.35);}<\/style>\");})(jQuery);<\/script><\/div>\n\t\t<\/div> <script type=\"text\/javascript\">(function($) {$(\"head\").append(\"<style>.columns.vc-column-extra-class-69e6668421f19 {background-position: center center !important;}<\/style>\");})(jQuery);<\/script>\n\t<\/div> \n<\/div><\/div><div  class=\"vc_row vc-row-wrapper \"  data-parallax_sense=\"30\"><div class=\"wpb_row row\" >\n\t<div class=\"twelve columns vc-column-extra-class-69e6668423327\"  data-parallax_sense=\"30\">\n\t\t<div class=\"wpb_wrapper\">\n\t\t\t<div class=\"dfd-spacer-module\"  data-units=\"px\" data-wide_size=\"60\" data-normal_resolution=\"1280\" data-normal_size=\"100\" data-tablet_resolution=\"1024\" data-tablet_size=\"80\" data-mobile_resolution=\"800\" data-mobile_size=\"70\" style=\"height: 60px;\"><\/div><div class=\"dfd-heading-shortcode\"><div class=\"dfd-heading-module-wrap  text-center style_02 \" id=\"dfd-heading-69e6668423a12\" ><div class=\"inline-block\"><div class=\"dfd-heading-module\"><h2 class=\"dfd-title \" style=\"font-size: 37px; line-height: 44px; letter-spacing: -1.5px; \">Junho <strong>Laranja<\/strong> \u2013 Preven\u00e7\u00e3o de queimaduras<\/h2><\/div><\/div><\/div><script type=\"text\/javascript\">(function($) {$(\"head\").append(\"<style>#dfd-heading-69e6668423a12 .dfd-heading-delimiter {margin-top: 10px;margin-bottom: 10px;}@media (max-width: 1023px) and (min-width: 800px){#dfd-heading-69e6668423a12 .dfd-title{font-size: 32px !important;line-height: 38px !important;}}@media (max-width: 799px){#dfd-heading-69e6668423a12 .dfd-title{font-size: 22px !important;line-height: 30px !important;}}@media (max-width: 799px){#dfd-heading-69e6668423a12 .dfd-sub-title{font-size: 10px !important;}}<\/style>\");})(jQuery);<\/script><\/div><div class=\"dfd-spacer-module\"  data-units=\"px\" data-wide_size=\"30\" data-normal_resolution=\"1280\" data-normal_size=\"30\" data-tablet_resolution=\"1024\" data-tablet_size=\"30\" data-mobile_resolution=\"800\" data-mobile_size=\"30\" style=\"height: 30px;\"><\/div>\n\t\t<\/div> <script type=\"text\/javascript\">(function($) {$(\"head\").append(\"<style>@media (max-width: 1280px) and (min-width: 1024px){.columns.vc-column-extra-class-69e6668423327{padding-left: 20px !important;padding-right: 20px !important;}}@media (max-width: 1023px) and (min-width: 800px){.columns.vc-column-extra-class-69e6668423327{padding-left: 20px !important;padding-right: 20px !important;}}@media (max-width: 799px){.columns.vc-column-extra-class-69e6668423327{padding-left: 20px !important;padding-right: 20px !important;}}<\/style>\");})(jQuery);<\/script>\n\t<\/div> \n<\/div><\/div><div  class=\"vc_row vc-row-wrapper \"  data-parallax_sense=\"30\"><div class=\"wpb_row row\" >\n\t<div class=\"twelve columns vc-column-extra-class-69e66684244c1\"  data-parallax_sense=\"30\">\n\t\t<div class=\"wpb_wrapper\">\n\t\t\t<div class=\"vc-row-wrapper vc_inner vc_row-fluid\"><div class=\"row wpb_row\"><div class=\"vc-column-hover-69e6668425827 columns four\"><div class=\"wpb_wrapper\"><div id=\"dfd-single-image-69e6668425cde-6968\" class=\"dfd-single-image-module  image-center dfd-image-shadow dfd-img-lazy-load\" ><img loading=\"lazy\" decoding=\"async\" src=\"data:image\/svg+xml;charset=utf-8,%3Csvg xmlns%3D'http%3A%2F%2Fwww.w3.org%2F2000%2Fsvg' viewBox%3D'0 0 1024 768'%2F%3E\" data-src=\"https:\/\/tanisesabino.com.br\/vereadora\/wp-content\/uploads\/2025\/12\/WhatsApp-Image-2025-12-09-at-09.03.20.jpeg\" width=\"1024\" height=\"768\"  alt=\"Image module\"  \/><script type=\"text\/javascript\">(function($) {$(\"head\").append(\"<style>#dfd-single-image-69e6668425cde-6968.dfd-image-shadow img {-webkit-box-shadow: 0px 15px 50px 0px rgba(255,255,255,0);-moz-box-shadow: 0px 15px 50px 0px rgba(255,255,255,0);-o-box-shadow: 0px 15px 50px 0px rgba(255,255,255,0);box-shadow: 0px 15px 50px 0px rgba(255,255,255,0);}#dfd-single-image-69e6668425cde-6968.dfd-image-shadow:hover img {-webkit-box-shadow: 0px 15px 50px 0px rgba(0,0,0,0.35);-moz-box-shadow: 0px 15px 50px 0px rgba(0,0,0,0.35);-o-box-shadow: 0px 15px 50px 0px rgba(0,0,0,0.35);box-shadow: 0px 15px 50px 0px rgba(0,0,0,0.35);}<\/style>\");})(jQuery);<\/script><\/div><div class=\"dfd-spacer-module\"  data-units=\"px\" data-wide_size=\"30\" data-normal_resolution=\"1280\" data-normal_size=\"30\" data-tablet_resolution=\"1024\" data-tablet_size=\"30\" data-mobile_resolution=\"800\" data-mobile_size=\"30\" style=\"height: 30px;\"><\/div><\/div><\/div><div class=\"vc-column-hover-69e6668427753 columns eight\"><div class=\"wpb_wrapper\"><div class=\"dfd-spacer-module\"  data-units=\"px\" data-wide_size=\"30\" data-normal_resolution=\"1280\" data-normal_size=\"30\" data-tablet_resolution=\"1024\" data-tablet_size=\"30\" data-mobile_resolution=\"800\" data-mobile_size=\"30\" style=\"height: 30px;\"><\/div>\n\t<div class=\"wpb_text_column wpb_content_element \" >\n\t\t<div class=\"wpb_wrapper\">\n\t\t\t<p data-start=\"186\" data-end=\"727\">No m\u00eas de junho, a campanha nacional destaca a import\u00e2ncia da preven\u00e7\u00e3o de queimaduras, acidentes que est\u00e3o entre as principais causas de interna\u00e7\u00f5es hospitalares no Brasil. Segundo o Minist\u00e9rio da Sa\u00fade, mais de <strong data-start=\"399\" data-end=\"493\">150 mil pessoas s\u00e3o atendidas por ano no Sistema \u00danico de Sa\u00fade (SUS) devido a queimaduras<\/strong>, sendo que <strong data-start=\"505\" data-end=\"546\">cerca de 40% das v\u00edtimas s\u00e3o crian\u00e7as<\/strong>. Ainda de acordo com a Sociedade Brasileira de Queimaduras, <strong data-start=\"607\" data-end=\"724\">a cada tr\u00eas dias uma crian\u00e7a morre no pa\u00eds em decorr\u00eancia de acidentes com fogo, l\u00edquidos quentes ou eletricidade<\/strong>.<\/p>\n<p data-start=\"729\" data-end=\"1116\">A vereadora <strong data-start=\"741\" data-end=\"799\">Tanise Sabino \u00e9 autora da Lei Municipal n\u00ba 13.355\/2023<\/strong>, que instituiu oficialmente o <strong data-start=\"830\" data-end=\"899\">Junho Laranja \u2013 M\u00eas de Conscientiza\u00e7\u00e3o e Preven\u00e7\u00e3o de Queimaduras<\/strong> em Porto Alegre. A proposta nasceu a partir do pedido de uma paciente que sofreu queimaduras em 40% do corpo, trazendo \u00e0 tona a urg\u00eancia de ampliar o debate, informar a popula\u00e7\u00e3o e valorizar pol\u00edticas de preven\u00e7\u00e3o.<\/p>\n<p data-start=\"1118\" data-end=\"1526\">A campanha alerta para cuidados simples que podem salvar vidas, como manter l\u00edquidos quentes fora do alcance de crian\u00e7as, evitar o uso de \u00e1lcool l\u00edquido em casa e adotar pr\u00e1ticas seguras em cozinhas e ambientes de trabalho. Estudos mostram que <strong data-start=\"1362\" data-end=\"1431\">90% das queimaduras poderiam ser evitadas com medidas preventivas<\/strong>, o que refor\u00e7a a import\u00e2ncia da conscientiza\u00e7\u00e3o e da mobiliza\u00e7\u00e3o social em torno deste tema.<\/p>\n\n\t\t<\/div> \n\t<\/div> <div class=\"dfd-spacer-module\"  data-units=\"px\" data-wide_size=\"30\" data-normal_resolution=\"1280\" data-normal_size=\"100\" data-tablet_resolution=\"1024\" data-tablet_size=\"80\" data-mobile_resolution=\"800\" data-mobile_size=\"70\" style=\"height: 30px;\"><\/div><\/div><\/div><\/div><\/div>\n\t\t<\/div> \n\t<\/div> \n<\/div><\/div>\n","protected":false},"excerpt":{"rendered":"Junho Laranja \u2013 Preven\u00e7\u00e3o de queimaduras No m\u00eas de junho, a campanha nacional destaca a import\u00e2ncia da preven\u00e7\u00e3o de queimaduras, acidentes que est\u00e3o entre as principais causas de interna\u00e7\u00f5es hospitalares","protected":false},"author":1,"featured_media":0,"parent":0,"menu_order":0,"comment_status":"closed","ping_status":"closed","template":"tmp-page.php","meta":{"footnotes":""},"class_list":["post-27018","page","type-page","status-publish","hentry"],"_links":{"self":[{"href":"https:\/\/tanisesabino.com.br\/vereadora\/wp-json\/wp\/v2\/pages\/27018","targetHints":{"allow":["GET"]}}],"collection":[{"href":"https:\/\/tanisesabino.com.br\/vereadora\/wp-json\/wp\/v2\/pages"}],"about":[{"href":"https:\/\/tanisesabino.com.br\/vereadora\/wp-json\/wp\/v2\/types\/page"}],"author":[{"embeddable":true,"href":"https:\/\/tanisesabino.com.br\/vereadora\/wp-json\/wp\/v2\/users\/1"}],"replies":[{"embeddable":true,"href":"https:\/\/tanisesabino.com.br\/vereadora\/wp-json\/wp\/v2\/comments?post=27018"}],"version-history":[{"count":3,"href":"https:\/\/tanisesabino.com.br\/vereadora\/wp-json\/wp\/v2\/pages\/27018\/revisions"}],"predecessor-version":[{"id":27485,"href":"https:\/\/tanisesabino.com.br\/vereadora\/wp-json\/wp\/v2\/pages\/27018\/revisions\/27485"}],"wp:attachment":[{"href":"https:\/\/tanisesabino.com.br\/vereadora\/wp-json\/wp\/v2\/media?parent=27018"}],"curies":[{"name":"wp","href":"https:\/\/api.w.org\/{rel}","templated":true}]}}