{"id":27019,"date":"2025-09-12T16:13:19","date_gmt":"2025-09-12T19:13:19","guid":{"rendered":"https:\/\/tanisesabino.com.br\/vereadora\/?page_id=27019"},"modified":"2026-02-02T10:55:15","modified_gmt":"2026-02-02T13:55:15","slug":"setembro-amarelo-prevencao-ao-suicidio","status":"publish","type":"page","link":"https:\/\/tanisesabino.com.br\/vereadora\/setembro-amarelo-prevencao-ao-suicidio\/","title":{"rendered":"Setembro Amarelo \u2013 Preven\u00e7\u00e3o ao suic\u00eddio"},"content":{"rendered":"<div  class=\"vc_row vc-row-wrapper full_width_content\"  data-parallax_sense=\"30\"><div class=\"wpb_row row\" >\n\t<div class=\"twelve dfd_col-mobile-12 columns vc-column-extra-class-69e657705bc48\"  data-parallax_sense=\"30\">\n\t\t<div class=\"wpb_wrapper\">\n\t\t\t<div id=\"dfd-single-image-69e657705c0cf-5441\" class=\"dfd-single-image-module  image-center dfd-image-shadow dfd-img-lazy-load\" ><img loading=\"lazy\" decoding=\"async\" src=\"data:image\/svg+xml;charset=utf-8,%3Csvg xmlns%3D'http%3A%2F%2Fwww.w3.org%2F2000%2Fsvg' viewBox%3D'0 0 2350 783'%2F%3E\" data-src=\"https:\/\/tanisesabino.com.br\/vereadora\/wp-content\/uploads\/2021\/07\/tanse-sab.jpg\" width=\"2350\" height=\"783\"  alt=\"Image module\"  \/><script type=\"text\/javascript\">(function($) {$(\"head\").append(\"<style>#dfd-single-image-69e657705c0cf-5441.dfd-image-shadow img {-webkit-box-shadow: 0px 15px 50px 0px rgba(15,2,2,0.37);-moz-box-shadow: 0px 15px 50px 0px rgba(15,2,2,0.37);-o-box-shadow: 0px 15px 50px 0px rgba(15,2,2,0.37);box-shadow: 0px 15px 50px 0px rgba(15,2,2,0.37);}#dfd-single-image-69e657705c0cf-5441.dfd-image-shadow:hover img {-webkit-box-shadow: 0px 15px 50px 0px rgba(0,0,0,0.35);-moz-box-shadow: 0px 15px 50px 0px rgba(0,0,0,0.35);-o-box-shadow: 0px 15px 50px 0px rgba(0,0,0,0.35);box-shadow: 0px 15px 50px 0px rgba(0,0,0,0.35);}<\/style>\");})(jQuery);<\/script><\/div>\n\t\t<\/div> <script type=\"text\/javascript\">(function($) {$(\"head\").append(\"<style>.columns.vc-column-extra-class-69e657705bc48 {background-position: center center !important;}<\/style>\");})(jQuery);<\/script>\n\t<\/div> \n<\/div><\/div><div  class=\"vc_row vc-row-wrapper \"  data-parallax_sense=\"30\"><div class=\"wpb_row row\" >\n\t<div class=\"twelve columns vc-column-extra-class-69e657705cc52\"  data-parallax_sense=\"30\">\n\t\t<div class=\"wpb_wrapper\">\n\t\t\t<div class=\"dfd-spacer-module\"  data-units=\"px\" data-wide_size=\"60\" data-normal_resolution=\"1280\" data-normal_size=\"100\" data-tablet_resolution=\"1024\" data-tablet_size=\"80\" data-mobile_resolution=\"800\" data-mobile_size=\"70\" style=\"height: 60px;\"><\/div><div class=\"dfd-heading-shortcode\"><div class=\"dfd-heading-module-wrap  text-center style_02 \" id=\"dfd-heading-69e657705d1b3\" ><div class=\"inline-block\"><div class=\"dfd-heading-module\"><h2 class=\"dfd-title \" style=\"font-size: 37px; line-height: 44px; letter-spacing: -1.5px; \">Setembro <strong>Amarelo<\/strong> \u2013 Preven\u00e7\u00e3o ao suic\u00eddio<\/h2><\/div><\/div><\/div><script type=\"text\/javascript\">(function($) {$(\"head\").append(\"<style>#dfd-heading-69e657705d1b3 .dfd-heading-delimiter {margin-top: 10px;margin-bottom: 10px;}@media (max-width: 1023px) and (min-width: 800px){#dfd-heading-69e657705d1b3 .dfd-title{font-size: 32px !important;line-height: 38px !important;}}@media (max-width: 799px){#dfd-heading-69e657705d1b3 .dfd-title{font-size: 22px !important;line-height: 30px !important;}}@media (max-width: 799px){#dfd-heading-69e657705d1b3 .dfd-sub-title{font-size: 10px !important;}}<\/style>\");})(jQuery);<\/script><\/div><div class=\"dfd-spacer-module\"  data-units=\"px\" data-wide_size=\"30\" data-normal_resolution=\"1280\" data-normal_size=\"30\" data-tablet_resolution=\"1024\" data-tablet_size=\"30\" data-mobile_resolution=\"800\" data-mobile_size=\"30\" style=\"height: 30px;\"><\/div>\n\t\t<\/div> <script type=\"text\/javascript\">(function($) {$(\"head\").append(\"<style>@media (max-width: 1280px) and (min-width: 1024px){.columns.vc-column-extra-class-69e657705cc52{padding-left: 20px !important;padding-right: 20px !important;}}@media (max-width: 1023px) and (min-width: 800px){.columns.vc-column-extra-class-69e657705cc52{padding-left: 20px !important;padding-right: 20px !important;}}@media (max-width: 799px){.columns.vc-column-extra-class-69e657705cc52{padding-left: 20px !important;padding-right: 20px !important;}}<\/style>\");})(jQuery);<\/script>\n\t<\/div> \n<\/div><\/div><div  class=\"vc_row vc-row-wrapper \"  data-parallax_sense=\"30\"><div class=\"wpb_row row\" >\n\t<div class=\"twelve columns vc-column-extra-class-69e657705dbbe\"  data-parallax_sense=\"30\">\n\t\t<div class=\"wpb_wrapper\">\n\t\t\t<div class=\"vc-row-wrapper vc_inner vc_row-fluid\"><div class=\"row wpb_row\"><div class=\"vc-column-hover-69e657705eb40 columns four\"><div class=\"wpb_wrapper\"><div class=\"dfd-spacer-module\"  data-units=\"px\" data-wide_size=\"30\" data-normal_resolution=\"1280\" data-normal_size=\"30\" data-tablet_resolution=\"1024\" data-tablet_size=\"30\" data-mobile_resolution=\"800\" data-mobile_size=\"30\" style=\"height: 30px;\"><\/div><div id=\"dfd-single-image-69e657705f151-1584\" class=\"dfd-single-image-module  image-center  dfd-img-lazy-load\" ><img loading=\"lazy\" decoding=\"async\" src=\"data:image\/svg+xml;charset=utf-8,%3Csvg xmlns%3D'http%3A%2F%2Fwww.w3.org%2F2000%2Fsvg' viewBox%3D'0 0 1600 1200'%2F%3E\" data-src=\"https:\/\/tanisesabino.com.br\/vereadora\/wp-content\/uploads\/2026\/02\/sa.jpeg\" width=\"1600\" height=\"1200\"  alt=\"Image module\"  \/><\/div><\/div><\/div><div class=\"vc-column-hover-69e657705f69d columns eight\"><div class=\"wpb_wrapper\"><div class=\"dfd-spacer-module\"  data-units=\"px\" data-wide_size=\"30\" data-normal_resolution=\"1280\" data-normal_size=\"30\" data-tablet_resolution=\"1024\" data-tablet_size=\"30\" data-mobile_resolution=\"800\" data-mobile_size=\"30\" style=\"height: 30px;\"><\/div>\n\t<div class=\"wpb_text_column wpb_content_element \" >\n\t\t<div class=\"wpb_wrapper\">\n\t\t\t<p>O \u201cSetembro Amarelo\u201d \u00e9 a maior campanha de preven\u00e7\u00e3o ao suic\u00eddio no Brasil e no mundo, chamando aten\u00e7\u00e3o para um grave problema de sa\u00fade p\u00fablica. De acordo com a Organiza\u00e7\u00e3o Mundial da Sa\u00fade (OMS), mais de <strong data-start=\"379\" data-end=\"438\">800 mil pessoas morrem por suic\u00eddio a cada ano no mundo<\/strong> e, no Brasil, segundo o Minist\u00e9rio da Sa\u00fade, s\u00e3o registradas <strong data-start=\"500\" data-end=\"533\">cerca de 14 mil mortes anuais<\/strong>, o que equivale a <strong data-start=\"552\" data-end=\"577\">uma morte a cada 40 minutos<\/strong>. Entre jovens de 15 a 29 anos, o suic\u00eddio j\u00e1 \u00e9 a <strong data-start=\"627\" data-end=\"662\">quarta principal causa de morte<\/strong>.<\/p>\n<p data-start=\"667\" data-end=\"1044\">A campanha <strong data-start=\"678\" data-end=\"706\">nasceu no Brasil em 2014<\/strong>, idealizada pela <strong data-start=\"724\" data-end=\"770\">Associa\u00e7\u00e3o Brasileira de Psiquiatria (ABP)<\/strong> em parceria com o <strong data-start=\"789\" data-end=\"827\">Conselho Federal de Medicina (CFM)<\/strong>, inspirada em movimentos internacionais de valoriza\u00e7\u00e3o da vida. Desde ent\u00e3o, em todos os anos, diversas institui\u00e7\u00f5es, profissionais e volunt\u00e1rios se mobilizam para levar informa\u00e7\u00e3o, apoio e acolhimento \u00e0 sociedade.<\/p>\n<p data-start=\"1046\" data-end=\"1495\">A escolha da cor <strong data-start=\"1063\" data-end=\"1074\">amarela<\/strong> remete \u00e0 hist\u00f3ria de <strong data-start=\"1096\" data-end=\"1109\">Mike Emme<\/strong>, um jovem norte-americano de 17 anos que, em 1994, morreu por suic\u00eddio. Mike era conhecido por restaurar carros antigos e havia pintado de amarelo um Mustang 68, que se tornou seu maior orgulho. Ap\u00f3s sua morte, familiares e amigos distribu\u00edram fitas amarelas no vel\u00f3rio com mensagens de apoio a pessoas em sofrimento, dando in\u00edcio a um movimento simb\u00f3lico que se espalhou pelo mundo.<\/p>\n<p data-start=\"1497\" data-end=\"1643\">O la\u00e7o amarelo, portanto, passou a representar <strong data-start=\"1544\" data-end=\"1582\">aten\u00e7\u00e3o, esperan\u00e7a e solidariedade<\/strong>, lembrando que falar sobre sa\u00fade mental pode salvar vidas.<\/p>\n<p data-start=\"1645\" data-end=\"1976\">Em Porto Alegre, a vereadora psic\u00f3loga <strong data-start=\"1684\" data-end=\"1742\">Tanise Sabino \u00e9 autora da Lei Municipal n\u00ba 12.918\/2021<\/strong>, que instituiu o <strong data-start=\"1760\" data-end=\"1812\">Setembro Amarelo no calend\u00e1rio oficial da cidade<\/strong>, e tamb\u00e9m da <strong data-start=\"1826\" data-end=\"1848\">Lei n\u00ba 13.506\/2023<\/strong>, que criou a <strong data-start=\"1862\" data-end=\"1895\">Caminhada do Setembro Amarelo<\/strong>, mobilizando a popula\u00e7\u00e3o para a preven\u00e7\u00e3o ao suic\u00eddio e a valoriza\u00e7\u00e3o da vida.<\/p>\n\n\t\t<\/div> \n\t<\/div> <div class=\"dfd-spacer-module\"  data-units=\"px\" data-wide_size=\"30\" data-normal_resolution=\"1280\" data-normal_size=\"100\" data-tablet_resolution=\"1024\" data-tablet_size=\"80\" data-mobile_resolution=\"800\" data-mobile_size=\"70\" style=\"height: 30px;\"><\/div><\/div><\/div><\/div><\/div>\n\t\t<\/div> \n\t<\/div> \n<\/div><\/div>\n","protected":false},"excerpt":{"rendered":"Setembro Amarelo \u2013 Preven\u00e7\u00e3o ao suic\u00eddio O \u201cSetembro Amarelo\u201d \u00e9 a maior campanha de preven\u00e7\u00e3o ao suic\u00eddio no Brasil e no mundo, chamando aten\u00e7\u00e3o para um grave problema de sa\u00fade","protected":false},"author":1,"featured_media":0,"parent":0,"menu_order":0,"comment_status":"closed","ping_status":"closed","template":"tmp-page.php","meta":{"footnotes":""},"class_list":["post-27019","page","type-page","status-publish","hentry"],"_links":{"self":[{"href":"https:\/\/tanisesabino.com.br\/vereadora\/wp-json\/wp\/v2\/pages\/27019","targetHints":{"allow":["GET"]}}],"collection":[{"href":"https:\/\/tanisesabino.com.br\/vereadora\/wp-json\/wp\/v2\/pages"}],"about":[{"href":"https:\/\/tanisesabino.com.br\/vereadora\/wp-json\/wp\/v2\/types\/page"}],"author":[{"embeddable":true,"href":"https:\/\/tanisesabino.com.br\/vereadora\/wp-json\/wp\/v2\/users\/1"}],"replies":[{"embeddable":true,"href":"https:\/\/tanisesabino.com.br\/vereadora\/wp-json\/wp\/v2\/comments?post=27019"}],"version-history":[{"count":3,"href":"https:\/\/tanisesabino.com.br\/vereadora\/wp-json\/wp\/v2\/pages\/27019\/revisions"}],"predecessor-version":[{"id":27603,"href":"https:\/\/tanisesabino.com.br\/vereadora\/wp-json\/wp\/v2\/pages\/27019\/revisions\/27603"}],"wp:attachment":[{"href":"https:\/\/tanisesabino.com.br\/vereadora\/wp-json\/wp\/v2\/media?parent=27019"}],"curies":[{"name":"wp","href":"https:\/\/api.w.org\/{rel}","templated":true}]}}