{"id":27020,"date":"2025-09-12T16:14:17","date_gmt":"2025-09-12T19:14:17","guid":{"rendered":"https:\/\/tanisesabino.com.br\/vereadora\/?page_id=27020"},"modified":"2025-12-09T12:31:31","modified_gmt":"2025-12-09T15:31:31","slug":"setembro-verde-incentivo-a-doacao-de-orgaos","status":"publish","type":"page","link":"https:\/\/tanisesabino.com.br\/vereadora\/setembro-verde-incentivo-a-doacao-de-orgaos\/","title":{"rendered":"Setembro Verde \u2013 Incentivo a doa\u00e7\u00e3o de \u00f3rg\u00e3os"},"content":{"rendered":"<div  class=\"vc_row vc-row-wrapper full_width_content\"  data-parallax_sense=\"30\"><div class=\"wpb_row row\" >\n\t<div class=\"twelve dfd_col-mobile-12 columns vc-column-extra-class-69e6576f025d2\"  data-parallax_sense=\"30\">\n\t\t<div class=\"wpb_wrapper\">\n\t\t\t<div id=\"dfd-single-image-69e6576f02b02-4621\" class=\"dfd-single-image-module  image-center dfd-image-shadow dfd-img-lazy-load\" ><img loading=\"lazy\" decoding=\"async\" src=\"data:image\/svg+xml;charset=utf-8,%3Csvg xmlns%3D'http%3A%2F%2Fwww.w3.org%2F2000%2Fsvg' viewBox%3D'0 0 2350 783'%2F%3E\" data-src=\"https:\/\/tanisesabino.com.br\/vereadora\/wp-content\/uploads\/2021\/07\/tanse-sab.jpg\" width=\"2350\" height=\"783\"  alt=\"Image module\"  \/><script type=\"text\/javascript\">(function($) {$(\"head\").append(\"<style>#dfd-single-image-69e6576f02b02-4621.dfd-image-shadow img {-webkit-box-shadow: 0px 15px 50px 0px rgba(15,2,2,0.37);-moz-box-shadow: 0px 15px 50px 0px rgba(15,2,2,0.37);-o-box-shadow: 0px 15px 50px 0px rgba(15,2,2,0.37);box-shadow: 0px 15px 50px 0px rgba(15,2,2,0.37);}#dfd-single-image-69e6576f02b02-4621.dfd-image-shadow:hover img {-webkit-box-shadow: 0px 15px 50px 0px rgba(0,0,0,0.35);-moz-box-shadow: 0px 15px 50px 0px rgba(0,0,0,0.35);-o-box-shadow: 0px 15px 50px 0px rgba(0,0,0,0.35);box-shadow: 0px 15px 50px 0px rgba(0,0,0,0.35);}<\/style>\");})(jQuery);<\/script><\/div>\n\t\t<\/div> <script type=\"text\/javascript\">(function($) {$(\"head\").append(\"<style>.columns.vc-column-extra-class-69e6576f025d2 {background-position: center center !important;}<\/style>\");})(jQuery);<\/script>\n\t<\/div> \n<\/div><\/div><div  class=\"vc_row vc-row-wrapper \"  data-parallax_sense=\"30\"><div class=\"wpb_row row\" >\n\t<div class=\"twelve columns vc-column-extra-class-69e6576f04bd3\"  data-parallax_sense=\"30\">\n\t\t<div class=\"wpb_wrapper\">\n\t\t\t<div class=\"dfd-spacer-module\"  data-units=\"px\" data-wide_size=\"60\" data-normal_resolution=\"1280\" data-normal_size=\"100\" data-tablet_resolution=\"1024\" data-tablet_size=\"80\" data-mobile_resolution=\"800\" data-mobile_size=\"70\" style=\"height: 60px;\"><\/div><div class=\"dfd-heading-shortcode\"><div class=\"dfd-heading-module-wrap  text-center style_02 \" id=\"dfd-heading-69e6576f0533a\" ><div class=\"inline-block\"><div class=\"dfd-heading-module\"><h2 class=\"dfd-title \" style=\"font-size: 37px; line-height: 44px; letter-spacing: -1.5px; \">Setembro <strong>Verde<\/strong> \u2013 Incentivo a doa\u00e7\u00e3o de \u00f3rg\u00e3os<\/h2><\/div><\/div><\/div><script type=\"text\/javascript\">(function($) {$(\"head\").append(\"<style>#dfd-heading-69e6576f0533a .dfd-heading-delimiter {margin-top: 10px;margin-bottom: 10px;}@media (max-width: 1023px) and (min-width: 800px){#dfd-heading-69e6576f0533a .dfd-title{font-size: 32px !important;line-height: 38px !important;}}@media (max-width: 799px){#dfd-heading-69e6576f0533a .dfd-title{font-size: 22px !important;line-height: 30px !important;}}@media (max-width: 799px){#dfd-heading-69e6576f0533a .dfd-sub-title{font-size: 10px !important;}}<\/style>\");})(jQuery);<\/script><\/div><div class=\"dfd-spacer-module\"  data-units=\"px\" data-wide_size=\"30\" data-normal_resolution=\"1280\" data-normal_size=\"30\" data-tablet_resolution=\"1024\" data-tablet_size=\"30\" data-mobile_resolution=\"800\" data-mobile_size=\"30\" style=\"height: 30px;\"><\/div>\n\t\t<\/div> <script type=\"text\/javascript\">(function($) {$(\"head\").append(\"<style>@media (max-width: 1280px) and (min-width: 1024px){.columns.vc-column-extra-class-69e6576f04bd3{padding-left: 20px !important;padding-right: 20px !important;}}@media (max-width: 1023px) and (min-width: 800px){.columns.vc-column-extra-class-69e6576f04bd3{padding-left: 20px !important;padding-right: 20px !important;}}@media (max-width: 799px){.columns.vc-column-extra-class-69e6576f04bd3{padding-left: 20px !important;padding-right: 20px !important;}}<\/style>\");})(jQuery);<\/script>\n\t<\/div> \n<\/div><\/div><div  class=\"vc_row vc-row-wrapper \"  data-parallax_sense=\"30\"><div class=\"wpb_row row\" >\n\t<div class=\"twelve columns vc-column-extra-class-69e6576f0600f\"  data-parallax_sense=\"30\">\n\t\t<div class=\"wpb_wrapper\">\n\t\t\t<div class=\"vc-row-wrapper vc_inner vc_row-fluid\"><div class=\"row wpb_row\"><div class=\"vc-column-hover-69e6576f071a0 columns four\"><div class=\"wpb_wrapper\"><div id=\"dfd-single-image-69e6576f07666-3559\" class=\"dfd-single-image-module  image-center dfd-image-shadow dfd-img-lazy-load\" ><img loading=\"lazy\" decoding=\"async\" src=\"data:image\/svg+xml;charset=utf-8,%3Csvg xmlns%3D'http%3A%2F%2Fwww.w3.org%2F2000%2Fsvg' viewBox%3D'0 0 1600 1200'%2F%3E\" data-src=\"https:\/\/tanisesabino.com.br\/vereadora\/wp-content\/uploads\/2025\/12\/WhatsApp-Image-2025-12-09-at-09.07.48.jpeg\" width=\"1600\" height=\"1200\"  alt=\"Image module\"  \/><script type=\"text\/javascript\">(function($) {$(\"head\").append(\"<style>#dfd-single-image-69e6576f07666-3559.dfd-image-shadow img {-webkit-box-shadow: 0px 15px 50px 0px rgba(255,255,255,0);-moz-box-shadow: 0px 15px 50px 0px rgba(255,255,255,0);-o-box-shadow: 0px 15px 50px 0px rgba(255,255,255,0);box-shadow: 0px 15px 50px 0px rgba(255,255,255,0);}#dfd-single-image-69e6576f07666-3559.dfd-image-shadow:hover img {-webkit-box-shadow: 0px 15px 50px 0px rgba(0,0,0,0.35);-moz-box-shadow: 0px 15px 50px 0px rgba(0,0,0,0.35);-o-box-shadow: 0px 15px 50px 0px rgba(0,0,0,0.35);box-shadow: 0px 15px 50px 0px rgba(0,0,0,0.35);}<\/style>\");})(jQuery);<\/script><\/div><div class=\"dfd-spacer-module\"  data-units=\"px\" data-wide_size=\"30\" data-normal_resolution=\"1280\" data-normal_size=\"30\" data-tablet_resolution=\"1024\" data-tablet_size=\"30\" data-mobile_resolution=\"800\" data-mobile_size=\"30\" style=\"height: 30px;\"><\/div><\/div><\/div><div class=\"vc-column-hover-69e6576f08221 columns eight\"><div class=\"wpb_wrapper\"><div class=\"dfd-spacer-module\"  data-units=\"px\" data-wide_size=\"30\" data-normal_resolution=\"1280\" data-normal_size=\"30\" data-tablet_resolution=\"1024\" data-tablet_size=\"30\" data-mobile_resolution=\"800\" data-mobile_size=\"30\" style=\"height: 30px;\"><\/div>\n\t<div class=\"wpb_text_column wpb_content_element \" >\n\t\t<div class=\"wpb_wrapper\">\n\t\t\t<p>O \u201cSetembro Verde\u201d promove a conscientiza\u00e7\u00e3o sobre a import\u00e2ncia da doa\u00e7\u00e3o de \u00f3rg\u00e3os e tecidos, trazendo luz a um tema de solidariedade e esperan\u00e7a. O Brasil possui o <strong data-start=\"1445\" data-end=\"1495\">maior sistema p\u00fablico de transplantes do mundo<\/strong>, coordenado pelo SUS, mas ainda h\u00e1 grandes desafios: de acordo com a Associa\u00e7\u00e3o Brasileira de Transplantes de \u00d3rg\u00e3os (ABTO), em 2024 havia <strong data-start=\"1635\" data-end=\"1692\">mais de 40 mil pessoas na fila de espera por um \u00f3rg\u00e3o<\/strong> no pa\u00eds. Apesar disso, menos de <strong data-start=\"1725\" data-end=\"1764\">40% das fam\u00edlias autorizam a doa\u00e7\u00e3o<\/strong> ap\u00f3s a morte de um ente querido. A cor verde simboliza vida, esperan\u00e7a e renascimento, representando cada nova oportunidade que um transplante pode oferecer.<\/p>\n\n\t\t<\/div> \n\t<\/div> <div class=\"dfd-spacer-module\"  data-units=\"px\" data-wide_size=\"30\" data-normal_resolution=\"1280\" data-normal_size=\"100\" data-tablet_resolution=\"1024\" data-tablet_size=\"80\" data-mobile_resolution=\"800\" data-mobile_size=\"70\" style=\"height: 30px;\"><\/div><\/div><\/div><\/div><\/div>\n\t\t<\/div> \n\t<\/div> \n<\/div><\/div>\n","protected":false},"excerpt":{"rendered":"Setembro Verde \u2013 Incentivo a doa\u00e7\u00e3o de \u00f3rg\u00e3os O \u201cSetembro Verde\u201d promove a conscientiza\u00e7\u00e3o sobre a import\u00e2ncia da doa\u00e7\u00e3o de \u00f3rg\u00e3os e tecidos, trazendo luz a um tema de solidariedade","protected":false},"author":1,"featured_media":0,"parent":0,"menu_order":0,"comment_status":"closed","ping_status":"closed","template":"tmp-page.php","meta":{"footnotes":""},"class_list":["post-27020","page","type-page","status-publish","hentry"],"_links":{"self":[{"href":"https:\/\/tanisesabino.com.br\/vereadora\/wp-json\/wp\/v2\/pages\/27020","targetHints":{"allow":["GET"]}}],"collection":[{"href":"https:\/\/tanisesabino.com.br\/vereadora\/wp-json\/wp\/v2\/pages"}],"about":[{"href":"https:\/\/tanisesabino.com.br\/vereadora\/wp-json\/wp\/v2\/types\/page"}],"author":[{"embeddable":true,"href":"https:\/\/tanisesabino.com.br\/vereadora\/wp-json\/wp\/v2\/users\/1"}],"replies":[{"embeddable":true,"href":"https:\/\/tanisesabino.com.br\/vereadora\/wp-json\/wp\/v2\/comments?post=27020"}],"version-history":[{"count":3,"href":"https:\/\/tanisesabino.com.br\/vereadora\/wp-json\/wp\/v2\/pages\/27020\/revisions"}],"predecessor-version":[{"id":27489,"href":"https:\/\/tanisesabino.com.br\/vereadora\/wp-json\/wp\/v2\/pages\/27020\/revisions\/27489"}],"wp:attachment":[{"href":"https:\/\/tanisesabino.com.br\/vereadora\/wp-json\/wp\/v2\/media?parent=27020"}],"curies":[{"name":"wp","href":"https:\/\/api.w.org\/{rel}","templated":true}]}}