{"id":27021,"date":"2025-09-12T16:15:22","date_gmt":"2025-09-12T19:15:22","guid":{"rendered":"https:\/\/tanisesabino.com.br\/vereadora\/?page_id=27021"},"modified":"2025-12-09T12:32:34","modified_gmt":"2025-12-09T15:32:34","slug":"outubro-rosa-prevencao-do-cancer-de-mama","status":"publish","type":"page","link":"https:\/\/tanisesabino.com.br\/vereadora\/outubro-rosa-prevencao-do-cancer-de-mama\/","title":{"rendered":"Outubro Rosa \u2013 Preven\u00e7\u00e3o do c\u00e2ncer de mama"},"content":{"rendered":"<div  class=\"vc_row vc-row-wrapper full_width_content\"  data-parallax_sense=\"30\"><div class=\"wpb_row row\" >\n\t<div class=\"twelve dfd_col-mobile-12 columns vc-column-extra-class-69e65770cc625\"  data-parallax_sense=\"30\">\n\t\t<div class=\"wpb_wrapper\">\n\t\t\t<div id=\"dfd-single-image-69e65770cc9f6-4874\" class=\"dfd-single-image-module  image-center dfd-image-shadow dfd-img-lazy-load\" ><img loading=\"lazy\" decoding=\"async\" src=\"data:image\/svg+xml;charset=utf-8,%3Csvg xmlns%3D'http%3A%2F%2Fwww.w3.org%2F2000%2Fsvg' viewBox%3D'0 0 2350 783'%2F%3E\" data-src=\"https:\/\/tanisesabino.com.br\/vereadora\/wp-content\/uploads\/2021\/07\/tanse-sab.jpg\" width=\"2350\" height=\"783\"  alt=\"Image module\"  \/><script type=\"text\/javascript\">(function($) {$(\"head\").append(\"<style>#dfd-single-image-69e65770cc9f6-4874.dfd-image-shadow img {-webkit-box-shadow: 0px 15px 50px 0px rgba(15,2,2,0.37);-moz-box-shadow: 0px 15px 50px 0px rgba(15,2,2,0.37);-o-box-shadow: 0px 15px 50px 0px rgba(15,2,2,0.37);box-shadow: 0px 15px 50px 0px rgba(15,2,2,0.37);}#dfd-single-image-69e65770cc9f6-4874.dfd-image-shadow:hover img {-webkit-box-shadow: 0px 15px 50px 0px rgba(0,0,0,0.35);-moz-box-shadow: 0px 15px 50px 0px rgba(0,0,0,0.35);-o-box-shadow: 0px 15px 50px 0px rgba(0,0,0,0.35);box-shadow: 0px 15px 50px 0px rgba(0,0,0,0.35);}<\/style>\");})(jQuery);<\/script><\/div>\n\t\t<\/div> <script type=\"text\/javascript\">(function($) {$(\"head\").append(\"<style>.columns.vc-column-extra-class-69e65770cc625 {background-position: center center !important;}<\/style>\");})(jQuery);<\/script>\n\t<\/div> \n<\/div><\/div><div  class=\"vc_row vc-row-wrapper \"  data-parallax_sense=\"30\"><div class=\"wpb_row row\" >\n\t<div class=\"twelve columns vc-column-extra-class-69e65770cd6e5\"  data-parallax_sense=\"30\">\n\t\t<div class=\"wpb_wrapper\">\n\t\t\t<div class=\"dfd-spacer-module\"  data-units=\"px\" data-wide_size=\"60\" data-normal_resolution=\"1280\" data-normal_size=\"100\" data-tablet_resolution=\"1024\" data-tablet_size=\"80\" data-mobile_resolution=\"800\" data-mobile_size=\"70\" style=\"height: 60px;\"><\/div><div class=\"dfd-heading-shortcode\"><div class=\"dfd-heading-module-wrap  text-center style_02 \" id=\"dfd-heading-69e65770cdc8f\" ><div class=\"inline-block\"><div class=\"dfd-heading-module\"><h2 class=\"dfd-title \" style=\"font-size: 37px; line-height: 44px; letter-spacing: -1.5px; \">Outubro <strong>Rosa<\/strong> \u2013 Preven\u00e7\u00e3o do c\u00e2ncer de mama<\/h2><\/div><\/div><\/div><script type=\"text\/javascript\">(function($) {$(\"head\").append(\"<style>#dfd-heading-69e65770cdc8f .dfd-heading-delimiter {margin-top: 10px;margin-bottom: 10px;}@media (max-width: 1023px) and (min-width: 800px){#dfd-heading-69e65770cdc8f .dfd-title{font-size: 32px !important;line-height: 38px !important;}}@media (max-width: 799px){#dfd-heading-69e65770cdc8f .dfd-title{font-size: 22px !important;line-height: 30px !important;}}@media (max-width: 799px){#dfd-heading-69e65770cdc8f .dfd-sub-title{font-size: 10px !important;}}<\/style>\");})(jQuery);<\/script><\/div><div class=\"dfd-spacer-module\"  data-units=\"px\" data-wide_size=\"30\" data-normal_resolution=\"1280\" data-normal_size=\"30\" data-tablet_resolution=\"1024\" data-tablet_size=\"30\" data-mobile_resolution=\"800\" data-mobile_size=\"30\" style=\"height: 30px;\"><\/div>\n\t\t<\/div> <script type=\"text\/javascript\">(function($) {$(\"head\").append(\"<style>@media (max-width: 1280px) and (min-width: 1024px){.columns.vc-column-extra-class-69e65770cd6e5{padding-left: 20px !important;padding-right: 20px !important;}}@media (max-width: 1023px) and (min-width: 800px){.columns.vc-column-extra-class-69e65770cd6e5{padding-left: 20px !important;padding-right: 20px !important;}}@media (max-width: 799px){.columns.vc-column-extra-class-69e65770cd6e5{padding-left: 20px !important;padding-right: 20px !important;}}<\/style>\");})(jQuery);<\/script>\n\t<\/div> \n<\/div><\/div><div  class=\"vc_row vc-row-wrapper \"  data-parallax_sense=\"30\"><div class=\"wpb_row row\" >\n\t<div class=\"twelve columns vc-column-extra-class-69e65770ce822\"  data-parallax_sense=\"30\">\n\t\t<div class=\"wpb_wrapper\">\n\t\t\t<div class=\"vc-row-wrapper vc_inner vc_row-fluid\"><div class=\"row wpb_row\"><div class=\"vc-column-hover-69e65770cf840 columns four\"><div class=\"wpb_wrapper\"><div id=\"dfd-single-image-69e65770cfcb4-7306\" class=\"dfd-single-image-module  image-center  dfd-img-lazy-load\" ><img loading=\"lazy\" decoding=\"async\" src=\"data:image\/svg+xml;charset=utf-8,%3Csvg xmlns%3D'http%3A%2F%2Fwww.w3.org%2F2000%2Fsvg' viewBox%3D'0 0 1280 854'%2F%3E\" data-src=\"https:\/\/tanisesabino.com.br\/vereadora\/wp-content\/uploads\/2025\/12\/WhatsApp-Image-2025-12-09-at-09.08.56.jpeg\" width=\"1280\" height=\"854\"  alt=\"Image module\"  \/><\/div><div class=\"dfd-spacer-module\"  data-units=\"px\" data-wide_size=\"30\" data-normal_resolution=\"1280\" data-normal_size=\"30\" data-tablet_resolution=\"1024\" data-tablet_size=\"30\" data-mobile_resolution=\"800\" data-mobile_size=\"30\" style=\"height: 30px;\"><\/div><\/div><\/div><div class=\"vc-column-hover-69e65770d068c columns eight\"><div class=\"wpb_wrapper\"><div class=\"dfd-spacer-module\"  data-units=\"px\" data-wide_size=\"30\" data-normal_resolution=\"1280\" data-normal_size=\"30\" data-tablet_resolution=\"1024\" data-tablet_size=\"30\" data-mobile_resolution=\"800\" data-mobile_size=\"30\" style=\"height: 30px;\"><\/div>\n\t<div class=\"wpb_text_column wpb_content_element \" >\n\t\t<div class=\"wpb_wrapper\">\n\t\t\t<p data-start=\"163\" data-end=\"684\">O \u201cOutubro Rosa\u201d \u00e9 uma campanha internacional dedicada \u00e0 conscientiza\u00e7\u00e3o sobre o c\u00e2ncer de mama, o tipo de c\u00e2ncer mais comum entre mulheres no Brasil e no mundo. Segundo o Instituto Nacional de C\u00e2ncer (INCA), para o tri\u00eanio 2023\u20132025 s\u00e3o estimados <strong data-start=\"411\" data-end=\"449\">73.610 novos casos por ano no pa\u00eds<\/strong>, representando cerca de <strong data-start=\"474\" data-end=\"512\">30% de todos os c\u00e2nceres femininos<\/strong>. Embora seja grave, quando diagnosticado precocemente, o c\u00e2ncer de mama tem <strong data-start=\"589\" data-end=\"618\">at\u00e9 95% de chance de cura<\/strong>, o que refor\u00e7a a import\u00e2ncia da preven\u00e7\u00e3o e do acesso a exames.<\/p>\n<p data-start=\"686\" data-end=\"1074\">A cor <strong data-start=\"692\" data-end=\"700\">rosa<\/strong> foi escolhida por estar diretamente associada ao <strong data-start=\"750\" data-end=\"771\">universo feminino<\/strong>, simbolizando <strong data-start=\"786\" data-end=\"825\">delicadeza, sensibilidade e cuidado<\/strong>. O la\u00e7o rosa tornou-se o \u00edcone da campanha por transmitir, ao mesmo tempo, a for\u00e7a e a uni\u00e3o das mulheres na luta contra a doen\u00e7a, representando tamb\u00e9m a esperan\u00e7a de que, com diagn\u00f3stico precoce e tratamento adequado, a vida pode ser preservada.<\/p>\n<p data-start=\"1076\" data-end=\"1671\">O movimento surgiu em <strong data-start=\"1098\" data-end=\"1126\">1990, nos Estados Unidos<\/strong>, quando a <strong data-start=\"1137\" data-end=\"1177\">Funda\u00e7\u00e3o Susan G. Komen for the Cure<\/strong> distribuiu la\u00e7os cor-de-rosa aos participantes da primeira Corrida pela Cura, em Nova York. A partir da\u00ed, o s\u00edmbolo ganhou for\u00e7a e passou a ser utilizado mundialmente. No Brasil, a primeira grande a\u00e7\u00e3o ocorreu em <strong data-start=\"1391\" data-end=\"1399\">2002<\/strong>, quando o <strong data-start=\"1410\" data-end=\"1450\">Obelisco do Ibirapuera, em S\u00e3o Paulo<\/strong>, foi iluminado pela cor rosa. Desde ent\u00e3o, diversas cidades brasileiras aderiram ao movimento, promovendo palestras, caminhadas, exames gratuitos e a ilumina\u00e7\u00e3o de pr\u00e9dios e monumentos como forma de mobiliza\u00e7\u00e3o social.<\/p>\n<p data-start=\"1673\" data-end=\"1832\">O Outubro Rosa destaca que o cuidado com a sa\u00fade da mulher \u00e9 uma responsabilidade de toda a sociedade, e refor\u00e7a que <strong data-start=\"1790\" data-end=\"1829\">informa\u00e7\u00e3o e preven\u00e7\u00e3o salvam vidas<\/strong>.<\/p>\n\n\t\t<\/div> \n\t<\/div> <div class=\"dfd-spacer-module\"  data-units=\"px\" data-wide_size=\"30\" data-normal_resolution=\"1280\" data-normal_size=\"100\" data-tablet_resolution=\"1024\" data-tablet_size=\"80\" data-mobile_resolution=\"800\" data-mobile_size=\"70\" style=\"height: 30px;\"><\/div><\/div><\/div><\/div><\/div>\n\t\t<\/div> \n\t<\/div> \n<\/div><\/div>\n","protected":false},"excerpt":{"rendered":"Outubro Rosa \u2013 Preven\u00e7\u00e3o do c\u00e2ncer de mama O \u201cOutubro Rosa\u201d \u00e9 uma campanha internacional dedicada \u00e0 conscientiza\u00e7\u00e3o sobre o c\u00e2ncer de mama, o tipo de c\u00e2ncer mais comum entre","protected":false},"author":1,"featured_media":0,"parent":0,"menu_order":0,"comment_status":"closed","ping_status":"closed","template":"tmp-page.php","meta":{"footnotes":""},"class_list":["post-27021","page","type-page","status-publish","hentry"],"_links":{"self":[{"href":"https:\/\/tanisesabino.com.br\/vereadora\/wp-json\/wp\/v2\/pages\/27021","targetHints":{"allow":["GET"]}}],"collection":[{"href":"https:\/\/tanisesabino.com.br\/vereadora\/wp-json\/wp\/v2\/pages"}],"about":[{"href":"https:\/\/tanisesabino.com.br\/vereadora\/wp-json\/wp\/v2\/types\/page"}],"author":[{"embeddable":true,"href":"https:\/\/tanisesabino.com.br\/vereadora\/wp-json\/wp\/v2\/users\/1"}],"replies":[{"embeddable":true,"href":"https:\/\/tanisesabino.com.br\/vereadora\/wp-json\/wp\/v2\/comments?post=27021"}],"version-history":[{"count":3,"href":"https:\/\/tanisesabino.com.br\/vereadora\/wp-json\/wp\/v2\/pages\/27021\/revisions"}],"predecessor-version":[{"id":27491,"href":"https:\/\/tanisesabino.com.br\/vereadora\/wp-json\/wp\/v2\/pages\/27021\/revisions\/27491"}],"wp:attachment":[{"href":"https:\/\/tanisesabino.com.br\/vereadora\/wp-json\/wp\/v2\/media?parent=27021"}],"curies":[{"name":"wp","href":"https:\/\/api.w.org\/{rel}","templated":true}]}}