{"id":27022,"date":"2025-09-12T16:10:37","date_gmt":"2025-09-12T19:10:37","guid":{"rendered":"https:\/\/tanisesabino.com.br\/vereadora\/?page_id=27022"},"modified":"2026-02-02T10:52:10","modified_gmt":"2026-02-02T13:52:10","slug":"maio-laranja-combate-ao-abuso-e-a-exploracao-sexual-de-criancas-e-adolescentes","status":"publish","type":"page","link":"https:\/\/tanisesabino.com.br\/vereadora\/maio-laranja-combate-ao-abuso-e-a-exploracao-sexual-de-criancas-e-adolescentes\/","title":{"rendered":"Maio Laranja &#8211; Combate ao abuso e \u00e0 explora\u00e7\u00e3o sexual de crian\u00e7as e adolescentes"},"content":{"rendered":"<div  class=\"vc_row vc-row-wrapper full_width_content\"  data-parallax_sense=\"30\"><div class=\"wpb_row row\" >\n\t<div class=\"twelve dfd_col-mobile-12 columns vc-column-extra-class-69e65782d088c\"  data-parallax_sense=\"30\">\n\t\t<div class=\"wpb_wrapper\">\n\t\t\t<div id=\"dfd-single-image-69e65782d0c43-7230\" class=\"dfd-single-image-module  image-center dfd-image-shadow dfd-img-lazy-load\" ><img loading=\"lazy\" decoding=\"async\" src=\"data:image\/svg+xml;charset=utf-8,%3Csvg xmlns%3D'http%3A%2F%2Fwww.w3.org%2F2000%2Fsvg' viewBox%3D'0 0 2350 783'%2F%3E\" data-src=\"https:\/\/tanisesabino.com.br\/vereadora\/wp-content\/uploads\/2021\/07\/tanse-sab.jpg\" width=\"2350\" height=\"783\"  alt=\"Image module\"  \/><script type=\"text\/javascript\">(function($) {$(\"head\").append(\"<style>#dfd-single-image-69e65782d0c43-7230.dfd-image-shadow img {-webkit-box-shadow: 0px 15px 50px 0px rgba(15,2,2,0.37);-moz-box-shadow: 0px 15px 50px 0px rgba(15,2,2,0.37);-o-box-shadow: 0px 15px 50px 0px rgba(15,2,2,0.37);box-shadow: 0px 15px 50px 0px rgba(15,2,2,0.37);}#dfd-single-image-69e65782d0c43-7230.dfd-image-shadow:hover img {-webkit-box-shadow: 0px 15px 50px 0px rgba(0,0,0,0.35);-moz-box-shadow: 0px 15px 50px 0px rgba(0,0,0,0.35);-o-box-shadow: 0px 15px 50px 0px rgba(0,0,0,0.35);box-shadow: 0px 15px 50px 0px rgba(0,0,0,0.35);}<\/style>\");})(jQuery);<\/script><\/div>\n\t\t<\/div> <script type=\"text\/javascript\">(function($) {$(\"head\").append(\"<style>.columns.vc-column-extra-class-69e65782d088c {background-position: center center !important;}<\/style>\");})(jQuery);<\/script>\n\t<\/div> \n<\/div><\/div><div  class=\"vc_row vc-row-wrapper \"  data-parallax_sense=\"30\"><div class=\"wpb_row row\" >\n\t<div class=\"twelve columns vc-column-extra-class-69e65782d1912\"  data-parallax_sense=\"30\">\n\t\t<div class=\"wpb_wrapper\">\n\t\t\t<div class=\"dfd-spacer-module\"  data-units=\"px\" data-wide_size=\"60\" data-normal_resolution=\"1280\" data-normal_size=\"100\" data-tablet_resolution=\"1024\" data-tablet_size=\"80\" data-mobile_resolution=\"800\" data-mobile_size=\"70\" style=\"height: 60px;\"><\/div><div class=\"dfd-heading-shortcode\"><div class=\"dfd-heading-module-wrap  text-center style_02 \" id=\"dfd-heading-69e65782d2000\" ><div class=\"inline-block\"><div class=\"dfd-heading-module\"><h2 class=\"dfd-title \" style=\"font-size: 37px; line-height: 44px; letter-spacing: -1.5px; \">Maio<strong> Laranja<\/strong> &#8211; Combate ao abuso e \u00e0 explora\u00e7\u00e3o sexual de crian\u00e7as e adolescentes<\/h2><\/div><\/div><\/div><script type=\"text\/javascript\">(function($) {$(\"head\").append(\"<style>#dfd-heading-69e65782d2000 .dfd-heading-delimiter {margin-top: 10px;margin-bottom: 10px;}@media (max-width: 1023px) and (min-width: 800px){#dfd-heading-69e65782d2000 .dfd-title{font-size: 32px !important;line-height: 38px !important;}}@media (max-width: 799px){#dfd-heading-69e65782d2000 .dfd-title{font-size: 22px !important;line-height: 30px !important;}}@media (max-width: 799px){#dfd-heading-69e65782d2000 .dfd-sub-title{font-size: 10px !important;}}<\/style>\");})(jQuery);<\/script><\/div><div class=\"dfd-spacer-module\"  data-units=\"px\" data-wide_size=\"30\" data-normal_resolution=\"1280\" data-normal_size=\"30\" data-tablet_resolution=\"1024\" data-tablet_size=\"30\" data-mobile_resolution=\"800\" data-mobile_size=\"30\" style=\"height: 30px;\"><\/div>\n\t\t<\/div> <script type=\"text\/javascript\">(function($) {$(\"head\").append(\"<style>@media (max-width: 1280px) and (min-width: 1024px){.columns.vc-column-extra-class-69e65782d1912{padding-left: 20px !important;padding-right: 20px !important;}}@media (max-width: 1023px) and (min-width: 800px){.columns.vc-column-extra-class-69e65782d1912{padding-left: 20px !important;padding-right: 20px !important;}}@media (max-width: 799px){.columns.vc-column-extra-class-69e65782d1912{padding-left: 20px !important;padding-right: 20px !important;}}<\/style>\");})(jQuery);<\/script>\n\t<\/div> \n<\/div><\/div><div  class=\"vc_row vc-row-wrapper \"  data-parallax_sense=\"30\"><div class=\"wpb_row row\" >\n\t<div class=\"twelve columns vc-column-extra-class-69e65782d2cbc\"  data-parallax_sense=\"30\">\n\t\t<div class=\"wpb_wrapper\">\n\t\t\t<div class=\"vc-row-wrapper vc_inner vc_row-fluid\"><div class=\"row wpb_row\"><div class=\"vc-column-hover-69e65782d3b00 columns four\"><div class=\"wpb_wrapper\"><div class=\"dfd-spacer-module\"  data-units=\"px\" data-wide_size=\"30\" data-normal_resolution=\"1280\" data-normal_size=\"30\" data-tablet_resolution=\"1024\" data-tablet_size=\"30\" data-mobile_resolution=\"800\" data-mobile_size=\"30\" style=\"height: 30px;\"><\/div><div id=\"dfd-single-image-69e65782d400b-5848\" class=\"dfd-single-image-module  image-center  dfd-img-lazy-load\" ><img loading=\"lazy\" decoding=\"async\" src=\"data:image\/svg+xml;charset=utf-8,%3Csvg xmlns%3D'http%3A%2F%2Fwww.w3.org%2F2000%2Fsvg' viewBox%3D'0 0 1600 1200'%2F%3E\" data-src=\"https:\/\/tanisesabino.com.br\/vereadora\/wp-content\/uploads\/2026\/02\/ml.jpeg\" width=\"1600\" height=\"1200\"  alt=\"Image module\"  \/><\/div><\/div><\/div><div class=\"vc-column-hover-69e65782d473d columns eight\"><div class=\"wpb_wrapper\"><div class=\"dfd-spacer-module\"  data-units=\"px\" data-wide_size=\"30\" data-normal_resolution=\"1280\" data-normal_size=\"30\" data-tablet_resolution=\"1024\" data-tablet_size=\"30\" data-mobile_resolution=\"800\" data-mobile_size=\"30\" style=\"height: 30px;\"><\/div>\n\t<div class=\"wpb_text_column wpb_content_element \" >\n\t\t<div class=\"wpb_wrapper\">\n\t\t\t<p data-start=\"263\" data-end=\"747\">O m\u00eas de maio \u00e9 marcado pelo <strong data-start=\"292\" data-end=\"308\">Maio Laranja<\/strong>, uma campanha dedicada ao enfrentamento do abuso e da explora\u00e7\u00e3o sexual contra crian\u00e7as e adolescentes. Essa \u00e9 uma grave viola\u00e7\u00e3o de direitos humanos que atinge milhares de meninos e meninas no Brasil todos os anos. Segundo dados do Minist\u00e9rio da Sa\u00fade, a maioria dos casos acontece dentro de casa ou em ambientes de confian\u00e7a da v\u00edtima, o que torna ainda mais urgente a conscientiza\u00e7\u00e3o da sociedade e a amplia\u00e7\u00e3o das redes de prote\u00e7\u00e3o.<\/p>\n<p data-start=\"749\" data-end=\"1136\">A cor <strong data-start=\"755\" data-end=\"766\">laranja<\/strong> foi escolhida por representar <strong data-start=\"797\" data-end=\"837\">alerta, aten\u00e7\u00e3o e mobiliza\u00e7\u00e3o social<\/strong>. \u00c9 uma cor vibrante, que chama a aten\u00e7\u00e3o para um problema que muitas vezes permanece oculto pelo sil\u00eancio, pelo medo e pelo estigma. Ao mesmo tempo, o laranja tamb\u00e9m simboliza <strong data-start=\"1014\" data-end=\"1049\">energia, determina\u00e7\u00e3o e coragem<\/strong>, caracter\u00edsticas necess\u00e1rias para romper o ciclo da viol\u00eancia e proteger a inf\u00e2ncia.<\/p>\n<p data-start=\"1138\" data-end=\"1518\">No Rio Grande do Sul, o <strong data-start=\"1162\" data-end=\"1218\">deputado Elizandro Sabino atua fortemente nesse tema<\/strong>, promovendo debates, articulando pol\u00edticas p\u00fablicas e defendendo iniciativas de preven\u00e7\u00e3o e combate \u00e0 viol\u00eancia sexual infantojuvenil. O Maio Laranja refor\u00e7a a import\u00e2ncia da den\u00fancia, do cuidado e da constru\u00e7\u00e3o de uma sociedade que garanta seguran\u00e7a e dignidade para suas crian\u00e7as e adolescentes.<\/p>\n\n\t\t<\/div> \n\t<\/div> <div class=\"dfd-spacer-module\"  data-units=\"px\" data-wide_size=\"30\" data-normal_resolution=\"1280\" data-normal_size=\"100\" data-tablet_resolution=\"1024\" data-tablet_size=\"80\" data-mobile_resolution=\"800\" data-mobile_size=\"70\" style=\"height: 30px;\"><\/div><\/div><\/div><\/div><\/div>\n\t\t<\/div> \n\t<\/div> \n<\/div><\/div>\n","protected":false},"excerpt":{"rendered":"Maio Laranja - Combate ao abuso e \u00e0 explora\u00e7\u00e3o sexual de crian\u00e7as e adolescentes O m\u00eas de maio \u00e9 marcado pelo Maio Laranja, uma campanha dedicada ao enfrentamento do abuso","protected":false},"author":1,"featured_media":0,"parent":0,"menu_order":0,"comment_status":"closed","ping_status":"closed","template":"tmp-page.php","meta":{"footnotes":""},"class_list":["post-27022","page","type-page","status-publish","hentry"],"_links":{"self":[{"href":"https:\/\/tanisesabino.com.br\/vereadora\/wp-json\/wp\/v2\/pages\/27022","targetHints":{"allow":["GET"]}}],"collection":[{"href":"https:\/\/tanisesabino.com.br\/vereadora\/wp-json\/wp\/v2\/pages"}],"about":[{"href":"https:\/\/tanisesabino.com.br\/vereadora\/wp-json\/wp\/v2\/types\/page"}],"author":[{"embeddable":true,"href":"https:\/\/tanisesabino.com.br\/vereadora\/wp-json\/wp\/v2\/users\/1"}],"replies":[{"embeddable":true,"href":"https:\/\/tanisesabino.com.br\/vereadora\/wp-json\/wp\/v2\/comments?post=27022"}],"version-history":[{"count":6,"href":"https:\/\/tanisesabino.com.br\/vereadora\/wp-json\/wp\/v2\/pages\/27022\/revisions"}],"predecessor-version":[{"id":27601,"href":"https:\/\/tanisesabino.com.br\/vereadora\/wp-json\/wp\/v2\/pages\/27022\/revisions\/27601"}],"wp:attachment":[{"href":"https:\/\/tanisesabino.com.br\/vereadora\/wp-json\/wp\/v2\/media?parent=27022"}],"curies":[{"name":"wp","href":"https:\/\/api.w.org\/{rel}","templated":true}]}}