{"id":27223,"date":"2025-09-30T15:31:51","date_gmt":"2025-09-30T18:31:51","guid":{"rendered":"https:\/\/tanisesabino.com.br\/vereadora\/?page_id=27223"},"modified":"2025-10-28T13:00:00","modified_gmt":"2025-10-28T16:00:00","slug":"requerimentos","status":"publish","type":"page","link":"https:\/\/tanisesabino.com.br\/vereadora\/atividade-parlamentar\/requerimentos\/","title":{"rendered":"Requerimentos"},"content":{"rendered":"<div  class=\"vc_row vc-row-wrapper full_width_content\"  data-parallax_sense=\"30\"><div class=\"wpb_row row\" >\n\t<div class=\"twelve dfd_col-mobile-12 columns vc-column-extra-class-69e6546c8f459\"  data-parallax_sense=\"30\">\n\t\t<div class=\"wpb_wrapper\">\n\t\t\t<div id=\"dfd-single-image-69e6546c8f9be-4182\" class=\"dfd-single-image-module  image-center dfd-image-shadow dfd-img-lazy-load\" ><img loading=\"lazy\" decoding=\"async\" src=\"data:image\/svg+xml;charset=utf-8,%3Csvg xmlns%3D'http%3A%2F%2Fwww.w3.org%2F2000%2Fsvg' viewBox%3D'0 0 2350 783'%2F%3E\" data-src=\"https:\/\/tanisesabino.com.br\/vereadora\/wp-content\/uploads\/2021\/07\/tanse-sab.jpg\" width=\"2350\" height=\"783\"  alt=\"Image module\"  \/><script type=\"text\/javascript\">(function($) {$(\"head\").append(\"<style>#dfd-single-image-69e6546c8f9be-4182.dfd-image-shadow img {-webkit-box-shadow: 0px 15px 50px 0px rgba(15,2,2,0.37);-moz-box-shadow: 0px 15px 50px 0px rgba(15,2,2,0.37);-o-box-shadow: 0px 15px 50px 0px rgba(15,2,2,0.37);box-shadow: 0px 15px 50px 0px rgba(15,2,2,0.37);}#dfd-single-image-69e6546c8f9be-4182.dfd-image-shadow:hover img {-webkit-box-shadow: 0px 15px 50px 0px rgba(0,0,0,0.35);-moz-box-shadow: 0px 15px 50px 0px rgba(0,0,0,0.35);-o-box-shadow: 0px 15px 50px 0px rgba(0,0,0,0.35);box-shadow: 0px 15px 50px 0px rgba(0,0,0,0.35);}<\/style>\");})(jQuery);<\/script><\/div>\n\t\t<\/div> <script type=\"text\/javascript\">(function($) {$(\"head\").append(\"<style>.columns.vc-column-extra-class-69e6546c8f459 {background-position: center center !important;}<\/style>\");})(jQuery);<\/script>\n\t<\/div> \n<\/div><\/div><div  class=\"vc_row vc-row-wrapper vc-row-responsive-69e6546c910b2\"  data-parallax_sense=\"30\"><div class=\"wpb_row row\" >\n\t<div class=\"twelve columns vc-column-extra-class-69e6546c91663\"  data-parallax_sense=\"30\">\n\t\t<div class=\"wpb_wrapper\">\n\t\t\t<div class=\"dfd-spacer-module\"  data-units=\"px\" data-wide_size=\"60\" data-normal_resolution=\"1280\" data-normal_size=\"100\" data-tablet_resolution=\"1024\" data-tablet_size=\"80\" data-mobile_resolution=\"800\" data-mobile_size=\"70\" style=\"height: 60px;\"><\/div><div class=\"dfd-heading-shortcode\"><div class=\"dfd-heading-module-wrap  text-center style_02 cr-animate-gen \" id=\"dfd-heading-69e6546c91dc0\" data-animate-type = \"transition.expandIn\" ><div class=\"inline-block\"><div class=\"dfd-heading-module\"><h2 class=\"dfd-title \" style=\"font-size: 37px; line-height: 44px; letter-spacing: -1.5px; \">Requerimentos<\/h2><\/div><\/div><\/div><script type=\"text\/javascript\">(function($) {$(\"head\").append(\"<style>#dfd-heading-69e6546c91dc0 .dfd-heading-delimiter {margin-top: 10px;margin-bottom: 10px;}@media (max-width: 1023px) and (min-width: 800px){#dfd-heading-69e6546c91dc0 .dfd-title{font-size: 32px !important;line-height: 38px !important;}}@media (max-width: 799px){#dfd-heading-69e6546c91dc0 .dfd-title{font-size: 22px !important;line-height: 30px !important;}}@media (max-width: 799px){#dfd-heading-69e6546c91dc0 .dfd-sub-title{font-size: 10px !important;}}<\/style>\");})(jQuery);<\/script><\/div><div class=\"dfd-spacer-module\"  data-units=\"px\" data-wide_size=\"50\" data-normal_resolution=\"1280\" data-normal_size=\"45\" data-tablet_resolution=\"1024\" data-tablet_size=\"40\" data-mobile_resolution=\"800\" data-mobile_size=\"40\" style=\"height: 50px;\"><\/div><div class=\"vc-row-wrapper vc_inner vc_row-fluid\"><div class=\"row wpb_row\"><div class=\"vc-column-hover-69e6546c9320a columns two\"><div class=\"wpb_wrapper\"><\/div><\/div><div class=\"vc-column-hover-69e6546c934d4 columns eight\"><div class=\"wpb_wrapper\"><div id=\"dfd-single-image-69e6546c9396c-4730\" class=\"dfd-single-image-module  image-center dfd-image-shadow dfd-img-lazy-load\" ><img loading=\"lazy\" decoding=\"async\" src=\"data:image\/svg+xml;charset=utf-8,%3Csvg xmlns%3D'http%3A%2F%2Fwww.w3.org%2F2000%2Fsvg' viewBox%3D'0 0 1280 851'%2F%3E\" data-src=\"https:\/\/tanisesabino.com.br\/vereadora\/wp-content\/uploads\/2021\/07\/tanise-sabino.jpeg\" width=\"1280\" height=\"851\"  alt=\"Image module\"  \/><script type=\"text\/javascript\">(function($) {$(\"head\").append(\"<style>#dfd-single-image-69e6546c9396c-4730 {border-radius: 10px;}#dfd-single-image-69e6546c9396c-4730.dfd-image-shadow img {-webkit-box-shadow: 0px 15px 50px 0px rgba(255,255,255,0);-moz-box-shadow: 0px 15px 50px 0px rgba(255,255,255,0);-o-box-shadow: 0px 15px 50px 0px rgba(255,255,255,0);box-shadow: 0px 15px 50px 0px rgba(255,255,255,0);}#dfd-single-image-69e6546c9396c-4730.dfd-image-shadow:hover img {-webkit-box-shadow: 0px 15px 50px 0px rgba(0,0,0,0.35);-moz-box-shadow: 0px 15px 50px 0px rgba(0,0,0,0.35);-o-box-shadow: 0px 15px 50px 0px rgba(0,0,0,0.35);box-shadow: 0px 15px 50px 0px rgba(0,0,0,0.35);}<\/style>\");})(jQuery);<\/script><\/div><div class=\"dfd-spacer-module\"  data-units=\"px\" data-wide_size=\"25\" data-normal_resolution=\"1280\" data-normal_size=\"25\" data-tablet_resolution=\"1024\" data-tablet_size=\"25\" data-mobile_resolution=\"800\" data-mobile_size=\"25\" style=\"height: 25px;\"><\/div>\n\t<div class=\"wpb_text_column wpb_content_element \" >\n\t\t<div class=\"wpb_wrapper\">\n\t\t\t<p><b>REQ N\u00ba 274\/25<\/b><span style=\"font-weight: 400;\">, de autoria Vers. Tiago Albrecht, Ramiro Ros\u00e1rio, Alexandre Bobadra, Mauro Pinheiro, Coronel Ustra, Marcos Felipi, Jos\u00e9 Freitas e Hamilton Sossmeier e Veras Cl\u00e1udia Ara\u00fajo e Psic\u00f3loga Tanise Sabino: 298.00055\/2025-61 \u2013 Requer seja encaminhada Mo\u00e7\u00e3o de rep\u00fadio \u201caos atos praticados pelo Sr. Eduardo Romulo Bueno, conhecido pela alcunha de \u2018Peninha\u2019, em v\u00eddeo publicado nas redes sociais, no qual menospreza e ridiculariza o covarde assassinato do ativista norte-americano Charles James Kirk, realizado diante de uma multid\u00e3o durante um evento pac\u00edfico realizado pela Turning Point USA.\u201d<\/span><\/p>\n<p><b>REQ N\u00ba 229\/25<\/b><span style=\"font-weight: 400;\">, de autoria Vers. Tiago Albrecth, Ramiro Ros\u00e1rio, Carlo Carotenuto, Jos\u00e9 Freitas e Hamilton Sossmeier e Veras Mariana Lescano, Psic\u00f3loga Tanise Sabino e Vera Armando: 298.00031\/2025-10 \u2013 Requer seja encaminhada Mo\u00e7\u00e3o de solidariedade \u201c\u00e0s entidades religiosas e seus respectivos templos de qualquer culto (e suas institui\u00e7\u00f5es assistenciais), reconhecendo o importante papel que exercem na promo\u00e7\u00e3o da paz, da dignidade humana, da solidariedade e do acolhimento social em nosso Munic\u00edpio, em raz\u00e3o da lament\u00e1vel manifesta\u00e7\u00e3o eivada de intoler\u00e2ncia religiosa proferida por membro deste Parlamento\u201d.<\/span><\/p>\n<p><b>REQ N\u00ba 228\/23<\/b><span style=\"font-weight: 400;\">, de autoria Ver\u00aa Psic\u00f3loga Tanise Sabino: 215.00132\/2023-93 Requer seja encaminhada Mo\u00e7\u00e3o de solidariedade \u201cem apoio \u00e0 comiss\u00e3o dos aprovados do concurso p\u00fablico da FASE\/RS 2022, em face da aus\u00eancia de celeridade no processo de nomea\u00e7\u00e3o aos aprovados para o cargo de Agente Socioeducador\u201d.<\/span><\/p>\n<p><b>REQ N\u00ba 197\/23<\/b><span style=\"font-weight: 400;\">, de autoria Fernanda Barth, Comandante N\u00e1dia, M\u00f4nica Leal, Mari Pimentel e Psic\u00f3loga Tanise Sabino e Vers. Jess\u00e9 Sangalli, Jos\u00e9 Freitas, Pablo Melo e Idenir Ceccchim: 212.00085\/2023-81 &#8211; Requer seja encaminhada Mo\u00e7\u00e3o de solidariedade \u201cao Estado de Israel, em face dos ataques cometidos por grupos terroristas, que ocorreram no dia 07 de outubro de 2023\u201d.<\/span><\/p>\n\n\t\t<\/div> \n\t<\/div> <\/div><\/div><div class=\"vc-column-hover-69e6546c94b34 columns two\"><div class=\"wpb_wrapper\"><\/div><\/div><\/div><\/div><div class=\"dfd-spacer-module\"  data-units=\"px\" data-wide_size=\"50\" data-normal_resolution=\"1280\" data-normal_size=\"45\" data-tablet_resolution=\"1024\" data-tablet_size=\"40\" data-mobile_resolution=\"800\" data-mobile_size=\"40\" style=\"height: 50px;\"><\/div>\n\t\t<\/div> <script type=\"text\/javascript\">(function($) {$(\"head\").append(\"<style>@media (max-width: 1280px) and (min-width: 1024px){.columns.vc-column-extra-class-69e6546c91663{padding-left: 20px !important;padding-right: 20px !important;}}@media (max-width: 1023px) and (min-width: 800px){.columns.vc-column-extra-class-69e6546c91663{padding-left: 20px !important;padding-right: 20px !important;}}@media (max-width: 799px){.columns.vc-column-extra-class-69e6546c91663{padding-left: 20px !important;padding-right: 20px !important;}}<\/style>\");})(jQuery);<\/script>\n\t<\/div> \n<\/div><script type=\"text\/javascript\">(function($) {$(\"head\").append(\"<style>@media (max-width: 799px){.vc-row-wrapper.vc-row-responsive-69e6546c910b2{padding-left: 20px !important;padding-right: 20px !important;}}<\/style>\");})(jQuery);<\/script><\/div><div  class=\"vc_row vc-row-wrapper full_width_content\"  data-parallax_sense=\"30\"><div class=\"wpb_row row\" >\n\t<div class=\"four columns vc-column-extra-class-69e6546c957e3 vc_custom_1477379008214\"  data-parallax_sense=\"30\">\n\t\t<div class=\"wpb_wrapper\">\n\t\t\t<div id=\"dfd-simple_adv-69e6546c95ed2\" class=\"dfd-simple-advertisement  hover_enable dfd-fade-out style-7  cr-animate-gen  dfd-img-lazy-load  panr\" data-animate-type = \"transition.slideRightBigIn\"  ><div class=\"cover \"><div class=\"image-wrap\"><a href=\"http:\/\/www.tanisesabino.com.br\/vereadora\/frentes-parlamentares\/\"    class=\"full-box-link\"><\/a><div class=\"content-wrap\"><div class=\"content-level2\"><div class=\"content-level3\"><h4 class=\"box-title \" style=\"color: #ffffff !important; \">Frentes Parlamentares<\/h4><div class=\"box-info\" style=\"font-family:Montserrat; \">Acesse agora<\/div><\/div><\/div><\/div><div class=\"image-cover\"><span class=\"img_wrapper\"><img loading=\"lazy\" decoding=\"async\" src=\"data:image\/svg+xml;charset=utf-8,%3Csvg xmlns%3D'http%3A%2F%2Fwww.w3.org%2F2000%2Fsvg' viewBox%3D'0 0 800 500'%2F%3E\" data-src=\"https:\/\/tanisesabino.com.br\/vereadora\/wp-content\/uploads\/2021\/06\/cv-4-800x500.jpg\" width=\"800\" height=\"500\" class=\"simple-banner-image\" alt=\"Banner image\"  \/><\/span><\/div><div class=\"entry-thumb\"><div class=\"entry-hover\"><\/div><\/div><\/div><\/div><script type=\"text\/javascript\">(function($) {$(\"head\").append(\"<style>@media (max-width: 1280px) and (min-width: 1024px){#dfd-simple_adv-69e6546c95ed2.dfd-simple-advertisement .box-title{font-size: 20px !important;line-height: 26px !important;}}@media (max-width: 1023px) and (min-width: 800px){#dfd-simple_adv-69e6546c95ed2.dfd-simple-advertisement .box-title{font-size: 18px !important;line-height: 24px !important;}}@media (max-width: 799px){#dfd-simple_adv-69e6546c95ed2.dfd-simple-advertisement .box-title{font-size: 20px !important;line-height: 26px !important;}}#dfd-simple_adv-69e6546c95ed2 .entry-thumb .entry-hover:before,#dfd-simple_adv-69e6546c95ed2 .dfd-3d-parallax:hover .cover .thumb-wrap:before {opacity: 0.5 !important;}#dfd-simple_adv-69e6546c95ed2 .box-info {text-transform: uppercase;}<\/style>\");})(jQuery);<\/script><\/div>\n\t\t<\/div> \n\t<\/div> \n\n\t<div class=\"four columns vc-column-extra-class-69e6546c96d18 vc_custom_1477379012282\"  data-parallax_sense=\"30\">\n\t\t<div class=\"wpb_wrapper\">\n\t\t\t<div id=\"dfd-simple_adv-69e6546c97151\" class=\"dfd-simple-advertisement  hover_enable dfd-fade-out style-7  cr-animate-gen  dfd-img-lazy-load  panr\" data-animate-type = \"transition.expandIn\"  ><div class=\"cover \"><div class=\"image-wrap\"><a href=\"http:\/\/www.tanisesabino.com.br\/vereadora\/conheca-a-vereadora\/campanha-de-valorizacao-da-vida\/\"    class=\"full-box-link\"><\/a><div class=\"content-wrap\"><div class=\"content-level2\"><div class=\"content-level3\"><h4 class=\"box-title \" style=\"color: #ffffff !important; \">Campanha de<br \/>\nValoriza\u00e7\u00e3o da Vida<\/h4><div class=\"box-info\" style=\"font-family:Montserrat; font-weight:400; font-style:normal; \">Acesse agora<\/div><\/div><\/div><\/div><div class=\"image-cover\"><span class=\"img_wrapper\"><img loading=\"lazy\" decoding=\"async\" src=\"data:image\/svg+xml;charset=utf-8,%3Csvg xmlns%3D'http%3A%2F%2Fwww.w3.org%2F2000%2Fsvg' viewBox%3D'0 0 800 500'%2F%3E\" data-src=\"https:\/\/tanisesabino.com.br\/vereadora\/wp-content\/uploads\/2021\/06\/cv-3-800x500.jpg\" width=\"800\" height=\"500\" class=\"simple-banner-image\" alt=\"Banner image\"  \/><\/span><\/div><div class=\"entry-thumb\"><div class=\"entry-hover\"><\/div><\/div><\/div><\/div><script type=\"text\/javascript\">(function($) {$(\"head\").append(\"<style>@media (max-width: 1280px) and (min-width: 1024px){#dfd-simple_adv-69e6546c97151.dfd-simple-advertisement .box-title{font-size: 20px !important;line-height: 26px !important;}}@media (max-width: 1023px) and (min-width: 800px){#dfd-simple_adv-69e6546c97151.dfd-simple-advertisement .box-title{font-size: 18px !important;line-height: 24px !important;}}@media (max-width: 799px){#dfd-simple_adv-69e6546c97151.dfd-simple-advertisement .box-title{font-size: 20px !important;line-height: 26px !important;}}#dfd-simple_adv-69e6546c97151 .entry-thumb .entry-hover:before,#dfd-simple_adv-69e6546c97151 .dfd-3d-parallax:hover .cover .thumb-wrap:before {opacity: 0.5 !important;}#dfd-simple_adv-69e6546c97151 .box-info {text-transform: uppercase;}<\/style>\");})(jQuery);<\/script><\/div>\n\t\t<\/div> \n\t<\/div> \n\n\t<div class=\"four columns vc-column-extra-class-69e6546c978b2 vc_custom_1477379017130\"  data-parallax_sense=\"30\">\n\t\t<div class=\"wpb_wrapper\">\n\t\t\t<div id=\"dfd-simple_adv-69e6546c97c25\" class=\"dfd-simple-advertisement  hover_enable dfd-fade-out style-7  cr-animate-gen  dfd-img-lazy-load  panr\" data-animate-type = \"transition.slideLeftBigIn\"  ><div class=\"cover \"><div class=\"image-wrap\"><a href=\"http:\/\/www.tanisesabino.com.br\/vereadora\/acesse-agora\/ajuda-psicologica\/\"    class=\"full-box-link\"><\/a><div class=\"content-wrap\"><div class=\"content-level2\"><div class=\"content-level3\"><h4 class=\"box-title \" style=\"color: #ffffff !important; \">Ajuda Psicol\u00f3gica<\/h4><div class=\"box-info\" style=\"font-family:Montserrat; font-weight:400; font-style:normal; \">Acesse agora<\/div><\/div><\/div><\/div><div class=\"image-cover\"><span class=\"img_wrapper\"><img loading=\"lazy\" decoding=\"async\" src=\"data:image\/svg+xml;charset=utf-8,%3Csvg xmlns%3D'http%3A%2F%2Fwww.w3.org%2F2000%2Fsvg' viewBox%3D'0 0 800 500'%2F%3E\" data-src=\"https:\/\/tanisesabino.com.br\/vereadora\/wp-content\/uploads\/2021\/06\/cv-5-800x500.jpg\" width=\"800\" height=\"500\" class=\"simple-banner-image\" alt=\"Banner image\"  \/><\/span><\/div><div class=\"entry-thumb\"><div class=\"entry-hover\"><\/div><\/div><\/div><\/div><script type=\"text\/javascript\">(function($) {$(\"head\").append(\"<style>@media (max-width: 1280px) and (min-width: 1024px){#dfd-simple_adv-69e6546c97c25.dfd-simple-advertisement .box-title{font-size: 20px !important;line-height: 26px !important;}}@media (max-width: 1023px) and (min-width: 800px){#dfd-simple_adv-69e6546c97c25.dfd-simple-advertisement .box-title{font-size: 18px !important;line-height: 24px !important;}}@media (max-width: 799px){#dfd-simple_adv-69e6546c97c25.dfd-simple-advertisement .box-title{font-size: 20px !important;line-height: 26px !important;}}#dfd-simple_adv-69e6546c97c25 .entry-thumb .entry-hover:before,#dfd-simple_adv-69e6546c97c25 .dfd-3d-parallax:hover .cover .thumb-wrap:before {opacity: 0.5 !important;}#dfd-simple_adv-69e6546c97c25 .box-info {text-transform: uppercase;}<\/style>\");})(jQuery);<\/script><\/div>\n\t\t<\/div> \n\t<\/div> \n<\/div><\/div>\n","protected":false},"excerpt":{"rendered":"Requerimentos REQ N\u00ba 274\/25, de autoria Vers. Tiago Albrecht, Ramiro Ros\u00e1rio, Alexandre Bobadra, Mauro Pinheiro, Coronel Ustra, Marcos Felipi, Jos\u00e9 Freitas e Hamilton Sossmeier e Veras Cl\u00e1udia Ara\u00fajo e Psic\u00f3loga","protected":false},"author":1,"featured_media":0,"parent":2856,"menu_order":0,"comment_status":"closed","ping_status":"closed","template":"tmp-page.php","meta":{"footnotes":""},"class_list":["post-27223","page","type-page","status-publish","hentry"],"_links":{"self":[{"href":"https:\/\/tanisesabino.com.br\/vereadora\/wp-json\/wp\/v2\/pages\/27223","targetHints":{"allow":["GET"]}}],"collection":[{"href":"https:\/\/tanisesabino.com.br\/vereadora\/wp-json\/wp\/v2\/pages"}],"about":[{"href":"https:\/\/tanisesabino.com.br\/vereadora\/wp-json\/wp\/v2\/types\/page"}],"author":[{"embeddable":true,"href":"https:\/\/tanisesabino.com.br\/vereadora\/wp-json\/wp\/v2\/users\/1"}],"replies":[{"embeddable":true,"href":"https:\/\/tanisesabino.com.br\/vereadora\/wp-json\/wp\/v2\/comments?post=27223"}],"version-history":[{"count":4,"href":"https:\/\/tanisesabino.com.br\/vereadora\/wp-json\/wp\/v2\/pages\/27223\/revisions"}],"predecessor-version":[{"id":27330,"href":"https:\/\/tanisesabino.com.br\/vereadora\/wp-json\/wp\/v2\/pages\/27223\/revisions\/27330"}],"up":[{"embeddable":true,"href":"https:\/\/tanisesabino.com.br\/vereadora\/wp-json\/wp\/v2\/pages\/2856"}],"wp:attachment":[{"href":"https:\/\/tanisesabino.com.br\/vereadora\/wp-json\/wp\/v2\/media?parent=27223"}],"curies":[{"name":"wp","href":"https:\/\/api.w.org\/{rel}","templated":true}]}}