{"id":2859,"date":"2021-05-27T15:32:19","date_gmt":"2021-05-27T18:32:19","guid":{"rendered":"http:\/\/ts.kinghost.net\/vereadora\/?page_id=2859"},"modified":"2026-02-09T10:21:25","modified_gmt":"2026-02-09T13:21:25","slug":"projetos","status":"publish","type":"page","link":"https:\/\/tanisesabino.com.br\/vereadora\/atividade-parlamentar\/projetos\/","title":{"rendered":"Projetos"},"content":{"rendered":"<div  class=\"vc_row vc-row-wrapper full_width_content\"  data-parallax_sense=\"30\"><div class=\"wpb_row row\" >\n\t<div class=\"twelve dfd_col-mobile-12 columns vc-column-extra-class-69e6573af18be\"  data-parallax_sense=\"30\">\n\t\t<div class=\"wpb_wrapper\">\n\t\t\t<div id=\"dfd-single-image-69e6573af1cba-3337\" class=\"dfd-single-image-module  image-center dfd-image-shadow dfd-img-lazy-load\" ><img loading=\"lazy\" decoding=\"async\" src=\"data:image\/svg+xml;charset=utf-8,%3Csvg xmlns%3D'http%3A%2F%2Fwww.w3.org%2F2000%2Fsvg' viewBox%3D'0 0 2350 783'%2F%3E\" data-src=\"https:\/\/tanisesabino.com.br\/vereadora\/wp-content\/uploads\/2021\/07\/tanse-sab.jpg\" width=\"2350\" height=\"783\"  alt=\"Image module\"  \/><script type=\"text\/javascript\">(function($) {$(\"head\").append(\"<style>#dfd-single-image-69e6573af1cba-3337.dfd-image-shadow img {-webkit-box-shadow: 0px 15px 50px 0px rgba(15,2,2,0.37);-moz-box-shadow: 0px 15px 50px 0px rgba(15,2,2,0.37);-o-box-shadow: 0px 15px 50px 0px rgba(15,2,2,0.37);box-shadow: 0px 15px 50px 0px rgba(15,2,2,0.37);}#dfd-single-image-69e6573af1cba-3337.dfd-image-shadow:hover img {-webkit-box-shadow: 0px 15px 50px 0px rgba(0,0,0,0.35);-moz-box-shadow: 0px 15px 50px 0px rgba(0,0,0,0.35);-o-box-shadow: 0px 15px 50px 0px rgba(0,0,0,0.35);box-shadow: 0px 15px 50px 0px rgba(0,0,0,0.35);}<\/style>\");})(jQuery);<\/script><\/div>\n\t\t<\/div> <script type=\"text\/javascript\">(function($) {$(\"head\").append(\"<style>.columns.vc-column-extra-class-69e6573af18be {background-position: center center !important;}<\/style>\");})(jQuery);<\/script>\n\t<\/div> \n<\/div><\/div><div  class=\"vc_row vc-row-wrapper vc-row-responsive-69e6573af2a18\"  data-parallax_sense=\"30\"><div class=\"wpb_row row\" >\n\t<div class=\"twelve columns vc-column-extra-class-69e6573af2ee7\"  data-parallax_sense=\"30\">\n\t\t<div class=\"wpb_wrapper\">\n\t\t\t<div class=\"dfd-spacer-module\"  data-units=\"px\" data-wide_size=\"60\" data-normal_resolution=\"1280\" data-normal_size=\"100\" data-tablet_resolution=\"1024\" data-tablet_size=\"80\" data-mobile_resolution=\"800\" data-mobile_size=\"70\" style=\"height: 60px;\"><\/div><div class=\"dfd-heading-shortcode\"><div class=\"dfd-heading-module-wrap  text-center style_02 cr-animate-gen \" id=\"dfd-heading-69e6573af3684\" data-animate-type = \"transition.expandIn\" ><div class=\"inline-block\"><div class=\"dfd-heading-module\"><h2 class=\"dfd-title \" style=\"font-size: 37px; line-height: 44px; letter-spacing: -1.5px; \">Projetos de Lei<\/h2><\/div><\/div><\/div><script type=\"text\/javascript\">(function($) {$(\"head\").append(\"<style>#dfd-heading-69e6573af3684 .dfd-heading-delimiter {margin-top: 10px;margin-bottom: 10px;}@media (max-width: 1023px) and (min-width: 800px){#dfd-heading-69e6573af3684 .dfd-title{font-size: 32px !important;line-height: 38px !important;}}@media (max-width: 799px){#dfd-heading-69e6573af3684 .dfd-title{font-size: 22px !important;line-height: 30px !important;}}@media (max-width: 799px){#dfd-heading-69e6573af3684 .dfd-sub-title{font-size: 10px !important;}}<\/style>\");})(jQuery);<\/script><\/div><div class=\"dfd-spacer-module\"  data-units=\"px\" data-wide_size=\"50\" data-normal_resolution=\"1280\" data-normal_size=\"45\" data-tablet_resolution=\"1024\" data-tablet_size=\"40\" data-mobile_resolution=\"800\" data-mobile_size=\"40\" style=\"height: 50px;\"><\/div><div class=\"vc-row-wrapper vc_inner vc_row-fluid\"><div class=\"row wpb_row\"><div class=\"vc-column-hover-69e6573b007cd columns two\"><div class=\"wpb_wrapper\"><\/div><\/div><div class=\"vc-column-hover-69e6573b00acf columns eight\"><div class=\"wpb_wrapper\"><div id=\"dfd-single-image-69e6573b00e78-2963\" class=\"dfd-single-image-module  image-center dfd-image-shadow dfd-img-lazy-load\" ><img loading=\"lazy\" decoding=\"async\" src=\"data:image\/svg+xml;charset=utf-8,%3Csvg xmlns%3D'http%3A%2F%2Fwww.w3.org%2F2000%2Fsvg' viewBox%3D'0 0 1280 851'%2F%3E\" data-src=\"https:\/\/tanisesabino.com.br\/vereadora\/wp-content\/uploads\/2021\/07\/tanise-sabino.jpeg\" width=\"1280\" height=\"851\"  alt=\"Image module\"  \/><script type=\"text\/javascript\">(function($) {$(\"head\").append(\"<style>#dfd-single-image-69e6573b00e78-2963 {border-radius: 10px;}#dfd-single-image-69e6573b00e78-2963.dfd-image-shadow img {-webkit-box-shadow: 0px 15px 50px 0px rgba(255,255,255,0);-moz-box-shadow: 0px 15px 50px 0px rgba(255,255,255,0);-o-box-shadow: 0px 15px 50px 0px rgba(255,255,255,0);box-shadow: 0px 15px 50px 0px rgba(255,255,255,0);}#dfd-single-image-69e6573b00e78-2963.dfd-image-shadow:hover img {-webkit-box-shadow: 0px 15px 50px 0px rgba(0,0,0,0.35);-moz-box-shadow: 0px 15px 50px 0px rgba(0,0,0,0.35);-o-box-shadow: 0px 15px 50px 0px rgba(0,0,0,0.35);box-shadow: 0px 15px 50px 0px rgba(0,0,0,0.35);}<\/style>\");})(jQuery);<\/script><\/div><div class=\"dfd-spacer-module\"  data-units=\"px\" data-wide_size=\"25\" data-normal_resolution=\"1280\" data-normal_size=\"25\" data-tablet_resolution=\"1024\" data-tablet_size=\"25\" data-mobile_resolution=\"800\" data-mobile_size=\"25\" style=\"height: 25px;\"><\/div>\n\t<div class=\"wpb_text_column wpb_content_element \" >\n\t\t<div class=\"wpb_wrapper\">\n\t\t\t<p style=\"text-align: center;\"><strong>\u2022 Sa\u00fade\u2022\u00a0<\/strong><\/p>\n<p>PLL 330\/24 \u2013 Fica determinada a obrigatoriedade da presen\u00e7a de psic\u00f3logos e m\u00e9dicos psiquiatras em todas as unidades de sa\u00fade do munic\u00edpio de Porto Alegre.<br \/>\nPLL 188\/24 \u2013 Institui o Programa Educativo para Desenvolvimento de Habilidades Socioemocionais para Lidar com Desastres, Crises e Emerg\u00eancias para Servidores P\u00fablicos Municipais.<br \/>\nPLL 438\/25 \u2013 Institui a Campanha de Orienta\u00e7\u00e3o em Sa\u00fade , denominada \u201cA Porta Certa da Sa\u00fade\u201d, e d\u00e1 outras provid\u00eancias.<\/p>\n<hr \/>\n<p>&nbsp;<\/p>\n<p style=\"text-align: center;\"><strong>\u2022 Educa\u00e7\u00e3o \u2022\u00a0<\/strong><\/p>\n<p>PLL 187\/54 \u2013 Institui o Programa Municipal de Educa\u00e7\u00e3o Socioemocional para Lidar com Desastres, Crises e Emerg\u00eancias nas Escolas da Rede P\u00fablica Municipal de Porto Alegre e d\u00e1 outras provid\u00eancias.<\/p>\n<hr \/>\n<p>&nbsp;<\/p>\n<p style=\"text-align: center;\"><strong>\u2022 Meio Ambiente \u2022<\/strong><\/p>\n<p>PELO \u2013 002\/23 -Inclui inc. IX no \u00a7 1\u00ba e \u00a7 3\u00ba, ambos no art. 236 da Lei Org\u00e2nica do Munic\u00edpio de Porto Alegre, incluindo a elabora\u00e7\u00e3o de relat\u00f3rio anual acerca dos arroios do Munic\u00edpio e o seu envio \u00e0 C\u00e2mara Municipal de Porto Alegre como a\u00e7\u00e3o permanente de planejamento, prote\u00e7\u00e3o, restaura\u00e7\u00e3o e fiscaliza\u00e7\u00e3o do meio ambiente.<\/p>\n<hr \/>\n<p>&nbsp;<\/p>\n<p style=\"text-align: center;\"><strong>\u2022 Mobilidade e Transporte \u2022\u00a0<\/strong><\/p>\n<p>PLL 593\/23 \u2013 Autoriza o sistema p\u00fablico municipal de transporte coletivo a instalar insulfilm nos \u00f4nibus do transporte p\u00fablico, nos vidros laterais, correspondentes aos assentos\/ espa\u00e7os preferenciais destinados a Pessoas com Defici\u00eancia (PcD).<\/p>\n<hr \/>\n<p>&nbsp;<\/p>\n<p style=\"text-align: center;\"><strong>\u2022 Educa\u00e7\u00e3o \u2022<\/strong><\/p>\n<p>PLL 611\/23 \u2013 Define diretrizes permanentes do processo de distribui\u00e7\u00e3o de vagas de alunos novos e transfer\u00eancia nas Escolas de Educa\u00e7\u00e3o Infantil, pr\u00f3prias e comunit\u00e1rias, da Prefeitura Municipal de Porto Alegre.<\/p>\n<p>PLL 573\/25 &#8211; Disp\u00f5e sobre a organiza\u00e7\u00e3o dos turnos de atendimento e sobre a composi\u00e7\u00e3o das equipes administrativa e pedag\u00f3gica das institui\u00e7\u00f5es de Educa\u00e7\u00e3o Infantil do Munic\u00edpio de Porto Alegre, nos termos da Lei Federal n\u00ba 9.394\/1996 (Lei de Diretrizes e Bases da Educa\u00e7\u00e3o Nacional \u2013 LDB).<\/p>\n<p>PLL 47\/26 &#8211; Institui, no \u00e2mbito do Munic\u00edpio de Porto Alegre, a obrigatoriedade de inclus\u00e3o de m\u00f3dulo de Atendimento Inclusivo nos cursos de forma\u00e7\u00e3o de barbeiros, cabeleireiros e profissionais cong\u00eaneres.<\/p>\n<hr \/>\n<p>&nbsp;<\/p>\n<p style=\"text-align: center;\"><strong>\u2022 Defesa do consumidor \u2022<\/strong><\/p>\n<p>PLL 635\/23 \u2013 COSMAM \u2013 Fica proibida a venda, no Munic\u00edpio de Porto Alegre, de lareiras ecol\u00f3gicas sem a certifica\u00e7\u00e3o do Instituto Nacional de Metrologia, Qualidade e Tecnologia (Inmetro) que comprove sua seguran\u00e7a e conformidade com as normas estabelecidas.<\/p>\n<hr \/>\n<p>&nbsp;<\/p>\n<p style=\"text-align: center;\"><strong>\u2022 Calend\u00e1rio de Datas Comemorativas e de Conscientiza\u00e7\u00e3o do Munic\u00edpio de Porto Alegre \u2022<\/strong><\/p>\n<p>PLL 546\/25 &#8211; Institui o Dia do Psicopedagogo no Munic\u00edpio de Porto Alegre e d\u00e1 outras provid\u00eancias.<\/p>\n<p>PLL 547\/25 &#8211; Institui, no Munic\u00edpio de Porto Alegre, o Dia da Conscientiza\u00e7\u00e3o para o Diagn\u00f3stico Precoce de Cardiopatias, a ser celebrado anualmente em 7 de junho, e d\u00e1 outras provid\u00eancias.<\/p>\n<p>&nbsp;<\/p>\n<hr \/>\n<p>&nbsp;<\/p>\n<p style=\"text-align: center;\"><strong>\u2022 Nomes de ruas \u2022<\/strong><\/p>\n<p>PLL 356\/25 \u2013 Denomina Rua Gislaine da Rosa Chaves, logradouro p\u00fablico n\u00e3o cadastrado conhecido como Rua B \u2013 Vila dos Herdeiros, bairro Lomba do Pinheiro.<\/p>\n<hr \/>\n<p>&nbsp;<\/p>\n<p style=\"text-align: center;\"><strong>\u2022 Homenagens \u2022<\/strong><\/p>\n<p>PLL 42\/26 &#8211; Inclui no Calend\u00e1rio de Datas Comemorativas e de Conscientiza\u00e7\u00e3o do Munic\u00edpio de Porto Alegre &#8211; Lei Municipal n\u00ba 10.904, de 31 de maio de 2010 &#8211; a efem\u00e9ride \u201cDia do Centro de Tradi\u00e7\u00f5es Ga\u00fachas Gildo de Freitas\u201d.<br \/>\nResolu\u00e7\u00e3o N\u00ba 2.937\/25 \u2013 Concede Diploma de Honra ao M\u00e9rito Instituto Colo de M\u00e3e.<br \/>\nPLL 552\/25 &#8211; Concede o t\u00edtulo de Utilidade P\u00fablica Sociedade Cultural Beneficente e Esportiva Flamenguinho.<br \/>\nResolu\u00e7\u00e3o N\u00ba 2.938\/25 &#8211; Fica concedida a Comenda Porto do Sol \u00e0 Associa\u00e7\u00e3o Brasileira de Recursos Humanos (ABRH).<br \/>\nPR 140\/25 &#8211; Concede o Diploma Honra ao M\u00e9rito \u00e0 Funda\u00e7\u00e3o Projeto Pescar, pelos servi\u00e7os prestados para sociedade.<br \/>\nPR &#8211; Concede a Comenda Porto do Sol ao Conselho regional de Psicologia do RS.<\/p>\n\n\t\t<\/div> \n\t<\/div> <\/div><\/div><div class=\"vc-column-hover-69e6573b02df7 columns two\"><div class=\"wpb_wrapper\"><\/div><\/div><\/div><\/div><div class=\"dfd-spacer-module\"  data-units=\"px\" data-wide_size=\"50\" data-normal_resolution=\"1280\" data-normal_size=\"45\" data-tablet_resolution=\"1024\" data-tablet_size=\"40\" data-mobile_resolution=\"800\" data-mobile_size=\"40\" style=\"height: 50px;\"><\/div>\n\t\t<\/div> <script type=\"text\/javascript\">(function($) {$(\"head\").append(\"<style>@media (max-width: 1280px) and (min-width: 1024px){.columns.vc-column-extra-class-69e6573af2ee7{padding-left: 20px !important;padding-right: 20px !important;}}@media (max-width: 1023px) and (min-width: 800px){.columns.vc-column-extra-class-69e6573af2ee7{padding-left: 20px !important;padding-right: 20px !important;}}@media (max-width: 799px){.columns.vc-column-extra-class-69e6573af2ee7{padding-left: 20px !important;padding-right: 20px !important;}}<\/style>\");})(jQuery);<\/script>\n\t<\/div> \n<\/div><script type=\"text\/javascript\">(function($) {$(\"head\").append(\"<style>@media (max-width: 799px){.vc-row-wrapper.vc-row-responsive-69e6573af2a18{padding-left: 20px !important;padding-right: 20px !important;}}<\/style>\");})(jQuery);<\/script><\/div><div  class=\"vc_row vc-row-wrapper full_width_content\"  data-parallax_sense=\"30\"><div class=\"wpb_row row\" >\n\t<div class=\"four columns vc-column-extra-class-69e6573b03728 vc_custom_1477379008214\"  data-parallax_sense=\"30\">\n\t\t<div class=\"wpb_wrapper\">\n\t\t\t<div id=\"dfd-simple_adv-69e6573b03ad2\" class=\"dfd-simple-advertisement  hover_enable dfd-fade-out style-7  cr-animate-gen  dfd-img-lazy-load  panr\" data-animate-type = \"transition.slideRightBigIn\"  ><div class=\"cover \"><div class=\"image-wrap\"><a href=\"http:\/\/www.tanisesabino.com.br\/vereadora\/frentes-parlamentares\/\"    class=\"full-box-link\"><\/a><div class=\"content-wrap\"><div class=\"content-level2\"><div class=\"content-level3\"><h4 class=\"box-title \" style=\"color: #ffffff !important; \">Frentes Parlamentares<\/h4><div class=\"box-info\" style=\"font-family:Montserrat; \">Acesse agora<\/div><\/div><\/div><\/div><div class=\"image-cover\"><span class=\"img_wrapper\"><img loading=\"lazy\" decoding=\"async\" src=\"data:image\/svg+xml;charset=utf-8,%3Csvg xmlns%3D'http%3A%2F%2Fwww.w3.org%2F2000%2Fsvg' viewBox%3D'0 0 800 500'%2F%3E\" data-src=\"https:\/\/tanisesabino.com.br\/vereadora\/wp-content\/uploads\/2021\/06\/cv-4-800x500.jpg\" width=\"800\" height=\"500\" class=\"simple-banner-image\" alt=\"Banner image\"  \/><\/span><\/div><div class=\"entry-thumb\"><div class=\"entry-hover\"><\/div><\/div><\/div><\/div><script type=\"text\/javascript\">(function($) {$(\"head\").append(\"<style>@media (max-width: 1280px) and (min-width: 1024px){#dfd-simple_adv-69e6573b03ad2.dfd-simple-advertisement .box-title{font-size: 20px !important;line-height: 26px !important;}}@media (max-width: 1023px) and (min-width: 800px){#dfd-simple_adv-69e6573b03ad2.dfd-simple-advertisement .box-title{font-size: 18px !important;line-height: 24px !important;}}@media (max-width: 799px){#dfd-simple_adv-69e6573b03ad2.dfd-simple-advertisement .box-title{font-size: 20px !important;line-height: 26px !important;}}#dfd-simple_adv-69e6573b03ad2 .entry-thumb .entry-hover:before,#dfd-simple_adv-69e6573b03ad2 .dfd-3d-parallax:hover .cover .thumb-wrap:before {opacity: 0.5 !important;}#dfd-simple_adv-69e6573b03ad2 .box-info {text-transform: uppercase;}<\/style>\");})(jQuery);<\/script><\/div>\n\t\t<\/div> \n\t<\/div> \n\n\t<div class=\"four columns vc-column-extra-class-69e6573b044fa vc_custom_1477379012282\"  data-parallax_sense=\"30\">\n\t\t<div class=\"wpb_wrapper\">\n\t\t\t<div id=\"dfd-simple_adv-69e6573b04883\" class=\"dfd-simple-advertisement  hover_enable dfd-fade-out style-7  cr-animate-gen  dfd-img-lazy-load  panr\" data-animate-type = \"transition.expandIn\"  ><div class=\"cover \"><div class=\"image-wrap\"><a href=\"http:\/\/www.tanisesabino.com.br\/vereadora\/conheca-a-vereadora\/campanha-de-valorizacao-da-vida\/\"    class=\"full-box-link\"><\/a><div class=\"content-wrap\"><div class=\"content-level2\"><div class=\"content-level3\"><h4 class=\"box-title \" style=\"color: #ffffff !important; \">Campanha de<br \/>\nValoriza\u00e7\u00e3o da Vida<\/h4><div class=\"box-info\" style=\"font-family:Montserrat; font-weight:400; font-style:normal; \">Acesse agora<\/div><\/div><\/div><\/div><div class=\"image-cover\"><span class=\"img_wrapper\"><img loading=\"lazy\" decoding=\"async\" src=\"data:image\/svg+xml;charset=utf-8,%3Csvg xmlns%3D'http%3A%2F%2Fwww.w3.org%2F2000%2Fsvg' viewBox%3D'0 0 800 500'%2F%3E\" data-src=\"https:\/\/tanisesabino.com.br\/vereadora\/wp-content\/uploads\/2021\/06\/cv-3-800x500.jpg\" width=\"800\" height=\"500\" class=\"simple-banner-image\" alt=\"Banner image\"  \/><\/span><\/div><div class=\"entry-thumb\"><div class=\"entry-hover\"><\/div><\/div><\/div><\/div><script type=\"text\/javascript\">(function($) {$(\"head\").append(\"<style>@media (max-width: 1280px) and (min-width: 1024px){#dfd-simple_adv-69e6573b04883.dfd-simple-advertisement .box-title{font-size: 20px !important;line-height: 26px !important;}}@media (max-width: 1023px) and (min-width: 800px){#dfd-simple_adv-69e6573b04883.dfd-simple-advertisement .box-title{font-size: 18px !important;line-height: 24px !important;}}@media (max-width: 799px){#dfd-simple_adv-69e6573b04883.dfd-simple-advertisement .box-title{font-size: 20px !important;line-height: 26px !important;}}#dfd-simple_adv-69e6573b04883 .entry-thumb .entry-hover:before,#dfd-simple_adv-69e6573b04883 .dfd-3d-parallax:hover .cover .thumb-wrap:before {opacity: 0.5 !important;}#dfd-simple_adv-69e6573b04883 .box-info {text-transform: uppercase;}<\/style>\");})(jQuery);<\/script><\/div>\n\t\t<\/div> \n\t<\/div> \n\n\t<div class=\"four columns vc-column-extra-class-69e6573b05190 vc_custom_1477379017130\"  data-parallax_sense=\"30\">\n\t\t<div class=\"wpb_wrapper\">\n\t\t\t<div id=\"dfd-simple_adv-69e6573b05559\" class=\"dfd-simple-advertisement  hover_enable dfd-fade-out style-7  cr-animate-gen  dfd-img-lazy-load  panr\" data-animate-type = \"transition.slideLeftBigIn\"  ><div class=\"cover \"><div class=\"image-wrap\"><a href=\"http:\/\/www.tanisesabino.com.br\/vereadora\/acesse-agora\/ajuda-psicologica\/\"    class=\"full-box-link\"><\/a><div class=\"content-wrap\"><div class=\"content-level2\"><div class=\"content-level3\"><h4 class=\"box-title \" style=\"color: #ffffff !important; \">Ajuda Psicol\u00f3gica<\/h4><div class=\"box-info\" style=\"font-family:Montserrat; font-weight:400; font-style:normal; \">Acesse agora<\/div><\/div><\/div><\/div><div class=\"image-cover\"><span class=\"img_wrapper\"><img loading=\"lazy\" decoding=\"async\" src=\"data:image\/svg+xml;charset=utf-8,%3Csvg xmlns%3D'http%3A%2F%2Fwww.w3.org%2F2000%2Fsvg' viewBox%3D'0 0 800 500'%2F%3E\" data-src=\"https:\/\/tanisesabino.com.br\/vereadora\/wp-content\/uploads\/2021\/06\/cv-5-800x500.jpg\" width=\"800\" height=\"500\" class=\"simple-banner-image\" alt=\"Banner image\"  \/><\/span><\/div><div class=\"entry-thumb\"><div class=\"entry-hover\"><\/div><\/div><\/div><\/div><script type=\"text\/javascript\">(function($) {$(\"head\").append(\"<style>@media (max-width: 1280px) and (min-width: 1024px){#dfd-simple_adv-69e6573b05559.dfd-simple-advertisement .box-title{font-size: 20px !important;line-height: 26px !important;}}@media (max-width: 1023px) and (min-width: 800px){#dfd-simple_adv-69e6573b05559.dfd-simple-advertisement .box-title{font-size: 18px !important;line-height: 24px !important;}}@media (max-width: 799px){#dfd-simple_adv-69e6573b05559.dfd-simple-advertisement .box-title{font-size: 20px !important;line-height: 26px !important;}}#dfd-simple_adv-69e6573b05559 .entry-thumb .entry-hover:before,#dfd-simple_adv-69e6573b05559 .dfd-3d-parallax:hover .cover .thumb-wrap:before {opacity: 0.5 !important;}#dfd-simple_adv-69e6573b05559 .box-info {text-transform: uppercase;}<\/style>\");})(jQuery);<\/script><\/div>\n\t\t<\/div> \n\t<\/div> \n<\/div><\/div>\n","protected":false},"excerpt":{"rendered":"Projetos de Lei \u2022 Sa\u00fade\u2022\u00a0 PLL 330\/24 \u2013 Fica determinada a obrigatoriedade da presen\u00e7a de psic\u00f3logos e m\u00e9dicos psiquiatras em todas as unidades de sa\u00fade do munic\u00edpio de Porto Alegre.","protected":false},"author":1,"featured_media":0,"parent":2856,"menu_order":0,"comment_status":"closed","ping_status":"closed","template":"tmp-page.php","meta":{"footnotes":""},"class_list":["post-2859","page","type-page","status-publish","hentry"],"_links":{"self":[{"href":"https:\/\/tanisesabino.com.br\/vereadora\/wp-json\/wp\/v2\/pages\/2859","targetHints":{"allow":["GET"]}}],"collection":[{"href":"https:\/\/tanisesabino.com.br\/vereadora\/wp-json\/wp\/v2\/pages"}],"about":[{"href":"https:\/\/tanisesabino.com.br\/vereadora\/wp-json\/wp\/v2\/types\/page"}],"author":[{"embeddable":true,"href":"https:\/\/tanisesabino.com.br\/vereadora\/wp-json\/wp\/v2\/users\/1"}],"replies":[{"embeddable":true,"href":"https:\/\/tanisesabino.com.br\/vereadora\/wp-json\/wp\/v2\/comments?post=2859"}],"version-history":[{"count":88,"href":"https:\/\/tanisesabino.com.br\/vereadora\/wp-json\/wp\/v2\/pages\/2859\/revisions"}],"predecessor-version":[{"id":27627,"href":"https:\/\/tanisesabino.com.br\/vereadora\/wp-json\/wp\/v2\/pages\/2859\/revisions\/27627"}],"up":[{"embeddable":true,"href":"https:\/\/tanisesabino.com.br\/vereadora\/wp-json\/wp\/v2\/pages\/2856"}],"wp:attachment":[{"href":"https:\/\/tanisesabino.com.br\/vereadora\/wp-json\/wp\/v2\/media?parent=2859"}],"curies":[{"name":"wp","href":"https:\/\/api.w.org\/{rel}","templated":true}]}}