{"id":2863,"date":"2021-05-27T15:37:13","date_gmt":"2021-05-27T18:37:13","guid":{"rendered":"http:\/\/ts.kinghost.net\/vereadora\/?page_id=2863"},"modified":"2026-02-02T12:24:06","modified_gmt":"2026-02-02T15:24:06","slug":"indicativos","status":"publish","type":"page","link":"https:\/\/tanisesabino.com.br\/vereadora\/atividade-parlamentar\/indicativos\/","title":{"rendered":"Indicativos"},"content":{"rendered":"<div  class=\"vc_row vc-row-wrapper full_width_content\"  data-parallax_sense=\"30\"><div class=\"wpb_row row\" >\n\t<div class=\"twelve dfd_col-mobile-12 columns vc-column-extra-class-69e6573971573\"  data-parallax_sense=\"30\">\n\t\t<div class=\"wpb_wrapper\">\n\t\t\t<div id=\"dfd-single-image-69e6573971942-4381\" class=\"dfd-single-image-module  image-center dfd-image-shadow dfd-img-lazy-load\" ><img loading=\"lazy\" decoding=\"async\" src=\"data:image\/svg+xml;charset=utf-8,%3Csvg xmlns%3D'http%3A%2F%2Fwww.w3.org%2F2000%2Fsvg' viewBox%3D'0 0 2350 783'%2F%3E\" data-src=\"https:\/\/tanisesabino.com.br\/vereadora\/wp-content\/uploads\/2021\/07\/tanse-sab.jpg\" width=\"2350\" height=\"783\"  alt=\"Image module\"  \/><script type=\"text\/javascript\">(function($) {$(\"head\").append(\"<style>#dfd-single-image-69e6573971942-4381.dfd-image-shadow img {-webkit-box-shadow: 0px 15px 50px 0px rgba(15,2,2,0.37);-moz-box-shadow: 0px 15px 50px 0px rgba(15,2,2,0.37);-o-box-shadow: 0px 15px 50px 0px rgba(15,2,2,0.37);box-shadow: 0px 15px 50px 0px rgba(15,2,2,0.37);}#dfd-single-image-69e6573971942-4381.dfd-image-shadow:hover img {-webkit-box-shadow: 0px 15px 50px 0px rgba(0,0,0,0.35);-moz-box-shadow: 0px 15px 50px 0px rgba(0,0,0,0.35);-o-box-shadow: 0px 15px 50px 0px rgba(0,0,0,0.35);box-shadow: 0px 15px 50px 0px rgba(0,0,0,0.35);}<\/style>\");})(jQuery);<\/script><\/div>\n\t\t<\/div> <script type=\"text\/javascript\">(function($) {$(\"head\").append(\"<style>.columns.vc-column-extra-class-69e6573971573 {background-position: center center !important;}<\/style>\");})(jQuery);<\/script>\n\t<\/div> \n<\/div><\/div><div  class=\"vc_row vc-row-wrapper \"  data-parallax_sense=\"30\"><div class=\"wpb_row row\" >\n\t<div class=\"twelve columns vc-column-extra-class-69e65739723aa\"  data-parallax_sense=\"30\">\n\t\t<div class=\"wpb_wrapper\">\n\t\t\t<div class=\"dfd-spacer-module\"  data-units=\"px\" data-wide_size=\"60\" data-normal_resolution=\"1280\" data-normal_size=\"100\" data-tablet_resolution=\"1024\" data-tablet_size=\"80\" data-mobile_resolution=\"800\" data-mobile_size=\"70\" style=\"height: 60px;\"><\/div><div class=\"dfd-heading-shortcode\"><div class=\"dfd-heading-module-wrap  text-center style_02 cr-animate-gen \" id=\"dfd-heading-69e6573972871\" data-animate-type = \"transition.expandIn\" ><div class=\"inline-block\"><div class=\"dfd-heading-module\"><h2 class=\"dfd-title \" style=\"font-size: 37px; line-height: 44px; letter-spacing: -1.5px; \">Indicativos<\/h2><\/div><\/div><\/div><script type=\"text\/javascript\">(function($) {$(\"head\").append(\"<style>#dfd-heading-69e6573972871 .dfd-heading-delimiter {margin-top: 10px;margin-bottom: 10px;}@media (max-width: 1023px) and (min-width: 800px){#dfd-heading-69e6573972871 .dfd-title{font-size: 32px !important;line-height: 38px !important;}}@media (max-width: 799px){#dfd-heading-69e6573972871 .dfd-title{font-size: 22px !important;line-height: 30px !important;}}@media (max-width: 799px){#dfd-heading-69e6573972871 .dfd-sub-title{font-size: 10px !important;}}<\/style>\");})(jQuery);<\/script><\/div><div class=\"dfd-spacer-module\"  data-units=\"px\" data-wide_size=\"50\" data-normal_resolution=\"1280\" data-normal_size=\"45\" data-tablet_resolution=\"1024\" data-tablet_size=\"40\" data-mobile_resolution=\"800\" data-mobile_size=\"40\" style=\"height: 50px;\"><\/div><div class=\"vc-row-wrapper vc_inner vc_row-fluid\"><div class=\"row wpb_row\"><div class=\"vc-column-hover-69e65739738b2 columns six\"><div class=\"wpb_wrapper\"><div id=\"dfd-single-image-69e6573973beb-8085\" class=\"dfd-single-image-module  image-center dfd-image-shadow dfd-img-lazy-load\" ><img loading=\"lazy\" decoding=\"async\" src=\"data:image\/svg+xml;charset=utf-8,%3Csvg xmlns%3D'http%3A%2F%2Fwww.w3.org%2F2000%2Fsvg' viewBox%3D'0 0 1066 711'%2F%3E\" data-src=\"https:\/\/tanisesabino.com.br\/vereadora\/wp-content\/uploads\/2026\/02\/475094460_919022300403735_4997480938199797389_n.jpg\" width=\"1066\" height=\"711\"  alt=\"Image module\"  \/><script type=\"text\/javascript\">(function($) {$(\"head\").append(\"<style>#dfd-single-image-69e6573973beb-8085.dfd-image-shadow img {-webkit-box-shadow: 0px 15px 50px 0px rgba(255,255,255,0);-moz-box-shadow: 0px 15px 50px 0px rgba(255,255,255,0);-o-box-shadow: 0px 15px 50px 0px rgba(255,255,255,0);box-shadow: 0px 15px 50px 0px rgba(255,255,255,0);}#dfd-single-image-69e6573973beb-8085.dfd-image-shadow:hover img {-webkit-box-shadow: 0px 15px 50px 0px rgba(0,0,0,0.35);-moz-box-shadow: 0px 15px 50px 0px rgba(0,0,0,0.35);-o-box-shadow: 0px 15px 50px 0px rgba(0,0,0,0.35);box-shadow: 0px 15px 50px 0px rgba(0,0,0,0.35);}<\/style>\");})(jQuery);<\/script><\/div><div class=\"dfd-spacer-module\"  data-units=\"px\" data-wide_size=\"25\" data-normal_resolution=\"1280\" data-normal_size=\"25\" data-tablet_resolution=\"1024\" data-tablet_size=\"25\" data-mobile_resolution=\"800\" data-mobile_size=\"25\" style=\"height: 25px;\"><\/div><\/div><\/div><div class=\"vc-column-hover-69e6573974305 columns six\"><div class=\"wpb_wrapper\">\n\t<div class=\"wpb_text_column wpb_content_element \" >\n\t\t<div class=\"wpb_wrapper\">\n\t\t\t<p><strong>215.00040\/2021-41<\/strong> &#8211; Para que seja implantado o servi\u00e7o de SAMU Mental na cidade de Porto Alegre.<\/p>\n<p><strong>215.00037\/2021-28<\/strong> &#8211; Para que sejam inclu\u00eddos no rol do grupo priorit\u00e1rio para vacina\u00e7\u00e3o contra COVID \u2013 19 as seguintes categorias: Operadores e empacotadores de supermercados;<\/p>\n<p><strong>215.00045\/2021-74<\/strong> &#8211; Seja institu\u00eddo o \u201cPrograma de Voluntariado em Sa\u00fade Multidisciplinar\u201d para tratamento p\u00f3s COVID em Sa\u00fade e Sa\u00fade Mental a pacientes e seus familiares residentes em Porto Alegre, atrav\u00e9s de conv\u00eanios firmados com profissionais liberais, entidades, institutos e cl\u00ednicas de atendimento de psicoterapia, faculdades, universidades e programas de p\u00f3s-gradua\u00e7\u00e3o (PPG) em diversas disciplinas, bem como institui\u00e7\u00f5es que trabalhem com voluntariado em atendimento \u00e0 sa\u00fade em geral, que ser\u00e1 gerido pela Secretaria Municipal da Sa\u00fade.<\/p>\n<p><strong>215.00038\/2021-72<\/strong>\u00a0\u2013 Obriga as escolas, conselhos tutelares, unidades hospitalares, as cl\u00ednicas, os ambulat\u00f3rios, os centros de sa\u00fade, unidades b\u00e1sicas de sa\u00fade, unidades de sa\u00fade da fam\u00edlia, servi\u00e7os de urg\u00eancia e emerg\u00eancia, Servi\u00e7o de Atendimento M\u00f3vel de Urg\u00eancia (SAMU) e os estabelecimentos similares a comunicar, formalmente, os casos de automutila\u00e7\u00e3o, tentativa de suic\u00eddio e suic\u00eddios \u00e0 Secretaria Municipal de Sa\u00fade e d\u00e1 outras provid\u00eancias.<\/p>\n<p><strong>215.00116\/2021-39<\/strong> &#8211; Altera o anexo do Decreto n\u00ba 21.193 de 03 de outubro de 2021, passando a permitir as Igrejas a realizarem eventos com alimentos e bebidas, respeitando os protocolos sanit\u00e1rios.<\/p>\n<p><strong>215.00015\/2022-49<\/strong> &#8211; Para que seja implantado um Centro de Aten\u00e7\u00e3o Psicossocial (CAPS) II no bairro Restinga.<\/p>\n<p><strong>215.00026\/2022-29<\/strong> &#8211; Que sejam mobilizados os recursos imprescind\u00edveis para a implementa\u00e7\u00e3o dos dispositivos da Lei Federal n\u00ba 13.935\/2019, que estabelece que a rede p\u00fablica de educa\u00e7\u00e3o b\u00e1sica contar\u00e1 com servi\u00e7os de psicologia e servi\u00e7o social para atender \u00e0s necessidades e prioridades definidas pelas pol\u00edticas de educa\u00e7\u00e3o, por meio de equipes multiprofissionais, atrav\u00e9s da contrata\u00e7\u00e3o de 17 (dezessete) psic\u00f3logos e 17 (dezessete) assistentes sociais que ser\u00e3o distribu\u00eddos conforme as regi\u00f5es do Or\u00e7amento Participativo.<\/p>\n<p><strong>215.00028\/2022-18<\/strong> &#8211; Para que seja implantado um Centro de Aten\u00e7\u00e3o Psicossocial -CAPS Infantil no bairro Restinga.<\/p>\n<p><strong>215.00041\/2022-77 &#8211;<\/strong> Seja realizado capacita\u00e7\u00e3o permanente para a equipe de pronto socorristas da SAMU sobre \u201catualiza\u00e7\u00e3o em transtornos mentais e manejo em casos de crises\u201d.<\/p>\n<p><strong>215.00041\/2024-39 &#8211;<\/strong> Autoriza as entidades atingidas pelas enchentes ocorridas em maio de 2024, que tiveram suas estruturas comprometidas, assim como danos patrimoniais que impe\u00e7am a continuidade das suas atividades, devidamente comprovados, a utilizarem os valores recebidos de emendas parlamentares para reestruturar suas institui\u00e7\u00f5es, restaurando os preju\u00edzos causados pela enchente, desvinculando-se dos planos de trabalhos origin\u00e1rios.<\/p>\n\n\t\t<\/div> \n\t<\/div> <\/div><\/div><\/div><\/div><div class=\"dfd-spacer-module\"  data-units=\"px\" data-wide_size=\"50\" data-normal_resolution=\"1280\" data-normal_size=\"45\" data-tablet_resolution=\"1024\" data-tablet_size=\"40\" data-mobile_resolution=\"800\" data-mobile_size=\"40\" style=\"height: 50px;\"><\/div>\n\t\t<\/div> <script type=\"text\/javascript\">(function($) {$(\"head\").append(\"<style>@media (max-width: 1280px) and (min-width: 1024px){.columns.vc-column-extra-class-69e65739723aa{padding-left: 20px !important;padding-right: 20px !important;}}@media (max-width: 1023px) and (min-width: 800px){.columns.vc-column-extra-class-69e65739723aa{padding-left: 20px !important;padding-right: 20px !important;}}@media (max-width: 799px){.columns.vc-column-extra-class-69e65739723aa{padding-left: 20px !important;padding-right: 20px !important;}}<\/style>\");})(jQuery);<\/script>\n\t<\/div> \n<\/div><\/div><div  class=\"vc_row vc-row-wrapper full_width_content\"  data-parallax_sense=\"30\"><div class=\"wpb_row row\" >\n\t<div class=\"four columns vc-column-extra-class-69e657397505e vc_custom_1477379008214\"  data-parallax_sense=\"30\">\n\t\t<div class=\"wpb_wrapper\">\n\t\t\t<div id=\"dfd-simple_adv-69e6573975438\" class=\"dfd-simple-advertisement  hover_enable dfd-fade-out style-7  cr-animate-gen  dfd-img-lazy-load  panr\" data-animate-type = \"transition.slideRightBigIn\"  ><div class=\"cover \"><div class=\"image-wrap\"><a href=\"http:\/\/www.tanisesabino.com.br\/vereadora\/frentes-parlamentares\/\"    class=\"full-box-link\"><\/a><div class=\"content-wrap\"><div class=\"content-level2\"><div class=\"content-level3\"><h4 class=\"box-title \" style=\"color: #ffffff !important; \">Frentes Parlamentares<\/h4><div class=\"box-info\" style=\"font-family:Montserrat; \">Acesse agora<\/div><\/div><\/div><\/div><div class=\"image-cover\"><span class=\"img_wrapper\"><img loading=\"lazy\" decoding=\"async\" src=\"data:image\/svg+xml;charset=utf-8,%3Csvg xmlns%3D'http%3A%2F%2Fwww.w3.org%2F2000%2Fsvg' viewBox%3D'0 0 800 500'%2F%3E\" data-src=\"https:\/\/tanisesabino.com.br\/vereadora\/wp-content\/uploads\/2021\/06\/cv-4-800x500.jpg\" width=\"800\" height=\"500\" class=\"simple-banner-image\" alt=\"Banner image\"  \/><\/span><\/div><div class=\"entry-thumb\"><div class=\"entry-hover\"><\/div><\/div><\/div><\/div><script type=\"text\/javascript\">(function($) {$(\"head\").append(\"<style>@media (max-width: 1280px) and (min-width: 1024px){#dfd-simple_adv-69e6573975438.dfd-simple-advertisement .box-title{font-size: 20px !important;line-height: 26px !important;}}@media (max-width: 1023px) and (min-width: 800px){#dfd-simple_adv-69e6573975438.dfd-simple-advertisement .box-title{font-size: 18px !important;line-height: 24px !important;}}@media (max-width: 799px){#dfd-simple_adv-69e6573975438.dfd-simple-advertisement .box-title{font-size: 20px !important;line-height: 26px !important;}}#dfd-simple_adv-69e6573975438 .entry-thumb .entry-hover:before,#dfd-simple_adv-69e6573975438 .dfd-3d-parallax:hover .cover .thumb-wrap:before {opacity: 0.5 !important;}#dfd-simple_adv-69e6573975438 .box-info {text-transform: uppercase;}<\/style>\");})(jQuery);<\/script><\/div>\n\t\t<\/div> \n\t<\/div> \n\n\t<div class=\"four columns vc-column-extra-class-69e6573975bf3 vc_custom_1477379012282\"  data-parallax_sense=\"30\">\n\t\t<div class=\"wpb_wrapper\">\n\t\t\t<div id=\"dfd-simple_adv-69e6573976041\" class=\"dfd-simple-advertisement  hover_enable dfd-fade-out style-7  cr-animate-gen  dfd-img-lazy-load  panr\" data-animate-type = \"transition.expandIn\"  ><div class=\"cover \"><div class=\"image-wrap\"><a href=\"http:\/\/www.tanisesabino.com.br\/vereadora\/conheca-a-vereadora\/campanha-de-valorizacao-da-vida\/\"    class=\"full-box-link\"><\/a><div class=\"content-wrap\"><div class=\"content-level2\"><div class=\"content-level3\"><h4 class=\"box-title \" style=\"color: #ffffff !important; \">Campanha de<br \/>\nValoriza\u00e7\u00e3o da Vida<\/h4><div class=\"box-info\" style=\"font-family:Montserrat; font-weight:400; font-style:normal; \">Acesse agora<\/div><\/div><\/div><\/div><div class=\"image-cover\"><span class=\"img_wrapper\"><img loading=\"lazy\" decoding=\"async\" src=\"data:image\/svg+xml;charset=utf-8,%3Csvg xmlns%3D'http%3A%2F%2Fwww.w3.org%2F2000%2Fsvg' viewBox%3D'0 0 800 500'%2F%3E\" data-src=\"https:\/\/tanisesabino.com.br\/vereadora\/wp-content\/uploads\/2021\/06\/cv-3-800x500.jpg\" width=\"800\" height=\"500\" class=\"simple-banner-image\" alt=\"Banner image\"  \/><\/span><\/div><div class=\"entry-thumb\"><div class=\"entry-hover\"><\/div><\/div><\/div><\/div><script type=\"text\/javascript\">(function($) {$(\"head\").append(\"<style>@media (max-width: 1280px) and (min-width: 1024px){#dfd-simple_adv-69e6573976041.dfd-simple-advertisement .box-title{font-size: 20px !important;line-height: 26px !important;}}@media (max-width: 1023px) and (min-width: 800px){#dfd-simple_adv-69e6573976041.dfd-simple-advertisement .box-title{font-size: 18px !important;line-height: 24px !important;}}@media (max-width: 799px){#dfd-simple_adv-69e6573976041.dfd-simple-advertisement .box-title{font-size: 20px !important;line-height: 26px !important;}}#dfd-simple_adv-69e6573976041 .entry-thumb .entry-hover:before,#dfd-simple_adv-69e6573976041 .dfd-3d-parallax:hover .cover .thumb-wrap:before {opacity: 0.5 !important;}#dfd-simple_adv-69e6573976041 .box-info {text-transform: uppercase;}<\/style>\");})(jQuery);<\/script><\/div>\n\t\t<\/div> \n\t<\/div> \n\n\t<div class=\"four columns vc-column-extra-class-69e657397687b vc_custom_1477379017130\"  data-parallax_sense=\"30\">\n\t\t<div class=\"wpb_wrapper\">\n\t\t\t<div id=\"dfd-simple_adv-69e6573976d22\" class=\"dfd-simple-advertisement  hover_enable dfd-fade-out style-7  cr-animate-gen  dfd-img-lazy-load  panr\" data-animate-type = \"transition.slideLeftBigIn\"  ><div class=\"cover \"><div class=\"image-wrap\"><a href=\"http:\/\/www.tanisesabino.com.br\/vereadora\/acesse-agora\/ajuda-psicologica\/\"    class=\"full-box-link\"><\/a><div class=\"content-wrap\"><div class=\"content-level2\"><div class=\"content-level3\"><h4 class=\"box-title \" style=\"color: #ffffff !important; \">Ajuda Psicol\u00f3gica<\/h4><div class=\"box-info\" style=\"font-family:Montserrat; font-weight:400; font-style:normal; \">Acesse agora<\/div><\/div><\/div><\/div><div class=\"image-cover\"><span class=\"img_wrapper\"><img loading=\"lazy\" decoding=\"async\" src=\"data:image\/svg+xml;charset=utf-8,%3Csvg xmlns%3D'http%3A%2F%2Fwww.w3.org%2F2000%2Fsvg' viewBox%3D'0 0 800 500'%2F%3E\" data-src=\"https:\/\/tanisesabino.com.br\/vereadora\/wp-content\/uploads\/2021\/06\/cv-5-800x500.jpg\" width=\"800\" height=\"500\" class=\"simple-banner-image\" alt=\"Banner image\"  \/><\/span><\/div><div class=\"entry-thumb\"><div class=\"entry-hover\"><\/div><\/div><\/div><\/div><script type=\"text\/javascript\">(function($) {$(\"head\").append(\"<style>@media (max-width: 1280px) and (min-width: 1024px){#dfd-simple_adv-69e6573976d22.dfd-simple-advertisement .box-title{font-size: 20px !important;line-height: 26px !important;}}@media (max-width: 1023px) and (min-width: 800px){#dfd-simple_adv-69e6573976d22.dfd-simple-advertisement .box-title{font-size: 18px !important;line-height: 24px !important;}}@media (max-width: 799px){#dfd-simple_adv-69e6573976d22.dfd-simple-advertisement .box-title{font-size: 20px !important;line-height: 26px !important;}}#dfd-simple_adv-69e6573976d22 .entry-thumb .entry-hover:before,#dfd-simple_adv-69e6573976d22 .dfd-3d-parallax:hover .cover .thumb-wrap:before {opacity: 0.5 !important;}#dfd-simple_adv-69e6573976d22 .box-info {text-transform: uppercase;}<\/style>\");})(jQuery);<\/script><\/div>\n\t\t<\/div> \n\t<\/div> \n<\/div><\/div>\n","protected":false},"excerpt":{"rendered":"Indicativos 215.00040\/2021-41 - Para que seja implantado o servi\u00e7o de SAMU Mental na cidade de Porto Alegre. 215.00037\/2021-28 - Para que sejam inclu\u00eddos no rol do grupo priorit\u00e1rio para vacina\u00e7\u00e3o","protected":false},"author":1,"featured_media":0,"parent":2856,"menu_order":0,"comment_status":"closed","ping_status":"closed","template":"tmp-page.php","meta":{"footnotes":""},"class_list":["post-2863","page","type-page","status-publish","hentry"],"_links":{"self":[{"href":"https:\/\/tanisesabino.com.br\/vereadora\/wp-json\/wp\/v2\/pages\/2863","targetHints":{"allow":["GET"]}}],"collection":[{"href":"https:\/\/tanisesabino.com.br\/vereadora\/wp-json\/wp\/v2\/pages"}],"about":[{"href":"https:\/\/tanisesabino.com.br\/vereadora\/wp-json\/wp\/v2\/types\/page"}],"author":[{"embeddable":true,"href":"https:\/\/tanisesabino.com.br\/vereadora\/wp-json\/wp\/v2\/users\/1"}],"replies":[{"embeddable":true,"href":"https:\/\/tanisesabino.com.br\/vereadora\/wp-json\/wp\/v2\/comments?post=2863"}],"version-history":[{"count":20,"href":"https:\/\/tanisesabino.com.br\/vereadora\/wp-json\/wp\/v2\/pages\/2863\/revisions"}],"predecessor-version":[{"id":27611,"href":"https:\/\/tanisesabino.com.br\/vereadora\/wp-json\/wp\/v2\/pages\/2863\/revisions\/27611"}],"up":[{"embeddable":true,"href":"https:\/\/tanisesabino.com.br\/vereadora\/wp-json\/wp\/v2\/pages\/2856"}],"wp:attachment":[{"href":"https:\/\/tanisesabino.com.br\/vereadora\/wp-json\/wp\/v2\/media?parent=2863"}],"curies":[{"name":"wp","href":"https:\/\/api.w.org\/{rel}","templated":true}]}}